{"id":71253,"date":"2025-11-02T13:26:46","date_gmt":"2025-11-02T12:26:46","guid":{"rendered":"https:\/\/royalcasinocompany.nl\/?page_id=71253"},"modified":"2026-01-15T23:15:50","modified_gmt":"2026-01-15T22:15:50","slug":"magazijn-afsluiten","status":"publish","type":"page","link":"https:\/\/royalcasinocompany.nl\/fr\/personeel\/magazijn-afsluiten\/","title":{"rendered":"Fermer l'entrep\u00f4t"},"content":{"rendered":"<div class=\"wpb-content-wrapper\"><div data-parent=\"true\" class=\"vc_row row-container boomapps_vcrow\" id=\"row-unique-0\"><div class=\"row limit-width row-parent\"><div class=\"wpb_row row-inner\"><div class=\"wpb_column pos-top pos-center align_left column_parent col-lg-12 boomapps_vccolumn single-internal-gutter\"><div class=\"uncol style-dark\"  ><div class=\"uncoltable\"><div class=\"uncell  boomapps_vccolumn no-block-padding\" ><div class=\"uncont\" ><div class=\"vc_row row-internal row-container boomapps_vcrow\"><div class=\"row row-child\"><div class=\"wpb_row row-inner\"><div class=\"wpb_column pos-top pos-center align_left column_child col-lg-12 boomapps_vccolumn single-internal-gutter\"><div class=\"uncol style-dark\" ><div class=\"uncoltable\"><div class=\"uncell  boomapps_vccolumn no-block-padding\" ><div class=\"uncont\" ><div class=\"vc_custom_heading_wrap\"><div class=\"heading-text el-text\" ><\/p>\n<h1>Fermer l'entrep\u00f4t<\/h1>\n<p>\n<hr class=\"separator-break separator-accent\" \/><\/div><div class=\"clear\"><\/div><\/div><div class=\"empty-space empty-single\" ><span class=\"empty-space-inner\"><\/span><\/div>\n<div class=\"uncode_text_column\" ><\/p>\n<div class=\"rcc-portal\">\n<p>Les <strong>Entrep\u00f4t \"Be Our Guest\" (Soyez notre invit\u00e9)<\/strong>\u00a0est la base de toutes nos missions.<br \/>\nIci se trouvent toutes nos tables de casino, le mat\u00e9riel, la d\u00e9coration et les v\u00eatements, tout ce dont nous avons besoin pour r\u00e9aliser nos \u00e9v\u00e9nements \u00e0 la perfection.<br \/>\nIl est donc essentiel que l'entrep\u00f4t <strong>est toujours soigneusement et solidement ferm\u00e9<\/strong>.<\/p>\n<p>Celui qui quitte l'entrep\u00f4t en dernier a le <strong>pleine responsabilit\u00e9<\/strong> pour v\u00e9rifier que tout a \u00e9t\u00e9 laiss\u00e9 en s\u00e9curit\u00e9 et correctement verrouill\u00e9.<br \/>\nUne porte, une lumi\u00e8re ou une cl\u00e9 oubli\u00e9e peut avoir des cons\u00e9quences importantes pour la s\u00e9curit\u00e9, l'assurance et la continuit\u00e9 de nos activit\u00e9s.<\/p>\n<p>-<\/p>\n<h3>\ud83d\udd11 Proc\u00e9dure d'arr\u00eat \u00e9tape par \u00e9tape<\/h3>\n<p>Veuillez suivre attentivement les \u00e9tapes ci-dessous. C'est la seule fa\u00e7on de s'assurer que tout est laiss\u00e9 en toute s\u00e9curit\u00e9, proprement et professionnellement :<\/p>\n<ol>\n<li>\ud83e\uddf9 <strong>Nettoyez tout.<\/strong><br \/>\nLes tables, le mat\u00e9riel, les chaises, les chariots et les d\u00e9corations doivent \u00eatre remis \u00e0 leur place.<br \/>\nRien ne doit tra\u00eener, un entrep\u00f4t bien rang\u00e9 est un signe de professionnalisme.<\/li>\n<li>\ud83e\uddf4 <strong>V\u00e9rifier qu'il n'y a pas de salet\u00e9s ou de d\u00e9bris.<\/strong><br \/>\nJeter les d\u00e9chets dans les poubelles appropri\u00e9es et v\u00e9rifier que le lieu de travail est laiss\u00e9 propre.<\/li>\n<li>\ud83d\udca1 <strong>V\u00e9rifier l'\u00e9clairage.<\/strong><br \/>\nNe laissez allum\u00e9es que les lumi\u00e8res n\u00e9cessaires \u00e0 la s\u00e9curit\u00e9 (le cas \u00e9ch\u00e9ant).<br \/>\nToutes les autres lumi\u00e8res doivent \u00eatre \u00e9teintes.<\/li>\n<li>\ud83d\udeaa <strong>Fermer toutes les portes.<\/strong><br \/>\nV\u00e9rifiez la porte lat\u00e9rale, la porte \u00e0 enroulement, tirez toujours la porte pour vous assurer qu'elle est bien verrouill\u00e9e.<\/li>\n<li>\ud83d\udd12 <strong>Verrouiller correctement la porte roulante.<\/strong><br \/>\nVous pouvez ouvrir et fermer la porte \u00e0 l'aide du panneau de commande situ\u00e9 \u00e0 droite de la porte roulante. Veillez toujours \u00e0 ce que la porte roulante soit compl\u00e8tement ferm\u00e9e lorsque vous quittez l'abri.<\/li>\n<li>\ud83d\udce6 <strong>Les cl\u00e9s du bus.<\/strong><br \/>\nLes cl\u00e9s des bo\u00eetes doivent toujours \u00eatre remises dans le bac \u00e0 cl\u00e9s noir pr\u00e9vu \u00e0 cet effet dans l'entrep\u00f4t.<br \/>\nAttention : n'emportez jamais les cl\u00e9s chez vous.<\/li>\n<li>\ud83d\udce6 <strong>Cl\u00e9 de la bo\u00eete \u00e0 cl\u00e9s<br \/>\n<\/strong>En quittant l'entrep\u00f4t, v\u00e9rifiez que la cl\u00e9 a bien \u00e9t\u00e9 remise dans la bo\u00eete \u00e0 cl\u00e9s et que celle-ci est bien ferm\u00e9e.<br \/>\nEnsuite, tournez le code num\u00e9rique pendant un certain temps afin que la bo\u00eete ne reste pas sur le code correct.<\/li>\n<li>\ud83d\udea8 <strong>V\u00e9rifier l'alarme.<\/strong><br \/>\nAssurez-vous qu'il n'y a plus personne \u00e0 l'int\u00e9rieur. Activez ensuite le syst\u00e8me d'alarme (suivez les instructions du code).<br \/>\nAttendez d'entendre le son de confirmation avant de partir.<\/li>\n<li>\ud83d\ude97 <strong>V\u00e9rifier le terrain.<\/strong><br \/>\nLorsque vous partez, v\u00e9rifiez qu'aucune porte n'est ouverte, qu'aucune lumi\u00e8re n'est allum\u00e9e et qu'aucun objet n'a \u00e9t\u00e9 laiss\u00e9 \u00e0 l'ext\u00e9rieur.<\/li>\n<\/ol>\n<p>-<\/p>\n<h3>\ud83d\udc65 Responsabilit\u00e9<\/h3>\n<p>Le <strong>ex\u00e9cutif<\/strong> de la derni\u00e8re commande est en principe responsable de la fermeture de l'entrep\u00f4t, sauf accord contraire.<br \/>\nLorsque plusieurs coll\u00e8gues sont pr\u00e9sents, il est important que cette <strong>est clairement align\u00e9<\/strong> avant que quiconque ne parte.<\/p>\n<ul class=\"rcc-bullets\">\n<li>Ne partez jamais sans savoir qui ferme.<\/li>\n<li>V\u00e9rifier ensemble les points finaux : deux yeux en voient plus d'un.<\/li>\n<li>La personne qui verrouille est responsable de l'alarme et de la fermeture des portes et des cl\u00e9s.<\/li>\n<\/ul>\n<p>-<\/p>\n<h3>\u26a0\ufe0f Ce qui peut mal tourner (et pourquoi c'est important)<\/h3>\n<p>Une porte non verrouill\u00e9e, une cl\u00e9 oubli\u00e9e peuvent avoir des cons\u00e9quences importantes :<\/p>\n<ul class=\"rcc-bullets\">\n<li>\ud83d\udcb8 Les dommages caus\u00e9s par un cambriolage ou un vol ne sont pas toujours couverts par l'assurance.<\/li>\n<li>\u2699\ufe0f Les mat\u00e9riaux peuvent \u00eatre endommag\u00e9s par l'humidit\u00e9, le froid ou un acc\u00e8s non d\u00e9sir\u00e9.<\/li>\n<li>\ud83d\udea8 Une alarme oubli\u00e9e ou une porte ouverte peut entra\u00eener un appel \u00e0 la police ou \u00e0 la salle de contr\u00f4le, avec des co\u00fbts suppl\u00e9mentaires pour l'entreprise.<\/li>\n<\/ul>\n<p>Par cons\u00e9quent, nous abordons cette question <strong>tr\u00e8s s\u00e9rieusement<\/strong>.<br \/>\nNous sommes convaincus que chacun agira avec prudence et responsabilit\u00e9 lors de la fermeture de l'entrep\u00f4t.<\/p>\n<p>-<\/p>\n<\/div>\n<div class=\"rcc-portal\">\n<h3>Derni\u00e8re v\u00e9rification avant le d\u00e9part<\/h3>\n<div class=\"rcc-grid\">\n<div class=\"rcc-card\">\n<h4><span class=\"rcc-emoji\">\ud83e\uddf9<\/span> R\u00e9solu<\/h4>\n<p>Tout est bien en place, rien ne tra\u00eene.<\/p>\n<\/div>\n<div class=\"rcc-card\">\n<h4><span class=\"rcc-emoji\">\ud83d\udca1<\/span> \u00c9clairage \u00e9teint<\/h4>\n<p>Toutes les lumi\u00e8res et tous les appareils sont \u00e9teints (sauf les lampes de s\u00e9curit\u00e9).<\/p>\n<\/div>\n<div class=\"rcc-card\">\n<h4><span class=\"rcc-emoji\">\ud83d\udeaa<\/span> Portes ferm\u00e9es<\/h4>\n<p>Toutes les portes ont \u00e9t\u00e9 v\u00e9rifi\u00e9es et correctement verrouill\u00e9es.<\/p>\n<\/div>\n<div class=\"rcc-card\">\n<h4><span class=\"rcc-emoji\">\ud83d\udd11<\/span> Cl\u00e9s rang\u00e9es<\/h4>\n<p>Les cl\u00e9s sont en s\u00e9curit\u00e9 dans le plateau et la bo\u00eete \u00e0 cl\u00e9s.<\/p>\n<\/div>\n<div class=\"rcc-card\">\n<h4><span class=\"rcc-emoji\">\ud83d\udea8<\/span> Alarme activ\u00e9e<\/h4>\n<p>Alarme activ\u00e9e et confirm\u00e9e par un bip.<\/p>\n<p>-<\/p>\n<\/div>\n<\/div>\n<h3>R\u00e9sum\u00e9<\/h3>\n<p>La fermeture de l'entrep\u00f4t est une <strong>t\u00e2che finale importante<\/strong> dont nous sommes tous responsables.<br \/>\nIl montre que nous travaillons de mani\u00e8re professionnelle, prudente et fiable, exactement comme nous le faisons sur le terrain.<\/p>\n<p><strong>V\u00e9rifiez toujours, rev\u00e9rifiez et ne partez que lorsque tout est 100% en ordre.<\/strong><br \/>\nEnsemble, c'est ainsi que nous assurons la s\u00e9curit\u00e9 de nos \u00e9quipements, de nos locaux et de notre confiance. \ud83d\udd12\u2728<\/p>\n<\/div>\n<p>\n<\/div><div class=\"divider-wrapper\"  >\n    <hr class=\"border-accent-color separator-no-padding\"  \/>\n<\/div>\n<\/div><\/div><\/div><\/div><\/div><\/div><\/div><\/div><\/div><\/div><\/div><\/div><\/div><script id=\"script-row-unique-0\" data-row=\"script-row-unique-0\" type=\"text\/javascript\" class=\"vc_controls\">UNCODE.initRow(document.getElementById(\"row-unique-0\"));<\/script><\/div><\/div><\/div>\n<\/div>","protected":false},"excerpt":{"rendered":"Magazijn afsluiten Het magazijn van Be Our Guest\u00a0is de basis van al onze opdrachten. Hier liggen al onze casinotafels, materialen, [...]","protected":false},"author":1,"featured_media":0,"parent":71016,"menu_order":0,"comment_status":"closed","ping_status":"closed","template":"","meta":{"footnotes":""},"class_list":["post-71253","page","type-page","status-publish","hentry","page_category-personeel-portaal"],"_links":{"self":[{"href":"https:\/\/royalcasinocompany.nl\/fr\/wp-json\/wp\/v2\/pages\/71253","targetHints":{"allow":["GET"]}}],"collection":[{"href":"https:\/\/royalcasinocompany.nl\/fr\/wp-json\/wp\/v2\/pages"}],"about":[{"href":"https:\/\/royalcasinocompany.nl\/fr\/wp-json\/wp\/v2\/types\/page"}],"author":[{"embeddable":true,"href":"https:\/\/royalcasinocompany.nl\/fr\/wp-json\/wp\/v2\/users\/1"}],"replies":[{"embeddable":true,"href":"https:\/\/royalcasinocompany.nl\/fr\/wp-json\/wp\/v2\/comments?post=71253"}],"version-history":[{"count":8,"href":"https:\/\/royalcasinocompany.nl\/fr\/wp-json\/wp\/v2\/pages\/71253\/revisions"}],"predecessor-version":[{"id":71941,"href":"https:\/\/royalcasinocompany.nl\/fr\/wp-json\/wp\/v2\/pages\/71253\/revisions\/71941"}],"up":[{"embeddable":true,"href":"https:\/\/royalcasinocompany.nl\/fr\/wp-json\/wp\/v2\/pages\/71016"}],"wp:attachment":[{"href":"https:\/\/royalcasinocompany.nl\/fr\/wp-json\/wp\/v2\/media?parent=71253"}],"curies":[{"name":"wp","href":"https:\/\/api.w.org\/{rel}","templated":true}]}}