{"id":71259,"date":"2025-11-02T13:30:54","date_gmt":"2025-11-02T12:30:54","guid":{"rendered":"https:\/\/royalcasinocompany.nl\/?page_id=71259"},"modified":"2026-01-15T23:03:10","modified_gmt":"2026-01-15T22:03:10","slug":"huurbus","status":"publish","type":"page","link":"https:\/\/royalcasinocompany.nl\/fr\/personeel\/huurbus\/","title":{"rendered":"Bus de location"},"content":{"rendered":"<div class=\"wpb-content-wrapper\"><div data-parent=\"true\" class=\"vc_row row-container boomapps_vcrow\" id=\"row-unique-0\"><div class=\"row limit-width row-parent\"><div class=\"wpb_row row-inner\"><div class=\"wpb_column pos-top pos-center align_left column_parent col-lg-12 boomapps_vccolumn single-internal-gutter\"><div class=\"uncol style-dark\"  ><div class=\"uncoltable\"><div class=\"uncell  boomapps_vccolumn no-block-padding\" ><div class=\"uncont\" ><div class=\"vc_row row-internal row-container boomapps_vcrow\"><div class=\"row row-child\"><div class=\"wpb_row row-inner\"><div class=\"wpb_column pos-top pos-center align_left column_child col-lg-12 boomapps_vccolumn single-internal-gutter\"><div class=\"uncol style-dark\" ><div class=\"uncoltable\"><div class=\"uncell  boomapps_vccolumn no-block-padding\" ><div class=\"uncont\" ><div class=\"vc_custom_heading_wrap\"><div class=\"heading-text el-text\" ><\/p>\n<h1>\ud83d\ude90 Bus de location<\/h1>\n<p>\n<hr class=\"separator-break separator-accent\" \/><\/div><div class=\"clear\"><\/div><\/div><div class=\"empty-space empty-single\" ><span class=\"empty-space-inner\"><\/span><\/div>\n<div class=\"uncode_text_column\" ><p>Lorsque nos propres bus de transport sont d\u00e9j\u00e0 programm\u00e9s, nous utilisons une <strong>bus de location de Jansen &amp; Van Kouwen<\/strong> A Huizen.<br \/>\nNous n'utilisons ces bus que comme solution d'urgence les jours de forte affluence ou lors d'\u00e9v\u00e9nements simultan\u00e9s.<br \/>\nIl est important que tout le monde sache comment cela fonctionne et ce que l'on attend de vous lorsque vous utilisez un bus de location.<\/p>\n<p>-<\/p>\n<h3>\ud83d\udccd O\u00f9 trouver le bus de location ?<\/h3>\n<ul>\n<li>Dans la plupart des cas, le bus de location est d\u00e9j\u00e0 pris en charge par un coll\u00e8gue du bureau.<\/li>\n<li>Le bus s'arr\u00eate alors <strong>pr\u00eat sur le parking de l'entrep\u00f4t<\/strong> ou sur la rue Ambachtsweg.<\/li>\n<li>La cl\u00e9 de l'autobus de location se trouve dans le <strong>bac \u00e0 cl\u00e9s<\/strong>\u00a0dans l'entrep\u00f4t.<br \/>\nEn cas de doute, consultez le superviseur ou l'application du groupe pour v\u00e9rifier quel bus est le v\u00f4tre. Dans la plupart des cas, vous pouvez facilement le trouver sur la feuille d'appel.<\/li>\n<\/ul>\n<p>-<\/p>\n<h3>\ud83e\ude99 Carburant et conduite<\/h3>\n<ul>\n<li>Tous les bus de location fonctionnent sur <strong>diesel<\/strong>. (Tous nos bus fonctionnent \u00e9galement au diesel !)<\/li>\n<li>Utilisez toujours le <strong>carte carburant de Be Our Guest Events<\/strong> pour le ravitailler se trouve le plateau pr\u00e9vu \u00e0 cet effet dans l'entrep\u00f4t.<\/li>\n<li>Vous faites toujours le plein <strong>avant de renvoyer<\/strong> de l'autobus de location (voir ci-dessous).<\/li>\n<li>Conduisez calmement et de mani\u00e8re responsable. Il ne s'agit pas de votre propre v\u00e9hicule, mais d'un v\u00e9hicule commercial lou\u00e9.<\/li>\n<li>V\u00e9rifier avant le d\u00e9part : <strong>dommages, \u00e9clairage, r\u00e9troviseurs et niveau de carburant<\/strong>. Vous voyez quelque chose de suspect ou vous avez des questions ? Mettez-le dans l'application de groupe correspondante de votre mission.<\/li>\n<\/ul>\n<p>-<\/p>\n<h3>\ud83d\ude9b Chargement et d\u00e9chargement du bus de location<\/h3>\n<p>Le chargement et le d\u00e9chargement d'un bus de location s'effectuent exactement de la m\u00eame mani\u00e8re que pour nos propres bus de transport.<\/p>\n<ul>\n<li>Utilisation <strong>couvertures, mousses et sangles<\/strong> pour \u00e9viter tout dommage.<\/li>\n<li>Assurez-vous que tout est s\u00e9curis\u00e9 et prot\u00e9g\u00e9 pendant la conduite.<\/li>\n<li>Utiliser le <strong>liste de contr\u00f4le sur la feuille d'appel<\/strong> pour v\u00e9rifier que tout a \u00e9t\u00e9 charg\u00e9.<\/li>\n<li>Lors du retour \u00e0 l'entrep\u00f4t, les m\u00eames r\u00e8gles s'appliquent pour <strong>le d\u00e9chargement, le nettoyage et le contr\u00f4le<\/strong>.<\/li>\n<\/ul>\n<p>-<\/p>\n<h3>\u26fd Ravitaillement des bus (obligatoire !)<\/h3>\n<p>Avant de rendre l'autobus de location, il faut toujours <strong>ravitaill\u00e9<\/strong> avec notre carte bancaire d'entreprise.<br \/>\nIl s'agit d'une condition difficile \u00e0 remplir pour le propri\u00e9taire et pour notre entreprise.<\/p>\n<ul>\n<li>Faire le plein de diesel \u00e0 la station-service la plus proche (utiliser la carte de carburant).<\/li>\n<li>Ne jetez pas les re\u00e7us - laissez le re\u00e7u de ravitaillement dans le dossier de la feuille d'appel.<\/li>\n<li><strong>Vous avez oubli\u00e9 de faire le plein du bus ?<\/strong> Dans ce cas, Royal Casino Company se verra infliger une amende de 15 euros hors TVA.<br \/>\nCette amende sera <strong>charg\u00e9 de l'\u00e9quipe<\/strong> qui \u00e9tait responsable du bus.<\/li>\n<\/ul>\n<p>-<\/p>\n<h3>\ud83d\udd11 D\u00e9pose du bus \u00e0 Jansen &amp; Van Kouwen<\/h3>\n<p>Une fois la mission termin\u00e9e, l'autobus de location doit \u00eatre restitu\u00e9 le soir m\u00eame (sauf accord contraire avec vous ou indiqu\u00e9 sur la feuille d'appel). <strong>Retour \u00e0 Jansen &amp; Van Kouwen Car Rental<\/strong>\u00a0A Huizen.<\/p>\n<ul>\n<li>Adresse : <strong>Ambachtsweg 52, Huizen<\/strong> (\u00e0 c\u00f4t\u00e9 de la station-service Esso).<\/li>\n<li>Garer le bus proprement dans n'importe quel parking<strong>\u00a0de la soci\u00e9t\u00e9 de location<\/strong>.<\/li>\n<li>V\u00e9rifier que tous les effets personnels, le mat\u00e9riel et les sacs ont \u00e9t\u00e9 retir\u00e9s du bus.<\/li>\n<li>Ne laissez pas de d\u00e9chets, de tasses \u00e0 caf\u00e9 ou de mat\u00e9riel derri\u00e8re le bus, qui doit \u00eatre rendu propre.<\/li>\n<li>\ud83d\udcf8 En cas de doute, prenez une photo du bus gar\u00e9 comme preuve de son retour correct.<\/li>\n<\/ul>\n<p>-<\/p>\n<h3>\ud83d\udcee Retour de touche<\/h3>\n<p>La cl\u00e9 doit \u00eatre remise imm\u00e9diatement par l'interm\u00e9diaire du <strong>coffre \u00e0 cl\u00e9s de Jansen &amp; Van Kouwen car rental<\/strong> (voir l'image ci-dessous avec la fl\u00e8che rouge).<\/p>\n<ul>\n<li>Placez la cl\u00e9 dans la fente pr\u00e9vue \u00e0 cet effet dans le coffre-fort.<\/li>\n<li>Une fois remise, la cl\u00e9 peut <strong>ne peut \u00eatre r\u00e9cup\u00e9r\u00e9<\/strong>.<\/li>\n<li>V\u00e9rifiez donc <strong>toujours \u00e0 l'avance<\/strong> Que vous n'ayez plus rien oubli\u00e9 dans le bus !<\/li>\n<li>Apr\u00e8s la remise des documents, le rapport se trouve dans l'espace <strong>application de groupe<\/strong>:<br \/>\n\u201cRetour du bus de location, ravitaillement en carburant et remise des cl\u00e9s \u00e0 Jansen &amp; Van Kouwen.\u201d<\/li>\n<\/ul>\n<p>-<\/p>\n<h3>\u26a0\ufe0f Points d'int\u00e9r\u00eat importants<\/h3>\n<ul>\n<li>\ud83e\udde0 Pensez \u00e0 l'avance - n'oubliez pas de faire le plein avant de vous rendre chez le loueur.<\/li>\n<li>\ud83d\udd0d V\u00e9rifiez toujours que le bus est compl\u00e8tement vide (y compris le tableau de bord, les pochettes de porte, l'espace de chargement).<\/li>\n<li>\ud83d\udeab Ne laissez pas de compagnie ou d'effets personnels derri\u00e8re vous, le bus reviendra imm\u00e9diatement.<\/li>\n<li>\ud83d\udcb8 Vous oubliez de faire le plein ou vous laissez le bus sale ? Dans ce cas, les frais suppl\u00e9mentaires seront factur\u00e9s \u00e0 votre \u00e9quipe.<\/li>\n<\/ul>\n<p>-<\/p>\n<h3>\u2705 Bus de location - v\u00e9rification rapide<\/h3>\n<ul>\n<li>\ud83d\ude90 Bus de location trouv\u00e9 et v\u00e9rifi\u00e9 (pr\u00e8s d'un entrep\u00f4t ou dans la rue)<\/li>\n<li>\ud83d\udd11 Cl\u00e9 prise dans le tiroir \u00e0 cl\u00e9s<\/li>\n<li>\ud83d\udce6 Mat\u00e9riaux charg\u00e9s en toute s\u00e9curit\u00e9 (selon la liste de contr\u00f4le)<\/li>\n<li>\u26fd Ravitaillement complet par la suite avec la carte carburant<\/li>\n<li>\ud83d\udccd Bus retourn\u00e9 \u00e0 Jansen &amp; Van Kouwen car rental<\/li>\n<li>\ud83d\udcee Remise de la cl\u00e9 par le biais du coffre-fort (voir photo)<\/li>\n<li>\ud83e\uddfe Fine \u00e9vit\u00e9e \u2714\ufe0f<\/li>\n<li>\ud83d\udcf1 Message envoy\u00e9 dans l'application du groupe : \u201cLe bus de location a fait le plein et est rentr\u00e9\u201d.\u201d<\/li>\n<\/ul>\n<p>-<\/p>\n<p><strong>Remarque :<\/strong> Si vous oubliez de faire le plein du bus ou de sortir des affaires, c'est votre responsabilit\u00e9.<br \/>\nNous comptons sur le professionnalisme de chacun pour s'assurer que vous l'ex\u00e9cutez soigneusement et compl\u00e8tement, comme indiqu\u00e9 sur la liste de contr\u00f4le.<br \/>\nC'est ainsi que tout reste ordonn\u00e9, fiable et professionnel chez Royal Casino Company. \ud83d\udcaa\u2728<\/p>\n<p>Remettez toujours la cl\u00e9 \u00e0 l'autobus de location dans le coffre \u00e0 cl\u00e9s sp\u00e9cial de Jansen van Kouwen Car Rental.<br \/>\nLe coffre-fort est accroch\u00e9 au mur \u00e0 c\u00f4t\u00e9 de la cl\u00f4ture (voir le cercle rouge sur la photo).<\/p>\n<p>-<\/p>\n<p><strong>Comment cela fonctionne-t-il ?<\/strong><br \/>\nTourner le m\u00e9canisme de rotation m\u00e9tallique jusqu'\u00e0 ce que l'ouverture devienne visible.<br \/>\nIns\u00e9rer la cl\u00e9 dans l'ouverture et rel\u00e2cher le m\u00e9canisme de rotation.<br \/>\nLa cl\u00e9 tombe alors automatiquement dans le coffre-fort.<br \/>\nV\u00e9rifiez toujours si la cl\u00e9 est effectivement tomb\u00e9e afin de vous assurer qu'elle est conserv\u00e9e en toute s\u00e9curit\u00e9.<\/p>\n<p><img decoding=\"async\" class=\"alignnone wp-image-71521\" src=\"https:\/\/royalcasinocompany.nl\/wp-content\/uploads\/2025\/11\/Schermafbeelding-2025-11-19-122544-300x156.png\" alt=\"- Royal Casino Company\" width=\"775\" height=\"403\" srcset=\"https:\/\/royalcasinocompany.nl\/wp-content\/uploads\/2025\/11\/Schermafbeelding-2025-11-19-122544-300x156.png 300w, https:\/\/royalcasinocompany.nl\/wp-content\/uploads\/2025\/11\/Schermafbeelding-2025-11-19-122544-1024x532.png 1024w, https:\/\/royalcasinocompany.nl\/wp-content\/uploads\/2025\/11\/Schermafbeelding-2025-11-19-122544-768x399.png 768w, https:\/\/royalcasinocompany.nl\/wp-content\/uploads\/2025\/11\/Schermafbeelding-2025-11-19-122544-18x9.png 18w, https:\/\/royalcasinocompany.nl\/wp-content\/uploads\/2025\/11\/Schermafbeelding-2025-11-19-122544-350x182.png 350w, https:\/\/royalcasinocompany.nl\/wp-content\/uploads\/2025\/11\/Schermafbeelding-2025-11-19-122544.png 1127w\" sizes=\"(max-width: 775px) 100vw, 775px\" title=\"\"><\/p>\n<\/div><div class=\"divider-wrapper\"  >\n    <hr class=\"border-accent-color separator-no-padding\"  \/>\n<\/div>\n<\/div><\/div><\/div><\/div><\/div><\/div><\/div><\/div><\/div><\/div><\/div><\/div><\/div><script id=\"script-row-unique-0\" data-row=\"script-row-unique-0\" type=\"text\/javascript\" class=\"vc_controls\">UNCODE.initRow(document.getElementById(\"row-unique-0\"));<\/script><\/div><\/div><\/div>\n<\/div>","protected":false},"excerpt":{"rendered":"\ud83d\ude90 Huurbus Wanneer onze eigen transportbussen al zijn ingepland, maken we gebruik van een huurbus van Jansen &amp; Van Kouwen [...]","protected":false},"author":1,"featured_media":0,"parent":71016,"menu_order":0,"comment_status":"closed","ping_status":"closed","template":"","meta":{"footnotes":""},"class_list":["post-71259","page","type-page","status-publish","hentry","page_category-personeel-portaal"],"_links":{"self":[{"href":"https:\/\/royalcasinocompany.nl\/fr\/wp-json\/wp\/v2\/pages\/71259","targetHints":{"allow":["GET"]}}],"collection":[{"href":"https:\/\/royalcasinocompany.nl\/fr\/wp-json\/wp\/v2\/pages"}],"about":[{"href":"https:\/\/royalcasinocompany.nl\/fr\/wp-json\/wp\/v2\/types\/page"}],"author":[{"embeddable":true,"href":"https:\/\/royalcasinocompany.nl\/fr\/wp-json\/wp\/v2\/users\/1"}],"replies":[{"embeddable":true,"href":"https:\/\/royalcasinocompany.nl\/fr\/wp-json\/wp\/v2\/comments?post=71259"}],"version-history":[{"count":10,"href":"https:\/\/royalcasinocompany.nl\/fr\/wp-json\/wp\/v2\/pages\/71259\/revisions"}],"predecessor-version":[{"id":71935,"href":"https:\/\/royalcasinocompany.nl\/fr\/wp-json\/wp\/v2\/pages\/71259\/revisions\/71935"}],"up":[{"embeddable":true,"href":"https:\/\/royalcasinocompany.nl\/fr\/wp-json\/wp\/v2\/pages\/71016"}],"wp:attachment":[{"href":"https:\/\/royalcasinocompany.nl\/fr\/wp-json\/wp\/v2\/media?parent=71259"}],"curies":[{"name":"wp","href":"https:\/\/api.w.org\/{rel}","templated":true}]}}