{"id":71262,"date":"2025-11-02T13:32:03","date_gmt":"2025-11-02T12:32:03","guid":{"rendered":"https:\/\/royalcasinocompany.nl\/?page_id=71262"},"modified":"2026-01-16T10:49:59","modified_gmt":"2026-01-16T09:49:59","slug":"tanken","status":"publish","type":"page","link":"https:\/\/royalcasinocompany.nl\/fr\/personeel\/tanken\/","title":{"rendered":"Alimentation"},"content":{"rendered":"<div class=\"wpb-content-wrapper\"><div data-parent=\"true\" class=\"vc_row row-container boomapps_vcrow\" id=\"row-unique-0\"><div class=\"row limit-width row-parent\"><div class=\"wpb_row row-inner\"><div class=\"wpb_column pos-top pos-center align_left column_parent col-lg-12 boomapps_vccolumn single-internal-gutter\"><div class=\"uncol style-dark\"  ><div class=\"uncoltable\"><div class=\"uncell  boomapps_vccolumn no-block-padding\" ><div class=\"uncont\" ><div class=\"vc_row row-internal row-container boomapps_vcrow\"><div class=\"row row-child\"><div class=\"wpb_row row-inner\"><div class=\"wpb_column pos-top pos-center align_left column_child col-lg-12 boomapps_vccolumn single-internal-gutter\"><div class=\"uncol style-dark\" ><div class=\"uncoltable\"><div class=\"uncell  boomapps_vccolumn no-block-padding\" ><div class=\"uncont\" ><div class=\"vc_custom_heading_wrap\"><div class=\"heading-text el-text\" ><\/p>\n<h1>\u26fd Ravitaillement en carburant<\/h1>\n<p>\n<hr class=\"separator-break separator-accent\" \/><\/div><div class=\"clear\"><\/div><\/div><div class=\"empty-space empty-single\" ><span class=\"empty-space-inner\"><\/span><\/div>\n<div class=\"uncode_text_column\" ><p>Au <strong>\u00c9v\u00e9nements Be Our Guest<\/strong> Nous travaillons avec des bus de transport professionnels qui sont tous \u00e0 l'heure. <strong>DIESEL<\/strong> conduire.<br \/>\nIl est donc extr\u00eamement important que vous fassiez toujours tr\u00e8s attention au type de carburant que vous utilisez lorsque vous faites le plein.<br \/>\nUne petite erreur d'essence au lieu de diesel peut avoir des cons\u00e9quences importantes pour le bus, l'horaire et votre portefeuille.<\/p>\n<p>-<\/p>\n<h3>\u2699\ufe0f Informations sur les carburants<\/h3>\n<ul>\n<li>\ud83d\udee2\ufe0f <strong>Carburant :<\/strong> toujours <strong>DIESEL<\/strong><\/li>\n<li>\ud83d\udeaa Lors de l'ouverture du couvercle du r\u00e9servoir, il est \u00e9galement clairement indiqu\u00e9 : <strong>Diesel<\/strong><\/li>\n<li>\ud83d\udccd La carte de carburant se trouve par d\u00e9faut dans le porte-cl\u00e9s pr\u00e9vu \u00e0 cet effet dans l'entrep\u00f4t.<\/li>\n<li>\ud83d\udcb3 La carte carburant fonctionne dans toutes les stations-service ordinaires aux Pays-Bas.<\/li>\n<\/ul>\n<p>-<\/p>\n<h3>\u26a0\ufe0f Faites attention lors du ravitaillement en carburant<\/h3>\n<p>Il est malheureusement arriv\u00e9 \u00e0 plusieurs reprises que des employ\u00e9s fassent accidentellement le plein d'essence.<br \/>\nLe bus ne parcourt alors g\u00e9n\u00e9ralement que quelques kilom\u00e8tres, puis se tait compl\u00e8tement.<br \/>\nCette erreur a des cons\u00e9quences importantes et co\u00fbte beaucoup de temps et d'argent.<br \/>\nVeillez donc \u00e0 toujours disposer d'un <strong>v\u00e9rifie ce qui est indiqu\u00e9 sur le pistolet de remplissage<\/strong> avant de faire le plein.<\/p>\n<ul>\n<li>\u2705 Le diesel est indiqu\u00e9 par un <strong>poign\u00e9e noire ou jaune<\/strong> et la lettre \u201cB7\u201d ou \u201cDiesel\u201d.<\/li>\n<li>\ud83d\udeab Les poign\u00e9es d'essence sont g\u00e9n\u00e9ralement <strong>vert<\/strong> - Il ne faut donc jamais les utiliser !<\/li>\n<\/ul>\n<p>-<\/p>\n<h3>\ud83c\udd98 Que faire en cas d'erreur de carburant ?<\/h3>\n<p>Vous avez accidentellement fait le plein d'essence au lieu de diesel ?<br \/>\nRestez calme et suivez les \u00e9tapes suivantes :<\/p>\n<ol>\n<li>\u26d4 <strong>Ne pas d\u00e9marrer le moteur !<\/strong> D\u00e8s que vous commencez, l'essence se r\u00e9pand dans tout le syst\u00e8me, ce qui augmente consid\u00e9rablement les d\u00e9g\u00e2ts.<\/li>\n<li>\ud83d\udcde <strong>Appeler directement l'ANWB<\/strong> - le num\u00e9ro d'urgence figure sur le <strong>Instruction ANWB<\/strong> dans la bo\u00eete \u00e0 gants (feuille A4 plastifi\u00e9e).<\/li>\n<li>\ud83d\udd52 ANWB vient g\u00e9n\u00e9ralement en <strong>30 \u00e0 90 minutes<\/strong>.<\/li>\n<li>\ud83d\udcb0 Le co\u00fbt de ce service d'assistance (environ 150 \u20ac) s'\u00e9l\u00e8ve \u00e0 <strong>pour le compte de la personne qui a fait une erreur de carburant<\/strong>.<\/li>\n<li>\u26fd L'ANWB pompera compl\u00e8tement le r\u00e9servoir, le carburant que vous venez de remplir est perdu et sera \u00e9galement factur\u00e9 \u00e0 la personne qui a commis l'erreur.<\/li>\n<\/ol>\n<p>-<\/p>\n<h3>\ud83d\ude9a Retard d\u00fb \u00e0 une erreur de carburant<\/h3>\n<ul>\n<li>\ud83d\udd52 Cette erreur provoque <strong>retard important<\/strong> souvent plus d'une heure et il est alors presque impossible d'arriver \u00e0 l'heure chez le client.<\/li>\n<li>\ud83d\udcde Is this happening <strong>sur le chemin d'une mission<\/strong>? Appeler <strong>imm\u00e9diatement Tim<\/strong> afin qu'il puisse \u00e9valuer si un autre bus doit \u00eatre utilis\u00e9 pour transf\u00e9rer le mat\u00e9riel et atteindre le client.<\/li>\n<li>\ud83c\udf19 Is this happening <strong>Sur le chemin du retour \u00e0 l'entrep\u00f4t<\/strong> (le soir ou la nuit) ? Dans ce cas, vous avez besoin de Tim ou de Talitha <strong>pas<\/strong> \u00e0 appeler.<br \/>\nAttendre tranquillement la fin de l'ANWB, puis retourner \u00e0 l'entrep\u00f4t. Ces heures perdues ne font pas partie des heures de travail et ne sont donc pas pay\u00e9es.<\/li>\n<\/ul>\n<p>-<\/p>\n<h3>\ud83d\udcb8 Co\u00fbts des erreurs de carburant<\/h3>\n<ul>\n<li>\ud83d\udd27 Co\u00fbt de l'assistance de l'ANWB (pompage du r\u00e9servoir) : <strong>\u00b1 \u20ac150<\/strong><\/li>\n<li>\u26fd Co\u00fbt de la perte de carburant : enti\u00e8rement \u00e0 la charge de la personne qui s'est tromp\u00e9e de carburant.<\/li>\n<li>\ud83d\udcc6 Tout dommage, retard ou kilom\u00e9trage suppl\u00e9mentaire d\u00fb au transfert sera \u00e9galement factur\u00e9.<\/li>\n<\/ul>\n<p>-<\/p>\n<h3>\ud83e\udde0 R\u00e9sum\u00e9 - votre liste de contr\u00f4le pour le ravitaillement en carburant<\/h3>\n<ul>\n<li>\ud83d\ude97 V\u00e9rifier avant de faire le plein : est-il indiqu\u00e9 <strong>Diesel<\/strong> sur le pistolet de remplissage ?<\/li>\n<li>\ud83d\udee2\ufe0f N'utilisez que les <strong>levier noir ou jaune<\/strong> (diesel, B7).<\/li>\n<li>\ud83d\udcb3 Payez avec la carte carburant Be Our Guest (jamais avec votre propre carte de d\u00e9bit).<\/li>\n<li>\ud83d\udccb Apr\u00e8s avoir fait le plein, v\u00e9rifiez que le bouchon de remplissage est correctement ferm\u00e9.<\/li>\n<\/ul>\n<p>-<\/p>\n<h3>\ud83d\udcc4 T\u00e9l\u00e9charger les instructions ANWB<\/h3>\n<p>L'int\u00e9gralit\u00e9 des <strong>Instruction ANWB<\/strong> (avec les num\u00e9ros de contact, les co\u00fbts et la marche \u00e0 suivre en cas de panne) se trouve dans la bo\u00eete \u00e0 gants de chaque bus.<br \/>\nVous pouvez t\u00e9l\u00e9charger la version num\u00e9rique ci-dessous pour vous y r\u00e9f\u00e9rer imm\u00e9diatement :<\/p>\n<p style=\"margin-top: 15px;\"><a style=\"display: inline-block; background-color: #c9a34a; color: #111; font-weight: bold; padding: 12px 24px; border-radius: 8px; text-decoration: none;\" href=\"\/wp-content\/uploads\/2025\/01\/ANWB-INSTRUCTIE.pdf\"><br \/>\n\ud83d\udce5 T\u00e9l\u00e9charger les instructions ANWB (PDF)<br \/>\n<\/a><\/p>\n<p>-<\/p>\n<h3>\ud83d\udea6 Important \u00e0 retenir<\/h3>\n<ul>\n<li>\ud83d\udd0d V\u00e9rifiez toujours le niveau de carburant avant d'ins\u00e9rer le tuyau dans le r\u00e9servoir.<\/li>\n<li>\ud83e\udde0 R\u00e9fl\u00e9chir calmement et se concentrer Le ravitaillement en carburant est une t\u00e2che simple, mais une erreur co\u00fbte cher.<\/li>\n<li>\ud83d\udcde En cas de doute ou de d\u00e9tresse : appelez toujours Tim ou Talitha pour une consultation.<\/li>\n<\/ul>\n<p>-<\/p>\n<p><strong>Attention au ravitaillement en carburant !<\/strong> Une seconde de contr\u00f4le suppl\u00e9mentaire permet d'\u00e9viter beaucoup de malheurs, de d\u00e9g\u00e2ts et de co\u00fbts.<br \/>\nNous comptons sur votre professionnalisme et votre sens des responsabilit\u00e9s. \ud83d\udcaa<\/p>\n<\/div><\/div><\/div><\/div><\/div><\/div><\/div><\/div><\/div><\/div><\/div><\/div><\/div><\/div><script id=\"script-row-unique-0\" data-row=\"script-row-unique-0\" type=\"text\/javascript\" class=\"vc_controls\">UNCODE.initRow(document.getElementById(\"row-unique-0\"));<\/script><\/div><\/div><\/div>\n<\/div>","protected":false},"excerpt":{"rendered":"\u26fd Tanken Bij Be Our Guest Events werken we met professionele transportbussen die allemaal op DIESEL rijden. Het is daarom [...]","protected":false},"author":1,"featured_media":0,"parent":71016,"menu_order":0,"comment_status":"closed","ping_status":"closed","template":"","meta":{"footnotes":""},"class_list":["post-71262","page","type-page","status-publish","hentry","page_category-personeel-portaal"],"_links":{"self":[{"href":"https:\/\/royalcasinocompany.nl\/fr\/wp-json\/wp\/v2\/pages\/71262","targetHints":{"allow":["GET"]}}],"collection":[{"href":"https:\/\/royalcasinocompany.nl\/fr\/wp-json\/wp\/v2\/pages"}],"about":[{"href":"https:\/\/royalcasinocompany.nl\/fr\/wp-json\/wp\/v2\/types\/page"}],"author":[{"embeddable":true,"href":"https:\/\/royalcasinocompany.nl\/fr\/wp-json\/wp\/v2\/users\/1"}],"replies":[{"embeddable":true,"href":"https:\/\/royalcasinocompany.nl\/fr\/wp-json\/wp\/v2\/comments?post=71262"}],"version-history":[{"count":5,"href":"https:\/\/royalcasinocompany.nl\/fr\/wp-json\/wp\/v2\/pages\/71262\/revisions"}],"predecessor-version":[{"id":71959,"href":"https:\/\/royalcasinocompany.nl\/fr\/wp-json\/wp\/v2\/pages\/71262\/revisions\/71959"}],"up":[{"embeddable":true,"href":"https:\/\/royalcasinocompany.nl\/fr\/wp-json\/wp\/v2\/pages\/71016"}],"wp:attachment":[{"href":"https:\/\/royalcasinocompany.nl\/fr\/wp-json\/wp\/v2\/media?parent=71262"}],"curies":[{"name":"wp","href":"https:\/\/api.w.org\/{rel}","templated":true}]}}