{"id":71264,"date":"2025-11-02T13:36:15","date_gmt":"2025-11-02T12:36:15","guid":{"rendered":"https:\/\/royalcasinocompany.nl\/?page_id=71264"},"modified":"2026-01-16T10:52:32","modified_gmt":"2026-01-16T09:52:32","slug":"teamdiscipline-en-consequenties","status":"publish","type":"page","link":"https:\/\/royalcasinocompany.nl\/fr\/personeel\/teamdiscipline-en-consequenties\/","title":{"rendered":"Discipline et cons\u00e9quences au sein de l'\u00e9quipe"},"content":{"rendered":"<div class=\"wpb-content-wrapper\"><div data-parent=\"true\" class=\"vc_row row-container boomapps_vcrow\" id=\"row-unique-0\"><div class=\"row limit-width row-parent\"><div class=\"wpb_row row-inner\"><div class=\"wpb_column pos-top pos-center align_left column_parent col-lg-12 boomapps_vccolumn single-internal-gutter\"><div class=\"uncol style-dark\"  ><div class=\"uncoltable\"><div class=\"uncell  boomapps_vccolumn no-block-padding\" ><div class=\"uncont\" ><div class=\"vc_row row-internal row-container boomapps_vcrow\"><div class=\"row row-child\"><div class=\"wpb_row row-inner\"><div class=\"wpb_column pos-top pos-center align_left column_child col-lg-12 boomapps_vccolumn single-internal-gutter\"><div class=\"uncol style-dark\" ><div class=\"uncoltable\"><div class=\"uncell  boomapps_vccolumn no-block-padding\" ><div class=\"uncont\" ><div class=\"vc_custom_heading_wrap\"><div class=\"heading-text el-text\" ><\/p>\n<h1>Discipline et cons\u00e9quences au sein de l'\u00e9quipe<\/h1>\n<p>\n<hr class=\"separator-break separator-accent\" \/><\/div><div class=\"clear\"><\/div><\/div><div class=\"empty-space empty-single\" ><span class=\"empty-space-inner\"><\/span><\/div>\n<div class=\"uncode_text_column\" ><\/p>\n<div class=\"rcc-portal\">\n<p>La discipline au sein de l'\u00e9quipe est essentielle pour travailler de mani\u00e8re professionnelle, fiable et fructueuse.<br \/>\nAu <strong>Royal Casino Company<\/strong> c'est tout <strong>qualit\u00e9, responsabilit\u00e9 et coop\u00e9ration<\/strong>.<br \/>\nNous voulons que chaque coll\u00e8gue comprenne que son comportement affecte directement l'exp\u00e9rience du client, l'atmosph\u00e8re au sein de l'\u00e9quipe et la confiance de nos clients.<\/p>\n<p>La discipline n'est pas une punition, mais une forme d'\u00e9ducation. <strong>comportement professionnel<\/strong>.<br \/>\nIl s'agit de respecter les accords, d'assumer les responsabilit\u00e9s et de se prendre au s\u00e9rieux, dans toutes les situations.<\/p>\n<p>-<\/p>\n<h3>Ce que nous attendons de vous<\/h3>\n<p>Une \u00e9quipe solide est compos\u00e9e de personnes qui se font confiance.<br \/>\nC'est pourquoi nous attendons de chacun qu'il adh\u00e8re \u00e0 nos r\u00e8gles de base et \u00e0 nos normes professionnelles :<\/p>\n<ul class=\"rcc-bullets\">\n<li>\u23f0 <strong>Toujours \u00e0 l'heure<\/strong> - arriver en retard signifie que les autres doivent attendre et que la pr\u00e9paration est compromise.<\/li>\n<li>\ud83d\udc55 <strong>Veillez \u00e0 \u00eatre pr\u00e9sentable<\/strong> - la tenue vestimentaire, la toilette et l'attitude d\u00e9terminent la premi\u00e8re impression du client.<\/li>\n<li>\ud83d\udcf1 <strong>N'utilisez votre t\u00e9l\u00e9phone que lorsque c'est autoris\u00e9<\/strong> - pendant les missions, restez concentr\u00e9 sur les invit\u00e9s et non sur votre \u00e9cran.<\/li>\n<li>\ud83e\udde0 <strong>Prendre des initiatives<\/strong> - Aider, anticiper et s'engager pour l'\u00e9quipe.<\/li>\n<li>\ud83d\udcac <strong>Communiquer ouvertement et honn\u00eatement<\/strong> - signaler imm\u00e9diatement les probl\u00e8mes ou les erreurs afin qu'ils puissent \u00eatre r\u00e9solus.<\/li>\n<li>\ud83e\udd1d <strong>Respecter ses coll\u00e8gues et ses sup\u00e9rieurs<\/strong> - nous travaillons ensemble pour atteindre un seul objectif : un \u00e9v\u00e9nement parfait.<\/li>\n<\/ul>\n<p>-<\/p>\n<h3>Ce que signifie la discipline dans la pratique<\/h3>\n<p>La discipline ne se limite pas \u00e0 arriver \u00e0 l'heure ou \u00e0 s'habiller proprement.<br \/>\nCela signifie que vous <strong>prend ses responsabilit\u00e9s<\/strong> pour votre travail et votre attitude - m\u00eame lorsque personne ne vous regarde.<\/p>\n<ul class=\"rcc-bullets\">\n<li>Vous vous pr\u00e9sentez pr\u00e9par\u00e9 et avec la bonne attitude pour chaque mission.<\/li>\n<li>Vous \u00e9coutez les instructions et suivez les directives du superviseur.<\/li>\n<li>Vous vous engagez pour l'\u00e9quipe et r\u00e9fl\u00e9chissez lorsque quelque chose ne va pas.<\/li>\n<li>Vous respectez les accords sur le temps de travail, le comportement, la communication et la repr\u00e9sentation.<\/li>\n<\/ul>\n<p>Une \u00e9quipe professionnelle se reconna\u00eet \u00e0 son calme, \u00e0 sa vision d'ensemble et \u00e0 son attitude positive, m\u00eame sous pression.<\/p>\n<p>-<\/p>\n<h3>Si les accords ne sont pas respect\u00e9s<\/h3>\n<p>Nous partons toujours du principe que tout le monde travaille avec la bonne intention.<br \/>\nN\u00e9anmoins, il est important d'\u00eatre clair sur les cons\u00e9quences du non-respect des r\u00e8gles ou des accords.<\/p>\n<ul class=\"rcc-bullets\">\n<li>\u26a0\ufe0f <strong>Avertissement :<\/strong> une premi\u00e8re infraction donne toujours lieu \u00e0 un entretien personnel ou \u00e0 un avertissement \u00e9crit. Nous examinons ce qui n'a pas fonctionn\u00e9 et comment cela peut \u00eatre am\u00e9lior\u00e9.<\/li>\n<li>\u26d4 <strong>Retard ou annulation sans raison valable :<\/strong> l'absence de signature ou la signature tardive peut affecter la planification future ou l'employabilit\u00e9.<\/li>\n<li>\ud83d\udcb8 <strong>Dommages mat\u00e9riels ou n\u00e9gligence :<\/strong> les dommages caus\u00e9s par un comportement n\u00e9gligent peuvent \u00eatre r\u00e9cup\u00e9r\u00e9s aupr\u00e8s de la personne responsable.<\/li>\n<li>\ud83d\udeab <strong>Absence \u00e0 un devoir sans annulation :<\/strong> cela conduit directement \u00e0 l'exclusion de toute coop\u00e9ration ult\u00e9rieure.<\/li>\n<\/ul>\n<p>-<\/p>\n<h3>Notre approche des violations<\/h3>\n<p>Nous travaillons avec un syst\u00e8me clair et \u00e9quitable.<br \/>\nChaque situation est \u00e9valu\u00e9e en fonction de l'intention, de la responsabilit\u00e9 et de la r\u00e9p\u00e9tition.<br \/>\nNous cherchons toujours \u00e0 am\u00e9liorer les choses, et non \u00e0 punir.<\/p>\n<div class=\"rcc-grid\">\n<div class=\"rcc-card\">\n<h4><span class=\"rcc-emoji\">\ud83d\udde3\ufe0f<\/span> 1. Conversation<\/h4>\n<p>En cas de premi\u00e8re infraction, un entretien personnel est organis\u00e9 pour discuter de la situation et comprendre ce qui s'est pass\u00e9.<\/p>\n<\/div>\n<div class=\"rcc-card\">\n<h4><span class=\"rcc-emoji\">\ud83d\udcdd<\/span> 2. Avertissement<\/h4>\n<p>Si le comportement se r\u00e9p\u00e8te, vous recevrez un avertissement officiel assorti d'accords d'am\u00e9lioration concrets.<\/p>\n<\/div>\n<div class=\"rcc-card\">\n<h4><span class=\"rcc-emoji\">\ud83d\udeab<\/span> 3. Suspension ou expulsion<\/h4>\n<p>Les infractions graves ou r\u00e9p\u00e9t\u00e9es peuvent entra\u00eener l'annulation (temporaire ou permanente) de vos missions.<\/p>\n<p>-<\/p>\n<\/div>\n<\/div>\n<h3>Ce que nous pensons \u00eatre important<\/h3>\n<p>Nous voulons une \u00e9quipe de <strong>fiable, professionnel et engag\u00e9<\/strong> les personnes.<br \/>\nDes personnes qui sont fi\u00e8res de leur travail, qui assument leurs responsabilit\u00e9s et qui comprennent que la discipline est la base de la libert\u00e9 et de la confiance.<br \/>\nMieux nous travaillons ensemble, plus nous laissons de place au plaisir, \u00e0 l'initiative et \u00e0 l'ind\u00e9pendance.<\/p>\n<p>-<\/p>\n<h3>Notre vision de la discipline<\/h3>\n<p>La discipline ne consiste pas \u00e0 \u00eatre strict, mais \u00e0 se soucier de la qualit\u00e9.<br \/>\nCela signifie que nous pouvons compter les uns sur les autres et que chaque coll\u00e8gue prend son r\u00f4le au s\u00e9rieux.<br \/>\nCela nous permet de travailler ensemble de mani\u00e8re professionnelle, d\u00e9tendue et agr\u00e9able.<\/p>\n<div class=\"rcc-grid\">\n<div class=\"rcc-card\">\n<h4><span class=\"rcc-emoji\">\ud83d\udcaa<\/span>Responsabilit\u00e9<\/h4>\n<p>Vous \u00eates responsable de votre comportement, de votre engagement et de votre attitude lors de chaque mission.<\/p>\n<\/div>\n<div class=\"rcc-card\">\n<h4><span class=\"rcc-emoji\">\ud83d\udcc5<\/span>Fiabilit\u00e9<\/h4>\n<p>Ceux qui respectent les accords construisent la confiance - avec leurs coll\u00e8gues, leurs sup\u00e9rieurs et leurs clients.<\/p>\n<\/div>\n<div class=\"rcc-card\">\n<h4><span class=\"rcc-emoji\">\ud83e\udded<\/span>Professionnalisme<\/h4>\n<p>Le comportement professionnel est ce qui nous distingue. Il montre que nous sommes fiers de notre travail et de notre nom.<\/p>\n<\/div>\n<div class=\"rcc-card\">\n<h4><span class=\"rcc-emoji\">\ud83d\udd25<\/span>Esprit d'\u00e9quipe<\/h4>\n<p>Nous travaillons comme un seul homme. Chacun contribue \u00e0 l'ambiance, au rythme et au succ\u00e8s de la soir\u00e9e.<\/p>\n<p>-<\/p>\n<\/div>\n<\/div>\n<h3>R\u00e9sum\u00e9<\/h3>\n<p>La discipline est l'\u00e9pine dorsale de notre \u00e9quipe.<br \/>\nSans structure, sans accords et sans responsabilit\u00e9s, il n'y a ni qualit\u00e9 ni plaisir.<br \/>\nC'est pourquoi nous attendons de chacun qu'il adopte une attitude professionnelle, dans le respect de ses coll\u00e8gues, de ses clients et de son mat\u00e9riel.<\/p>\n<p>-<\/p>\n<p><strong>Ceux qui travaillent de mani\u00e8re professionnelle, honn\u00eate et engag\u00e9e n'ont jamais \u00e0 se soucier des cons\u00e9quences.<\/strong><br \/>\nEnsemble, nous construisons une \u00e9quipe solide, fiable et fi\u00e8re de ce qu'elle fait. \ud83d\udcaa\ud83c\udfaf<\/p>\n<\/div>\n<p>\n<\/div><div class=\"divider-wrapper\"  >\n    <hr class=\"border-accent-color separator-no-padding\"  \/>\n<\/div>\n<\/div><\/div><\/div><\/div><\/div><\/div><\/div><\/div><\/div><\/div><\/div><\/div><\/div><script id=\"script-row-unique-0\" data-row=\"script-row-unique-0\" type=\"text\/javascript\" class=\"vc_controls\">UNCODE.initRow(document.getElementById(\"row-unique-0\"));<\/script><\/div><\/div><\/div>\n<\/div>","protected":false},"excerpt":{"rendered":"Teamdiscipline en consequenties Discipline binnen het team is essentieel om professioneel, betrouwbaar en succesvol te kunnen werken. Bij Royal Casino [...]","protected":false},"author":1,"featured_media":0,"parent":71016,"menu_order":0,"comment_status":"closed","ping_status":"closed","template":"","meta":{"footnotes":""},"class_list":["post-71264","page","type-page","status-publish","hentry","page_category-personeel-portaal"],"_links":{"self":[{"href":"https:\/\/royalcasinocompany.nl\/fr\/wp-json\/wp\/v2\/pages\/71264","targetHints":{"allow":["GET"]}}],"collection":[{"href":"https:\/\/royalcasinocompany.nl\/fr\/wp-json\/wp\/v2\/pages"}],"about":[{"href":"https:\/\/royalcasinocompany.nl\/fr\/wp-json\/wp\/v2\/types\/page"}],"author":[{"embeddable":true,"href":"https:\/\/royalcasinocompany.nl\/fr\/wp-json\/wp\/v2\/users\/1"}],"replies":[{"embeddable":true,"href":"https:\/\/royalcasinocompany.nl\/fr\/wp-json\/wp\/v2\/comments?post=71264"}],"version-history":[{"count":5,"href":"https:\/\/royalcasinocompany.nl\/fr\/wp-json\/wp\/v2\/pages\/71264\/revisions"}],"predecessor-version":[{"id":71961,"href":"https:\/\/royalcasinocompany.nl\/fr\/wp-json\/wp\/v2\/pages\/71264\/revisions\/71961"}],"up":[{"embeddable":true,"href":"https:\/\/royalcasinocompany.nl\/fr\/wp-json\/wp\/v2\/pages\/71016"}],"wp:attachment":[{"href":"https:\/\/royalcasinocompany.nl\/fr\/wp-json\/wp\/v2\/media?parent=71264"}],"curies":[{"name":"wp","href":"https:\/\/api.w.org\/{rel}","templated":true}]}}