{"id":71267,"date":"2025-11-02T13:42:04","date_gmt":"2025-11-02T12:42:04","guid":{"rendered":"https:\/\/royalcasinocompany.nl\/?page_id=71267"},"modified":"2026-01-16T10:51:18","modified_gmt":"2026-01-16T09:51:18","slug":"team-checklijst","status":"publish","type":"page","link":"https:\/\/royalcasinocompany.nl\/fr\/personeel\/team-checklijst\/","title":{"rendered":"Liste de contr\u00f4le de l'\u00e9quipe"},"content":{"rendered":"<div class=\"wpb-content-wrapper\"><div data-parent=\"true\" class=\"vc_row row-container boomapps_vcrow\" id=\"row-unique-0\"><div class=\"row limit-width row-parent\"><div class=\"wpb_row row-inner\"><div class=\"wpb_column pos-top pos-center align_left column_parent col-lg-12 boomapps_vccolumn single-internal-gutter\"><div class=\"uncol style-dark\"  ><div class=\"uncoltable\"><div class=\"uncell  boomapps_vccolumn no-block-padding\" ><div class=\"uncont\" ><div class=\"vc_row row-internal row-container boomapps_vcrow\"><div class=\"row row-child\"><div class=\"wpb_row row-inner\"><div class=\"wpb_column pos-top pos-center align_left column_child col-lg-12 boomapps_vccolumn single-internal-gutter\"><div class=\"uncol style-dark\" ><div class=\"uncoltable\"><div class=\"uncell  boomapps_vccolumn no-block-padding\" ><div class=\"uncont\" ><div class=\"vc_custom_heading_wrap\"><div class=\"heading-text el-text\" ><\/p>\n<h1>\ud83e\uddfe Liste de contr\u00f4le de l'\u00e9quipe - Fin de la mission<\/h1>\n<p>\n<hr class=\"separator-break separator-accent\" \/><\/div><div class=\"clear\"><\/div><\/div><div class=\"empty-space empty-single\" ><span class=\"empty-space-inner\"><\/span><\/div>\n<div class=\"uncode_text_column\" ><p>Le <strong>Liste de contr\u00f4le de l'\u00e9quipe<\/strong> fait partie int\u00e9grante de chaque mission au sein de l <strong>Royal Casino Company<\/strong>.<br \/>\nIl incombe \u00e0 l'ensemble de l'\u00e9quipe de mener \u00e0 bien toutes les t\u00e2ches \u00e0 la fin de l'\u00e9v\u00e9nement. <strong>complet et correct<\/strong> ex\u00e9cuter.<br \/>\nCette liste permet de s'assurer que tout est fait proprement, professionnellement et en toute s\u00e9curit\u00e9 dans l'entrep\u00f4t et dans le bus.<\/p>\n<p>-<\/p>\n<h3>\ud83e\udd1d Ensemble responsables<\/h3>\n<p>Jusqu'\u00e0 r\u00e9cemment, le superviseur \u00e9tait charg\u00e9 de cocher et de compl\u00e9ter la liste de contr\u00f4le.<br \/>\nDans la pratique, cependant, il s'est av\u00e9r\u00e9 que de nombreuses t\u00e2ches n'ont pas \u00e9t\u00e9 ex\u00e9cut\u00e9es ou l'ont \u00e9t\u00e9 \u00e0 moiti\u00e9, bien qu'elles aient \u00e9t\u00e9 coch\u00e9es.<br \/>\nCela n'est pas professionnel et comporte des risques pour l'entreprise ainsi que pour les \u00e9quipes suivantes qui doivent travailler avec l'\u00e9quipement.<\/p>\n<p>Pour l'instant, la liste de contr\u00f4le est une <strong>responsabilit\u00e9 de l'\u00e9quipe<\/strong>.<br \/>\nCela signifie que chacun, y compris les croupiers qui n'occupent pas de poste de direction, participe activement \u00e0 l'ex\u00e9cution correcte des t\u00e2ches.<br \/>\nChaque membre de l'\u00e9quipe est responsable du r\u00e9sultat final.<br \/>\nQuelqu'un voit-il que quelque chose n'a pas encore \u00e9t\u00e9 fait ? <strong>Parler \u00e0 l'autre<\/strong> et de le faire avant de partir.<\/p>\n<p>-<\/p>\n<h3>\ud83d\udccb En quoi consiste la liste de contr\u00f4le de l'\u00e9quipe ?<\/h3>\n<p>La liste de contr\u00f4le de l'\u00e9quipe doit <strong>toujours<\/strong> sont pass\u00e9s en revue et termin\u00e9s avant que l'\u00e9quipe ne quitte le hangar.<br \/>\nLes \u00e9l\u00e9ments cl\u00e9s sont les suivants :<\/p>\n<ul>\n<li>\ud83d\ude90 <strong>Bus :<\/strong> faire le plein, partir propre, se garer \u00e0 l'ext\u00e9rieur, laisser 3 sangles et 5 couvertures pli\u00e9es dans la camionnette.<\/li>\n<li>\ud83c\udfed <strong>Entrep\u00f4t :<\/strong> nettoyer tous les mat\u00e9riaux, les remettre \u00e0 leur place et v\u00e9rifier qu'ils ne sont pas endommag\u00e9s ou manquants.<\/li>\n<li>\ud83e\uddfe <strong>Administration :<\/strong> Remplir, v\u00e9rifier et signer les feuilles de temps. Noter correctement les pauses.<\/li>\n<li>\ud83d\udcf8 <strong>Communication :<\/strong> envoyer toutes les photos de l'\u00e9v\u00e9nement dans l'application de groupe + un bref r\u00e9sum\u00e9 de l'\u00e9v\u00e9nement.<\/li>\n<li>\ud83d\udd12 <strong>Cl\u00f4ture :<\/strong> remettre les v\u00eatements, les bretelles et les n\u0153uds, le dossier de la feuille d'appel et les cl\u00e9s dans la corbeille, les lumi\u00e8res \u00e9teintes, l'alarme activ\u00e9e, l'entrep\u00f4t verrouill\u00e9 et le code num\u00e9rique de la bo\u00eete \u00e0 cl\u00e9s tourn\u00e9.<\/li>\n<\/ul>\n<p>La liste de contr\u00f4le n'est pas une simple liste de t\u00e2ches, elle fait partie int\u00e9grante de notre strat\u00e9gie de d\u00e9veloppement. <strong>professionnalisme et discipline d'\u00e9quipe<\/strong>.<br \/>\nEn veillant \u00e0 ce que tout se passe bien, nous nous assurons que la mission suivante peut reprendre sans heurts, en toute s\u00e9curit\u00e9 et de mani\u00e8re organis\u00e9e.<\/p>\n<p>-<\/p>\n<h3>\u26a0\ufe0f Contr\u00f4le et sanctions<\/h3>\n<p>\u00c0 partir du 1er novembre 2025, il y aura <strong>un contr\u00f4le plus strict<\/strong> Sur l'ex\u00e9cution de la liste de contr\u00f4le de l'\u00e9quipe.<br \/>\nS'il s'av\u00e8re que la liste de contr\u00f4le n'a pas \u00e9t\u00e9 ex\u00e9cut\u00e9e correctement ou compl\u00e8tement - par exemple, parce que des t\u00e2ches ont \u00e9t\u00e9 omises ou coch\u00e9es de mani\u00e8re incorrecte - des cons\u00e9quences s'ensuivent pour l'ensemble de l'\u00e9quipe.<\/p>\n<p>Dans ce cas, il y aura <strong>1 heure de salaire par personne<\/strong> retenu.<br \/>\nCe montant est destin\u00e9 \u00e0 la <strong>pot d'\u00e9pargne du personnel<\/strong>.<\/p>\n<p>-<\/p>\n<h3>\ud83d\udcb0 Le pot d'\u00e9pargne du personnel<\/h3>\n<p><strong>Si chacun prend ses responsabilit\u00e9s<\/strong> et d'ex\u00e9cuter enti\u00e8rement et correctement la liste de contr\u00f4le de l'\u00e9quipe, la tirelire restera en place. <strong>vide<\/strong> et l'entreprise prend en charge le co\u00fbt d'une <strong>sortie d'entreprise et\/ou boissons<\/strong>.<\/p>\n<p><strong>Si des erreurs sont commises<\/strong>, ou si ce qui a \u00e9t\u00e9 demand\u00e9 et ce qui est clairement indiqu\u00e9 sur la liste de contr\u00f4le n'est pas fait, le <strong>l'\u00e9quipe elle-m\u00eame<\/strong> La tirelire : 1 heure de salaire est d\u00e9duite par personne.<br \/>\nVous contribuez ainsi \u00e0 payer les boissons et\/ou la sortie de l'entreprise.<\/p>\n<p>Chaque ann\u00e9e, le <strong>1er janvier<\/strong> l'\u00e9tat de la tirelire est d\u00e9termin\u00e9.<br \/>\nEn cas de r\u00e9ponse positive, l'entreprise peut encore compl\u00e9ter (partiellement) ce montant pour organiser une sortie ou une r\u00e9union appropri\u00e9e.<\/p>\n<p>-<\/p>\n<h3>\ud83e\udde0 Attentes et attitude<\/h3>\n<ul>\n<li>\u2705 Travaillez en \u00e9quipe. Chacun est responsable du r\u00e9sultat final.<\/li>\n<li>\u2705 V\u00e9rifiez deux fois que tout est fait avant de partir.<\/li>\n<li>\u2705 Ne cochez que lorsqu'une t\u00e2che est r\u00e9ellement termin\u00e9e.<\/li>\n<li>\u2705 Parlez-en entre vous si quelque chose est omis ou incorrect.<\/li>\n<li>\u2705 Signalez les dommages, les salissures ou les probl\u00e8mes directement \u00e0 Tim ou Talitha.<\/li>\n<\/ul>\n<p>-<\/p>\n<h3>\ud83c\udfc1 En conclusion<\/h3>\n<p>La liste de contr\u00f4le de l'\u00e9quipe n'est pas l\u00e0 pour contr\u00f4ler, mais pour <strong>aider<\/strong>.<br \/>\nC'est un moyen d'assumer ensemble des responsabilit\u00e9s, de travailler de mani\u00e8re professionnelle et d'\u00eatre fiers de ce que nous produisons.<br \/>\nCeux qui prennent la liste de contr\u00f4le au s\u00e9rieux montrent qu'ils font partie d'une \u00e9quipe solide.<br \/>\nEt une \u00e9quipe forte fournit la qualit\u00e9 o\u00f9 <strong>Royal Casino Company<\/strong> connu pour . \ud83d\udcaa\ud83c\udfb2<\/p>\n<\/div><div class=\"divider-wrapper\"  >\n    <hr class=\"border-accent-color separator-no-padding\"  \/>\n<\/div>\n<\/div><\/div><\/div><\/div><\/div><\/div><\/div><\/div><\/div><\/div><\/div><\/div><\/div><script id=\"script-row-unique-0\" data-row=\"script-row-unique-0\" type=\"text\/javascript\" class=\"vc_controls\">UNCODE.initRow(document.getElementById(\"row-unique-0\"));<\/script><\/div><\/div><\/div>\n<\/div>","protected":false},"excerpt":{"rendered":"\ud83e\uddfe Team Checklijst \u2013 Einde opdracht De Team Checklijst is een vast onderdeel van elke opdracht binnen Royal Casino Company. [...]","protected":false},"author":1,"featured_media":0,"parent":71016,"menu_order":0,"comment_status":"closed","ping_status":"closed","template":"","meta":{"footnotes":""},"class_list":["post-71267","page","type-page","status-publish","hentry","page_category-personeel-portaal"],"_links":{"self":[{"href":"https:\/\/royalcasinocompany.nl\/fr\/wp-json\/wp\/v2\/pages\/71267","targetHints":{"allow":["GET"]}}],"collection":[{"href":"https:\/\/royalcasinocompany.nl\/fr\/wp-json\/wp\/v2\/pages"}],"about":[{"href":"https:\/\/royalcasinocompany.nl\/fr\/wp-json\/wp\/v2\/types\/page"}],"author":[{"embeddable":true,"href":"https:\/\/royalcasinocompany.nl\/fr\/wp-json\/wp\/v2\/users\/1"}],"replies":[{"embeddable":true,"href":"https:\/\/royalcasinocompany.nl\/fr\/wp-json\/wp\/v2\/comments?post=71267"}],"version-history":[{"count":6,"href":"https:\/\/royalcasinocompany.nl\/fr\/wp-json\/wp\/v2\/pages\/71267\/revisions"}],"predecessor-version":[{"id":71960,"href":"https:\/\/royalcasinocompany.nl\/fr\/wp-json\/wp\/v2\/pages\/71267\/revisions\/71960"}],"up":[{"embeddable":true,"href":"https:\/\/royalcasinocompany.nl\/fr\/wp-json\/wp\/v2\/pages\/71016"}],"wp:attachment":[{"href":"https:\/\/royalcasinocompany.nl\/fr\/wp-json\/wp\/v2\/media?parent=71267"}],"curies":[{"name":"wp","href":"https:\/\/api.w.org\/{rel}","templated":true}]}}