{"id":71500,"date":"2025-11-19T11:31:09","date_gmt":"2025-11-19T10:31:09","guid":{"rendered":"https:\/\/royalcasinocompany.nl\/?page_id=71500"},"modified":"2026-01-15T23:09:28","modified_gmt":"2026-01-15T22:09:28","slug":"je-kan-niet-werken-en-nu","status":"publish","type":"page","link":"https:\/\/royalcasinocompany.nl\/fr\/personeel\/je-kan-niet-werken-en-nu\/","title":{"rendered":"Vous ne pouvez pas travailler et maintenant ?"},"content":{"rendered":"<div class=\"wpb-content-wrapper\"><div data-parent=\"true\" class=\"vc_row row-container boomapps_vcrow\" id=\"row-unique-0\"><div class=\"row limit-width row-parent\"><div class=\"wpb_row row-inner\"><div class=\"wpb_column pos-top pos-center align_left column_parent col-lg-12 boomapps_vccolumn single-internal-gutter\"><div class=\"uncol style-dark\"  ><div class=\"uncoltable\"><div class=\"uncell  boomapps_vccolumn no-block-padding\" ><div class=\"uncont\" ><div class=\"vc_row row-internal row-container boomapps_vcrow\"><div class=\"row row-child\"><div class=\"wpb_row row-inner\"><div class=\"wpb_column pos-top pos-center align_left column_child col-lg-12 boomapps_vccolumn single-internal-gutter\"><div class=\"uncol style-dark\" ><div class=\"uncoltable\"><div class=\"uncell  boomapps_vccolumn no-block-padding\" ><div class=\"uncont\" ><div class=\"vc_custom_heading_wrap\"><div class=\"heading-text el-text\" ><\/p>\n<h1>Vous ne pouvez pas travailler et maintenant ?<\/h1>\n<p>\n<hr class=\"separator-break separator-accent\" \/><\/div><div class=\"clear\"><\/div><\/div><div class=\"empty-space empty-single\" ><span class=\"empty-space-inner\"><\/span><\/div>\n<div class=\"uncode_text_column\" ><\/p>\n<div class=\"uk-block\" style=\"margin-bottom: 40px;\">\n<p>Chez Be Our Guest Events, nous partons du principe que <strong>clart\u00e9 et responsabilit\u00e9<\/strong>. Lorsque vous vous inscrivez comme \u201cdisponible\u201d dans l'application Rentman, vos coll\u00e8gues du bureau se mettent imm\u00e9diatement au travail : ils confirment \u00e0 notre client que nous disposons d'une \u00e9quipe compl\u00e8te et se mettent ensuite au travail pour organiser l'\u00e9v\u00e9nement du casino.<\/p>\n<p>Il est donc tr\u00e8s important que votre notification de disponibilit\u00e9 soit toujours correcte. Si vous ne pouvez de toute fa\u00e7on pas vous lib\u00e9rer plus tard, cela cr\u00e9e imm\u00e9diatement un probl\u00e8me pour le client et l'\u00e9quipe au bureau.<\/p>\n<p>-<\/p>\n<\/div>\n<div class=\"uk-block\" style=\"margin-bottom: 40px;\">\n<h3>1. Vous vous \u00eates mis en mode \u201cdisponible\u201d, mais c'est une erreur<\/h3>\n<p>Vous vous \u00eates rendu disponible par hasard ou vous avez appris par la suite que vous ne pouviez pas venir ? Dans ce cas <strong>attend une action imm\u00e9diate de votre part<\/strong>.<\/p>\n<h4>\u00c9tape 1 : Prendre contact imm\u00e9diatement<\/h4>\n<p>Courrier, appel ou application <strong>Talitha<\/strong> et lui expliquer clairement que votre disponibilit\u00e9 est incorrecte. Ce n'est qu'apr\u00e8s son accord que vous pourrez ajuster votre disponibilit\u00e9.<\/p>\n<h4>\u00c9tape 2 : Mise \u00e0 jour de votre statut dans Rentman<\/h4>\n<ul>\n<li>Ouvrir le <strong>Application Rentman<\/strong>.<\/li>\n<li>Aller \u00e0 la bonne date.<\/li>\n<li>Cliquez sur le bloc avec vos heures et votre nom.<\/li>\n<li>Ouvrez les d\u00e9tails et cliquez sur <strong>\u201cAjuster\u201d<\/strong>.<\/li>\n<li>Changez votre statut en <strong>\u201cNon disponible\u201d<\/strong>.<\/li>\n<li>Veuillez indiquer dans les commentaires pourquoi votre disponibilit\u00e9 a chang\u00e9.<\/li>\n<\/ul>\n<p><strong>C'est fait !<\/strong> Vous avez tout fait correctement et nous pouvons aller plus loin vers le client.<\/p>\n<p>-<\/p>\n<\/div>\n<div class=\"uk-block\" style=\"margin-bottom: 40px;\">\n<h3>2. Vous \u00eates d\u00e9j\u00e0 programm\u00e9 et ajout\u00e9 au groupe WhatsApp<\/h3>\n<p>Avez-vous \u00e9t\u00e9 ajout\u00e9 au groupe WhatsApp d'un casino ? Cela signifie que vous <strong>permanent sur la liste<\/strong> Et que nous comptons sur vous.<\/p>\n<p>Mais il peut arriver que vous ne puissiez vraiment pas venir en raison d'une maladie, d'une urgence ou d'une circonstance priv\u00e9e grave. Dans ce cas, suivez les \u00e9tapes ci-dessous.<\/p>\n<p>-<\/p>\n<\/div>\n<div class=\"uk-block\" style=\"margin-bottom: 40px;\">\n<h3>Que faire si vous ne pouvez pas travailler de toute fa\u00e7on ?<\/h3>\n<h4>\u00c9tape 1 : Prendre contact le plus t\u00f4t possible<\/h4>\n<p>Appeler d'abord <strong>Talitha<\/strong>. Elle est injoignable ? Appelez alors <strong>Tim<\/strong>. Expliquez clairement ce qui se passe. Plus vous serez concret, mieux nous pourrons \u00e9valuer les mesures \u00e0 prendre imm\u00e9diatement.<\/p>\n<h4>\u00c9tape 2 : Nous cherchons d'abord un rempla\u00e7ant<\/h4>\n<p>Vos coll\u00e8gues du bureau v\u00e9rifieront si un autre coll\u00e8gue est disponible \u00e0 cette date. Si c'est le cas, nous le contacterons pour lui demander s'il est toujours disponible et s'il souhaite reprendre votre poste.<\/p>\n<h4>\u00c9tape 3 : Pas de coll\u00e8gue disponible ? Trouvez vous-m\u00eame un rempla\u00e7ant<\/h4>\n<p>Personne n'est disponible ? Dans ce cas, nous attendons <strong>vous cherchez activement un rempla\u00e7ant<\/strong>.<\/p>\n<ul>\n<li>Les coll\u00e8gues s'entraident plus rapidement entre eux.<\/li>\n<li>Avec une explication claire, ils sont heureux de vous aider.<\/li>\n<li>Cela fonctionne dans les deux sens, la prochaine fois que vous aiderez quelqu'un d'autre.<\/li>\n<\/ul>\n<p><em>Conseil : il est toujours pr\u00e9f\u00e9rable d'appeler.<\/em><\/p>\n<h4>\u00c9tape 4 : Soumettre votre remplacement<\/h4>\n<p>Vous avez trouv\u00e9 quelqu'un ? Alors inscrivez-vous <strong>Talitha ou Tim<\/strong> avec le nom de votre rempla\u00e7ant. Ils contacteront alors la personne, confirmeront le service et ajouteront le rempla\u00e7ant au groupe WhatsApp de l'\u00e9v\u00e9nement.<\/p>\n<h4>\u00c9tape 5 : Vous serez retir\u00e9 de l'application de groupe<\/h4>\n<p>Une fois que tout est r\u00e9gl\u00e9 et confirm\u00e9, vous serez proprement retir\u00e9 de l'application de groupe. La planification a alors \u00e9t\u00e9 r\u00e9solue de mani\u00e8re correcte, professionnelle et responsable.<\/p>\n<p>-<\/p>\n<\/div>\n<div class=\"uk-block\">\n<h3>Pourquoi ces r\u00e8gles ?<\/h3>\n<ul>\n<li>Nous ne voulons jamais d\u00e9cevoir nos clients.<\/li>\n<li>Nous ne voulons pas alourdir inutilement le travail de l'\u00e9quipe et de la planification.<\/li>\n<li><strong>Disponibilit\u00e9 = une affaire s\u00e9rieuse.<\/strong><\/li>\n<li>La clart\u00e9 et la responsabilit\u00e9 garantissent le calme et la fiabilit\u00e9 au sein de l'\u00e9quipe.<\/li>\n<\/ul>\n<\/div>\n<p>\n<\/div><\/div><\/div><\/div><\/div><\/div><\/div><\/div><\/div><\/div><\/div><\/div><\/div><\/div><script id=\"script-row-unique-0\" data-row=\"script-row-unique-0\" type=\"text\/javascript\" class=\"vc_controls\">UNCODE.initRow(document.getElementById(\"row-unique-0\"));<\/script><\/div><\/div><\/div>\n<\/div>","protected":false},"excerpt":{"rendered":"Je kan niet werken en nu? Bij Be Our Guest Events gaan wij uit van duidelijkheid en verantwoordelijkheid. Wanneer jij [...]","protected":false},"author":1,"featured_media":0,"parent":71016,"menu_order":0,"comment_status":"closed","ping_status":"closed","template":"","meta":{"footnotes":""},"class_list":["post-71500","page","type-page","status-publish","hentry","page_category-personeel-portaal"],"_links":{"self":[{"href":"https:\/\/royalcasinocompany.nl\/fr\/wp-json\/wp\/v2\/pages\/71500","targetHints":{"allow":["GET"]}}],"collection":[{"href":"https:\/\/royalcasinocompany.nl\/fr\/wp-json\/wp\/v2\/pages"}],"about":[{"href":"https:\/\/royalcasinocompany.nl\/fr\/wp-json\/wp\/v2\/types\/page"}],"author":[{"embeddable":true,"href":"https:\/\/royalcasinocompany.nl\/fr\/wp-json\/wp\/v2\/users\/1"}],"replies":[{"embeddable":true,"href":"https:\/\/royalcasinocompany.nl\/fr\/wp-json\/wp\/v2\/comments?post=71500"}],"version-history":[{"count":9,"href":"https:\/\/royalcasinocompany.nl\/fr\/wp-json\/wp\/v2\/pages\/71500\/revisions"}],"predecessor-version":[{"id":71937,"href":"https:\/\/royalcasinocompany.nl\/fr\/wp-json\/wp\/v2\/pages\/71500\/revisions\/71937"}],"up":[{"embeddable":true,"href":"https:\/\/royalcasinocompany.nl\/fr\/wp-json\/wp\/v2\/pages\/71016"}],"wp:attachment":[{"href":"https:\/\/royalcasinocompany.nl\/fr\/wp-json\/wp\/v2\/media?parent=71500"}],"curies":[{"name":"wp","href":"https:\/\/api.w.org\/{rel}","templated":true}]}}