{"id":71529,"date":"2025-12-04T20:16:41","date_gmt":"2025-12-04T19:16:41","guid":{"rendered":"https:\/\/royalcasinocompany.nl\/?page_id=71529"},"modified":"2026-01-15T23:01:44","modified_gmt":"2026-01-15T22:01:44","slug":"hoe-worden-je-uren-berekend","status":"publish","type":"page","link":"https:\/\/royalcasinocompany.nl\/fr\/personeel\/hoe-worden-je-uren-berekend\/","title":{"rendered":"Comment vos heures sont-elles calcul\u00e9es ?"},"content":{"rendered":"<div class=\"wpb-content-wrapper\"><div data-parent=\"true\" class=\"vc_row row-container boomapps_vcrow\" id=\"row-unique-0\"><div class=\"row limit-width row-parent\"><div class=\"wpb_row row-inner\"><div class=\"wpb_column pos-top pos-center align_left column_parent col-lg-12 boomapps_vccolumn single-internal-gutter\"><div class=\"uncol style-dark\"  ><div class=\"uncoltable\"><div class=\"uncell  boomapps_vccolumn no-block-padding\" ><div class=\"uncont\" ><div class=\"vc_row row-internal row-container boomapps_vcrow\"><div class=\"row row-child\"><div class=\"wpb_row row-inner\"><div class=\"wpb_column pos-top pos-center align_left column_child col-lg-12 boomapps_vccolumn single-internal-gutter\"><div class=\"uncol style-dark\" ><div class=\"uncoltable\"><div class=\"uncell  boomapps_vccolumn no-block-padding\" ><div class=\"uncont\" ><div class=\"vc_custom_heading_wrap\"><div class=\"heading-text el-text\" ><\/p>\n<h1>Comment vos heures sont-elles calcul\u00e9es ?<\/h1>\n<p>\n<hr class=\"separator-break separator-accent\" \/><\/div><div class=\"clear\"><\/div><\/div><div class=\"empty-space empty-single\" ><span class=\"empty-space-inner\"><\/span><\/div>\n<div class=\"uncode_text_column\" ><p>Chez Be Our Guest Events, il y a deux fa\u00e7ons de calculer vos heures :<br \/>\nvous commencez dans notre entrep\u00f4t ou vous vous rendez directement de chez vous au lieu de l'\u00e9v\u00e9nement.<br \/>\nL'option qui s'applique \u00e0 votre service vous sera toujours clairement communiqu\u00e9e \u00e0 l'avance.<br \/>\nVous avez une pr\u00e9f\u00e9rence ? N'h\u00e9sitez pas \u00e0 nous en faire part et nous verrons si cela est possible.<\/p>\n<p>-<\/p>\n<h3>\ud83d\ude90 D\u00e9part de l'entrep\u00f4t<\/h3>\n<ul>\n<li><strong>Paiement de porte \u00e0 porte - 1 heure de pause :<\/strong> Vous serez pay\u00e9 \u00e0 partir de l'heure \u00e0 laquelle vous commencez \u00e0 travailler dans l'entrep\u00f4t (comme indiqu\u00e9 sur la feuille d'appel) jusqu'\u00e0 l'heure \u00e0 laquelle vous terminez \u00e0 l'entrep\u00f4t \u00e0 la fin du travail, moins une heure de pause.<\/li>\n<li>Le temps de d\u00e9placement entre votre domicile et l'entrep\u00f4t fait partie des trajets quotidiens et est \u00e0 votre charge, sauf accord pr\u00e9alable.<\/li>\n<\/ul>\n<p>-<\/p>\n<h3>\ud83d\ude97 D\u00e9part direct de votre lieu de travail vers le client<\/h3>\n<ul>\n<li>Si vous vous rendez directement sur le lieu de la manifestation (en voiture ou en transports publics), la premi\u00e8re tranche d'inscription est de 1,5 million d'euros. <strong>30 minutes <\/strong>pour son propre compte (trajet domicile-travail).<\/li>\n<li>Tout temps de d\u00e9placement sup\u00e9rieur \u00e0 ces 30 minutes sera r\u00e9mun\u00e9r\u00e9 au taux horaire normal.<\/li>\n<li>Vous voyagez avec votre propre voiture ? Dans ce cas, vous pouvez d\u00e9clarer tous les kilom\u00e8tres parcourus \u00e0 <strong>0,23 \u20ac par kilom\u00e8tre<\/strong>.<\/li>\n<li>Vous voyagez en transport public ? Dans ce cas, vous pouvez demander le remboursement des frais encourus sur pr\u00e9sentation d'un re\u00e7u ou d'une quittance en bonne et due forme.<\/li>\n<\/ul>\n<p>\n<\/div><div class=\"divider-wrapper\"  >\n    <hr class=\"border-accent-color separator-no-padding\"  \/>\n<\/div>\n<\/div><\/div><\/div><\/div><\/div><\/div><\/div><\/div><\/div><\/div><\/div><\/div><\/div><script id=\"script-row-unique-0\" data-row=\"script-row-unique-0\" type=\"text\/javascript\" class=\"vc_controls\">UNCODE.initRow(document.getElementById(\"row-unique-0\"));<\/script><\/div><\/div><\/div>\n<\/div>","protected":false},"excerpt":{"rendered":"Hoe worden je uren berekend? Bij Be Our Guest Events zijn er twee manieren waarop jouw uren kunnen worden berekend: [...]","protected":false},"author":1,"featured_media":0,"parent":71016,"menu_order":0,"comment_status":"closed","ping_status":"closed","template":"","meta":{"footnotes":""},"class_list":["post-71529","page","type-page","status-publish","hentry","page_category-personeel-portaal"],"_links":{"self":[{"href":"https:\/\/royalcasinocompany.nl\/fr\/wp-json\/wp\/v2\/pages\/71529","targetHints":{"allow":["GET"]}}],"collection":[{"href":"https:\/\/royalcasinocompany.nl\/fr\/wp-json\/wp\/v2\/pages"}],"about":[{"href":"https:\/\/royalcasinocompany.nl\/fr\/wp-json\/wp\/v2\/types\/page"}],"author":[{"embeddable":true,"href":"https:\/\/royalcasinocompany.nl\/fr\/wp-json\/wp\/v2\/users\/1"}],"replies":[{"embeddable":true,"href":"https:\/\/royalcasinocompany.nl\/fr\/wp-json\/wp\/v2\/comments?post=71529"}],"version-history":[{"count":7,"href":"https:\/\/royalcasinocompany.nl\/fr\/wp-json\/wp\/v2\/pages\/71529\/revisions"}],"predecessor-version":[{"id":71934,"href":"https:\/\/royalcasinocompany.nl\/fr\/wp-json\/wp\/v2\/pages\/71529\/revisions\/71934"}],"up":[{"embeddable":true,"href":"https:\/\/royalcasinocompany.nl\/fr\/wp-json\/wp\/v2\/pages\/71016"}],"wp:attachment":[{"href":"https:\/\/royalcasinocompany.nl\/fr\/wp-json\/wp\/v2\/media?parent=71529"}],"curies":[{"name":"wp","href":"https:\/\/api.w.org\/{rel}","templated":true}]}}