{"id":71532,"date":"2025-12-04T20:20:23","date_gmt":"2025-12-04T19:20:23","guid":{"rendered":"https:\/\/royalcasinocompany.nl\/?page_id=71532"},"modified":"2026-01-15T23:23:15","modified_gmt":"2026-01-15T22:23:15","slug":"pauze","status":"publish","type":"page","link":"https:\/\/royalcasinocompany.nl\/fr\/personeel\/pauze\/","title":{"rendered":"Pause"},"content":{"rendered":"<div class=\"wpb-content-wrapper\"><div data-parent=\"true\" class=\"vc_row row-container boomapps_vcrow\" id=\"row-unique-0\"><div class=\"row limit-width row-parent\"><div class=\"wpb_row row-inner\"><div class=\"wpb_column pos-top pos-center align_left column_parent col-lg-12 boomapps_vccolumn single-internal-gutter\"><div class=\"uncol style-dark\"  ><div class=\"uncoltable\"><div class=\"uncell  boomapps_vccolumn no-block-padding\" ><div class=\"uncont\" ><div class=\"vc_row row-internal row-container boomapps_vcrow\"><div class=\"row row-child\"><div class=\"wpb_row row-inner\"><div class=\"wpb_column pos-top pos-center align_left column_child col-lg-12 boomapps_vccolumn single-internal-gutter\"><div class=\"uncol style-dark\" ><div class=\"uncoltable\"><div class=\"uncell  boomapps_vccolumn no-block-padding\" ><div class=\"uncont\" ><div class=\"vc_custom_heading_wrap\"><div class=\"heading-text el-text\" ><\/p>\n<h1>Tout ce que vous devez savoir sur votre pause<\/h1>\n<p>\n<hr class=\"separator-break separator-accent\" \/><\/div><div class=\"clear\"><\/div><\/div><div class=\"empty-space empty-single\" ><span class=\"empty-space-inner\"><\/span><\/div>\n<div class=\"uncode_text_column\" ><p>Les pauses sont un \u00e9l\u00e9ment essentiel de votre journ\u00e9e de travail. Prendre une pause vous permet de vous pr\u00e9senter aux tables de casino avec une \u00e9nergie, une concentration et un enthousiasme renouvel\u00e9s. Nous pensons qu'il est important que chacun travaille de mani\u00e8re saine, professionnelle et responsable.<\/p>\n<p>Les temps de pause sont toujours mentionn\u00e9s dans l'emploi du temps figurant sur la feuille d'appel. Vous savez donc exactement <strong>lorsque vous faites une pause<\/strong> et <strong>la dur\u00e9e de vie du produit<\/strong>. Dans la plupart des cas, une pause standard d'une heure est incluse. Une pause de plus d'une heure est-elle pr\u00e9vue ? Dans ce cas, toutes les heures de pause suppl\u00e9mentaires seront pay\u00e9es par nous. <strong>d\u00e9caiss\u00e9<\/strong>.<\/p>\n<p>-<\/p>\n<h2>\ud83d\udd39 Pr\u00e9paration avant le travail : vos propres 10 minutes<\/h2>\n<p>Nous demandons \u00e0 chacun de <strong>10 minutes avant l'heure de d\u00e9but<\/strong> \u00eatre pr\u00e9sent dans l'entrep\u00f4t. Ces minutes vous sont propres et ne font pas partie du temps de travail. Pendant ce temps, vous pouvez<\/p>\n<ul>\n<li>aller aux toilettes<\/li>\n<li>Fumer<\/li>\n<li>manger un sandwich<\/li>\n<li>utiliser votre t\u00e9l\u00e9phone<\/li>\n<li>faire les derniers pr\u00e9paratifs<\/li>\n<li>parcourir la feuille d'appel et v\u00e9rifier ce que l'on attend de vous<\/li>\n<\/ul>\n<p>Ce moment est destin\u00e9 \u00e0 <strong>\u00eatre pr\u00eat<\/strong> au moment o\u00f9 le temps de travail commence.<\/p>\n<p>-<\/p>\n<h2>\ud83d\udd39 Quand commence votre temps de travail<\/h2>\n<p>\u00c0 partir du moment o\u00f9 les heures de travail commencent comme pr\u00e9vu, vous serez r\u00e9mun\u00e9r\u00e9 et nous attendons de vous que vous <strong>100% au travail<\/strong>.<\/p>\n<p>Signification :<\/p>\n<ul>\n<li>ne plus fumer<\/li>\n<li>pas de t\u00e9l\u00e9phone<\/li>\n<li>ne pas manger pendant le chargement<\/li>\n<li>se concentrer pleinement sur le travail<\/li>\n<\/ul>\n<p><strong>Vous \u00eates pay\u00e9 ? Alors vous travaillez.<\/strong> C'est une d\u00e9marche professionnelle qui vous permet de travailler efficacement en \u00e9quipe.<\/p>\n<p>-<\/p>\n<h2>\ud83d\udd39 Temps de trajet en bus : pay\u00e9 et utile<\/h2>\n<p>Souvent, vous alternez avec vos coll\u00e8gues pour savoir qui conduit. N'est-ce pas vous qui conduisez ? Vous disposez alors d'une sorte de pause suppl\u00e9mentaire dans le bus - mais tout de m\u00eame... <strong>pay\u00e9<\/strong>.<\/p>\n<p>Nous attendons de vous que vous fassiez bon usage de ce temps :<\/p>\n<ul>\n<li>\u00e9tudier la fiche d'appel<\/li>\n<li>voir quel est votre r\u00f4le plus tard<\/li>\n<li>se pr\u00e9parer \u00e0 la mission<\/li>\n<li>utiliser le portail si vous \u00eates nouveau ou si vous n'avez pas travaill\u00e9 depuis longtemps<\/li>\n<li>poser des questions si quelque chose n'est pas clair<\/li>\n<\/ul>\n<p>C'est ainsi que vous <strong>bien pr\u00e9par\u00e9 et organis\u00e9<\/strong> sur place pour.<\/p>\n<p>-<\/p>\n<h2>\ud83d\udd39 Pause sur place : voici comment \u00e7a marche<\/h2>\n<p>La feuille d'appel indique exactement quand vous avez une pause. Utilisez vraiment ce temps comme <strong>pause<\/strong>:<\/p>\n<ul>\n<li>nourriture et boissons<\/li>\n<li>changer de v\u00eatements<\/li>\n<li>se d\u00e9tendre un moment<\/li>\n<li>Fumer<\/li>\n<li>utiliser votre t\u00e9l\u00e9phone<\/li>\n<\/ul>\n<p>Apr\u00e8s la pause, le travail reprend et nous attendons une <strong>attitude professionnelle et concentration totale<\/strong>.<\/p>\n<p>-<\/p>\n<h3>\u23f3 Si vous manquez de temps<\/h3>\n<p>Les travaux de construction ou de pr\u00e9paration peuvent prendre plus de temps. A noter : <strong>cela est g\u00e9n\u00e9ralement d\u00fb \u00e0 un rythme de travail insuffisant<\/strong>.<\/p>\n<p>Si vous manquez de temps, voici ce qu'il vous reste \u00e0 faire <strong>au d\u00e9triment de votre propre pause<\/strong>. Veillez donc \u00e0 ce que :<\/p>\n<ul>\n<li>un rythme soutenu pendant la p\u00e9riode de pr\u00e9paration<\/li>\n<li>une r\u00e9partition claire des t\u00e2ches<\/li>\n<li>travail d'\u00e9quipe<\/li>\n<li>en suivant la feuille d'appel<\/li>\n<\/ul>\n<p>Cela vous permettra d'utiliser la totalit\u00e9 de la pause pr\u00e9vue.<\/p>\n<p>-<\/p>\n<h2>\u2b50 R\u00e9sum\u00e9 : votre responsabilit\u00e9<\/h2>\n<ul>\n<li>La pause est importante et fait partie de la planification.<\/li>\n<li>Les pauses suppl\u00e9mentaires au-del\u00e0 d'une heure seront pay\u00e9es.<\/li>\n<li>10 minutes avant le d\u00e9part = votre propre temps de pr\u00e9paration.<\/li>\n<li>Temps r\u00e9mun\u00e9r\u00e9 = temps de travail (pas de t\u00e9l\u00e9phone, pas de tabac, pas de repas).<\/li>\n<li>Le temps pass\u00e9 dans le bus est r\u00e9mun\u00e9r\u00e9 et a pour but de vous pr\u00e9parer.<\/li>\n<li>Le lieu de la pause est indiqu\u00e9 sur la feuille d'appel.<\/li>\n<li>Le fait de manquer de temps \u00e0 cause de la lenteur du travail vous prive de votre propre pause.<\/li>\n<\/ul>\n<p>\n<\/div><div class=\"divider-wrapper\"  >\n    <hr class=\"border-accent-color separator-no-padding\"  \/>\n<\/div>\n<\/div><\/div><\/div><\/div><\/div><\/div><\/div><\/div><\/div><\/div><\/div><\/div><\/div><script id=\"script-row-unique-0\" data-row=\"script-row-unique-0\" type=\"text\/javascript\" class=\"vc_controls\">UNCODE.initRow(document.getElementById(\"row-unique-0\"));<\/script><\/div><\/div><\/div>\n<\/div>","protected":false},"excerpt":{"rendered":"Alles wat je moet weten over je Pauze Pauzes zijn een essentieel onderdeel van je werkdag. Even op adem komen [...]","protected":false},"author":1,"featured_media":0,"parent":71016,"menu_order":0,"comment_status":"closed","ping_status":"closed","template":"","meta":{"footnotes":""},"class_list":["post-71532","page","type-page","status-publish","hentry","page_category-personeel-portaal"],"_links":{"self":[{"href":"https:\/\/royalcasinocompany.nl\/fr\/wp-json\/wp\/v2\/pages\/71532","targetHints":{"allow":["GET"]}}],"collection":[{"href":"https:\/\/royalcasinocompany.nl\/fr\/wp-json\/wp\/v2\/pages"}],"about":[{"href":"https:\/\/royalcasinocompany.nl\/fr\/wp-json\/wp\/v2\/types\/page"}],"author":[{"embeddable":true,"href":"https:\/\/royalcasinocompany.nl\/fr\/wp-json\/wp\/v2\/users\/1"}],"replies":[{"embeddable":true,"href":"https:\/\/royalcasinocompany.nl\/fr\/wp-json\/wp\/v2\/comments?post=71532"}],"version-history":[{"count":7,"href":"https:\/\/royalcasinocompany.nl\/fr\/wp-json\/wp\/v2\/pages\/71532\/revisions"}],"predecessor-version":[{"id":71947,"href":"https:\/\/royalcasinocompany.nl\/fr\/wp-json\/wp\/v2\/pages\/71532\/revisions\/71947"}],"up":[{"embeddable":true,"href":"https:\/\/royalcasinocompany.nl\/fr\/wp-json\/wp\/v2\/pages\/71016"}],"wp:attachment":[{"href":"https:\/\/royalcasinocompany.nl\/fr\/wp-json\/wp\/v2\/media?parent=71532"}],"curies":[{"name":"wp","href":"https:\/\/api.w.org\/{rel}","templated":true}]}}