{"id":71535,"date":"2025-12-04T20:23:36","date_gmt":"2025-12-04T19:23:36","guid":{"rendered":"https:\/\/royalcasinocompany.nl\/?page_id=71535"},"modified":"2025-12-04T20:47:54","modified_gmt":"2025-12-04T19:47:54","slug":"uurloon","status":"publish","type":"page","link":"https:\/\/royalcasinocompany.nl\/fr\/personeel\/uurloon\/","title":{"rendered":"Salaire horaire"},"content":{"rendered":"<div class=\"wpb-content-wrapper\"><div data-parent=\"true\" class=\"vc_row row-container boomapps_vcrow\" id=\"row-unique-0\"><div class=\"row limit-width row-parent\"><div class=\"wpb_row row-inner\"><div class=\"wpb_column pos-top pos-center align_left column_parent col-lg-12 boomapps_vccolumn single-internal-gutter\"><div class=\"uncol style-dark\"  ><div class=\"uncoltable\"><div class=\"uncell  boomapps_vccolumn no-block-padding\" ><div class=\"uncont\" ><div class=\"vc_row row-internal row-container boomapps_vcrow\"><div class=\"row row-child\"><div class=\"wpb_row row-inner\"><div class=\"wpb_column pos-top pos-center align_left column_child col-lg-12 boomapps_vccolumn single-internal-gutter\"><div class=\"uncol style-dark\" ><div class=\"uncoltable\"><div class=\"uncell  boomapps_vccolumn no-block-padding\" ><div class=\"uncont\" ><div class=\"vc_custom_heading_wrap\"><div class=\"heading-text el-text\" ><\/p>\n<h1>Tout savoir sur votre salaire horaire<\/h1>\n<p>\n<hr class=\"separator-break separator-accent\" \/><\/div><div class=\"clear\"><\/div><\/div><div class=\"empty-space empty-single\" ><span class=\"empty-space-inner\"><\/span><\/div>\n<div class=\"uncode_text_column\" ><\/p>\n<h2>\ud83e\uddfe R\u00e9mun\u00e9ration et horaires de travail<\/h2>\n<p>Vous serez pay\u00e9 \u00e0 partir du moment o\u00f9 vous commencez le travail jusqu'\u00e0 ce que vous le terminiez \u00e0 l'entrep\u00f4t.<br \/>\nPour \u00e9viter tout malentendu, la fiche d'appel indique toujours une heure de fin maximale.<br \/>\nCes d\u00e9lais sont r\u00e9alistes et r\u00e9alisables dans des conditions de travail normales et efficaces.<\/p>\n<p>Avec nous, vous \u00eates \u00e9galement pay\u00e9 int\u00e9gralement pour :<\/p>\n<ul>\n<li><strong>\u23f1\ufe0f Dur\u00e9e du voyage<\/strong><\/li>\n<li><strong>\u231b Temps d'attente ou pontage<\/strong><\/li>\n<\/ul>\n<p>Il s'agit d'un cas unique dans l'industrie du spectacle : de nombreuses entreprises ne paient pas pour ces moments.<br \/>\nCependant, nous pensons que votre temps, vos efforts et votre pr\u00e9sence ont de la valeur, m\u00eame si vous devez attendre un peu plus.<br \/>\nApr\u00e8s tout, vous \u00eates disponible pour l'entreprise et vous contribuez au succ\u00e8s de la soir\u00e9e.<\/p>\n<h2>\ud83d\udccb Important \u00e0 savoir<\/h2>\n<p>Nous travaillons sur la base de <strong>confiance<\/strong> et <strong>caract\u00e8re raisonnable<\/strong>.<br \/>\nIl arrive qu'un \u00e9v\u00e9nement prenne un peu de retard, ou que l'on termine plus t\u00f4t et que l'on dispose d'un peu plus de temps pour se reposer.<br \/>\nDans l'ensemble, il se redresse toujours bien.<\/p>\n<ul>\n<li>Les heures indiqu\u00e9es sur la feuille d'appel sont toujours des heures de pointe.<\/li>\n<li>Vous avez termin\u00e9 plus t\u00f4t que pr\u00e9vu dans l'entrep\u00f4t ? Notez alors l'heure r\u00e9elle d'arriv\u00e9e.<\/li>\n<li>Lors d'un \u00e9v\u00e9nement, vous ne travaillez pas activement \u00e0 chaque instant, mais vous \u00eates pr\u00e9sent et donc r\u00e9mun\u00e9r\u00e9.<\/li>\n<\/ul>\n<p>Nous faisons confiance \u00e0 chacun pour g\u00e9rer cette situation de mani\u00e8re professionnelle et honn\u00eate, avec un sens des responsabilit\u00e9s \u00e0 l'\u00e9gard de l'\u00e9quipe et de l'entreprise.<\/p>\n<h2>\ud83d\udcb6 Salaire horaire brut minimum l\u00e9gal<\/h2>\n<p>Le tableau ci-dessous indique le salaire minimum brut l\u00e9gal 2025 sur lequel votre salaire horaire est bas\u00e9 :<\/p>\n<table>\n<thead>\n<tr>\n<th>L'\u00e2ge<\/th>\n<th>Salaire horaire (brut)<\/th>\n<\/tr>\n<\/thead>\n<tbody>\n<tr>\n<td>21 ans et plus<\/td>\n<td>14,40 \u20ac par heure<\/td>\n<\/tr>\n<tr>\n<td>20 ans<\/td>\n<td>11,52 \u20ac par heure<\/td>\n<\/tr>\n<tr>\n<td>19 ans<\/td>\n<td>8,64 \u20ac par heure<\/td>\n<\/tr>\n<tr>\n<td>18 ans<\/td>\n<td>7,20 \u20ac par heure<\/td>\n<\/tr>\n<tr>\n<td>17 ans<\/td>\n<td>5,69 \u20ac par heure<\/td>\n<\/tr>\n<\/tbody>\n<\/table>\n<p>La r\u00e9mun\u00e9ration est calcul\u00e9e sur la base du nombre d'heures travaill\u00e9es par mission.<br \/>\nAfin de garantir une r\u00e9mun\u00e9ration \u00e9quitable et compl\u00e8te, le paiement des salaires est effectu\u00e9 dans les <strong>premi\u00e8re semaine du nouveau mois<\/strong>.<\/p>\n<h3>Pourquoi d\u00e8s la premi\u00e8re semaine ?<\/h3>\n<p>Il arrive r\u00e9guli\u00e8rement que vous ayez un travail \u00e0 faire le dernier jour du mois.<br \/>\nLes heures de cette mission appartiennent naturellement au m\u00eame mois et vous voulez donc \u00eatre pay\u00e9 dans la m\u00eame p\u00e9riode.<\/p>\n<p>La proc\u00e9dure est la suivante :<\/p>\n<ul>\n<li><strong>1. Les heures du dernier jour sont trait\u00e9es le jour suivant.<\/strong><br \/>\nVos coll\u00e8gues du bureau v\u00e9rifient et traitent soigneusement toutes les heures travaill\u00e9es.<br \/>\nS'il y a un week-end entre les deux, il est automatiquement report\u00e9 au jour ouvrable suivant.<\/li>\n<li><strong>2. Traitement par l'auditeur.<\/strong><br \/>\nUne fois que toutes les heures sont enti\u00e8rement et correctement trait\u00e9es, nous les transmettons \u00e0 notre comptable.<br \/>\nIls pr\u00e9parent le lot de paiements et effectuent le contr\u00f4le administratif.<\/li>\n<li><strong>3. D\u00e9caissement.<\/strong><br \/>\nL'ensemble de ce processus prend quelques jours.<br \/>\nPar cons\u00e9quent, nous communiquons clairement que le salaire sera vers\u00e9 au cours de la premi\u00e8re semaine du mois suivant.<\/li>\n<\/ul>\n<p>Bien entendu, nous nous effor\u00e7ons toujours d'effectuer le paiement le plus rapidement possible.<br \/>\nLa transparence et la fiabilit\u00e9 sont nos priorit\u00e9s absolues. Vous pouvez compter sur le fait que votre salaire sera transf\u00e9r\u00e9 correctement et \u00e0 temps.<\/p>\n<\/div><\/div><\/div><\/div><\/div><\/div><\/div><\/div><\/div><\/div><\/div><\/div><\/div><\/div><script id=\"script-row-unique-0\" data-row=\"script-row-unique-0\" type=\"text\/javascript\" class=\"vc_controls\">UNCODE.initRow(document.getElementById(\"row-unique-0\"));<\/script><\/div><\/div><\/div>\n<\/div>","protected":false},"excerpt":{"rendered":"Alles over je uurloon \ud83e\uddfe Beloning &amp; Werktijd Je wordt betaald vanaf het moment dat je aan de opdracht begint [...]","protected":false},"author":1,"featured_media":0,"parent":71016,"menu_order":0,"comment_status":"closed","ping_status":"closed","template":"","meta":{"footnotes":""},"class_list":["post-71535","page","type-page","status-publish","hentry","page_category-personeel-portaal"],"_links":{"self":[{"href":"https:\/\/royalcasinocompany.nl\/fr\/wp-json\/wp\/v2\/pages\/71535","targetHints":{"allow":["GET"]}}],"collection":[{"href":"https:\/\/royalcasinocompany.nl\/fr\/wp-json\/wp\/v2\/pages"}],"about":[{"href":"https:\/\/royalcasinocompany.nl\/fr\/wp-json\/wp\/v2\/types\/page"}],"author":[{"embeddable":true,"href":"https:\/\/royalcasinocompany.nl\/fr\/wp-json\/wp\/v2\/users\/1"}],"replies":[{"embeddable":true,"href":"https:\/\/royalcasinocompany.nl\/fr\/wp-json\/wp\/v2\/comments?post=71535"}],"version-history":[{"count":4,"href":"https:\/\/royalcasinocompany.nl\/fr\/wp-json\/wp\/v2\/pages\/71535\/revisions"}],"predecessor-version":[{"id":71549,"href":"https:\/\/royalcasinocompany.nl\/fr\/wp-json\/wp\/v2\/pages\/71535\/revisions\/71549"}],"up":[{"embeddable":true,"href":"https:\/\/royalcasinocompany.nl\/fr\/wp-json\/wp\/v2\/pages\/71016"}],"wp:attachment":[{"href":"https:\/\/royalcasinocompany.nl\/fr\/wp-json\/wp\/v2\/media?parent=71535"}],"curies":[{"name":"wp","href":"https:\/\/api.w.org\/{rel}","templated":true}]}}