{"id":71538,"date":"2025-12-04T20:27:41","date_gmt":"2025-12-04T19:27:41","guid":{"rendered":"https:\/\/royalcasinocompany.nl\/?page_id=71538"},"modified":"2026-01-15T23:31:52","modified_gmt":"2026-01-15T22:31:52","slug":"reiskostenvergoeding","status":"publish","type":"page","link":"https:\/\/royalcasinocompany.nl\/fr\/personeel\/reiskostenvergoeding\/","title":{"rendered":"Remboursement des frais de voyage"},"content":{"rendered":"<div class=\"wpb-content-wrapper\"><div data-parent=\"true\" class=\"vc_row row-container boomapps_vcrow\" id=\"row-unique-0\"><div class=\"row limit-width row-parent\"><div class=\"wpb_row row-inner\"><div class=\"wpb_column pos-top pos-center align_left column_parent col-lg-12 boomapps_vccolumn single-internal-gutter\"><div class=\"uncol style-dark\"  ><div class=\"uncoltable\"><div class=\"uncell  boomapps_vccolumn no-block-padding\" ><div class=\"uncont\" ><div class=\"vc_row row-internal row-container boomapps_vcrow\"><div class=\"row row-child\"><div class=\"wpb_row row-inner\"><div class=\"wpb_column pos-top pos-center align_left column_child col-lg-12 boomapps_vccolumn single-internal-gutter\"><div class=\"uncol style-dark\" ><div class=\"uncoltable\"><div class=\"uncell  boomapps_vccolumn no-block-padding\" ><div class=\"uncont\" ><div class=\"vc_custom_heading_wrap\"><div class=\"heading-text el-text\" ><\/p>\n<h1>Informations sur les indemnit\u00e9s de voyage<\/h1>\n<p>\n<hr class=\"separator-break separator-accent\" \/><\/div><div class=\"clear\"><\/div><\/div><div class=\"empty-space empty-single\" ><span class=\"empty-space-inner\"><\/span><\/div>\n<div class=\"uncode_text_column\" ><\/p>\n<h2>\ud83d\udccd Voyage vers le hangar ou le bureau<\/h2>\n<p>Les frais de d\u00e9placement vers et depuis notre entrep\u00f4t ou notre si\u00e8ge social rel\u00e8vent du trajet domicile-travail et sont donc \u00e0 votre charge.<br \/>\nCette disposition s'applique aux voyages aller et retour, sauf accord pr\u00e9alable.<\/p>\n<p>-<\/p>\n<h2>\ud83d\ude8c Voyage vers le lieu d'affectation<\/h2>\n<p>Vous vous rendez directement sur le lieu d'un \u00e9v\u00e9nement, en utilisant votre propre moyen de transport ou les transports publics ? Dans ce cas, les r\u00e8gles suivantes s'appliquent :<\/p>\n<ul>\n<li>Le premier <strong>30 minutes de trajet <\/strong>sont pour leur propre compte (trajet domicile-travail).<\/li>\n<li>Tout temps de d\u00e9placement sup\u00e9rieur \u00e0 ces 30 minutes sera int\u00e9gralement r\u00e9mun\u00e9r\u00e9 \u00e0 votre taux horaire normal.<\/li>\n<\/ul>\n<p>-<\/p>\n<h2>\ud83d\udcb0 Indemnit\u00e9 kilom\u00e9trique<\/h2>\n<p>Si vous vous rendez sur le lieu d'affectation avec votre propre voiture, vous recevrez une indemnit\u00e9 kilom\u00e9trique de <strong>0,23 \u20ac par kilom\u00e8tre<\/strong>.<br \/>\nCette indemnit\u00e9 s'applique \u00e0 tous les kilom\u00e8tres parcourus dans le cadre de l'activit\u00e9 professionnelle.<br \/>\nVeillez \u00e0 noter ou \u00e0 d\u00e9clarer correctement ces kilom\u00e8tres apr\u00e8s chaque p\u00e9riode de travail.<\/p>\n<p>-<\/p>\n<h2>R\u00e9sum\u00e9<\/h2>\n<p>Chez Be Our Guest Events, nous pensons qu'il est important que chacun soit r\u00e9compens\u00e9 de mani\u00e8re \u00e9quitable et transparente. Votre engagement, votre temps et votre pr\u00e9sence sont pr\u00e9cieux - et nous aimons le montrer dans notre structure de r\u00e9mun\u00e9ration.<\/p>\n<ul>\n<li>\ud83d\udc8e <strong>Transparence et honn\u00eatet\u00e9<\/strong> sont centrales.<\/li>\n<li>\ud83d\udcaa Votre engagement et votre pr\u00e9sence sont toujours appr\u00e9ci\u00e9s.<\/li>\n<li>\ud83d\udd52 Vous serez r\u00e9mun\u00e9r\u00e9 pour tout le temps pass\u00e9 sur place - y compris le temps d'attente et le temps de d\u00e9placement au-del\u00e0 des 30 premi\u00e8res minutes.<\/li>\n<li>\ud83e\udd1d Nous travaillons sur la base de la confiance, de l'\u00e9quit\u00e9 et du travail d'\u00e9quipe.<\/li>\n<\/ul>\n<p>-<\/p>\n<p>Votre temps est pr\u00e9cieux et nous veillons \u00e0 ce qu'il soit r\u00e9mun\u00e9r\u00e9 de mani\u00e8re \u00e9quitable, claire et valorisante.<br \/>\nC'est notre promesse. \ud83d\udcaa\ud83d\udcb0<\/p>\n<\/div><div class=\"divider-wrapper\"  >\n    <hr class=\"border-accent-color separator-no-padding\"  \/>\n<\/div>\n<\/div><\/div><\/div><\/div><\/div><\/div><\/div><\/div><\/div><\/div><\/div><\/div><\/div><script id=\"script-row-unique-0\" data-row=\"script-row-unique-0\" type=\"text\/javascript\" class=\"vc_controls\">UNCODE.initRow(document.getElementById(\"row-unique-0\"));<\/script><\/div><\/div><\/div>\n<\/div>","protected":false},"excerpt":{"rendered":"Reiskostenvergoeding informatie \ud83d\udccd Reizen naar de loods of het kantoor Reiskosten van en naar onze loods of het hoofdkantoor vallen [...]","protected":false},"author":1,"featured_media":0,"parent":71016,"menu_order":0,"comment_status":"closed","ping_status":"closed","template":"","meta":{"footnotes":""},"class_list":["post-71538","page","type-page","status-publish","hentry","page_category-personeel-portaal"],"_links":{"self":[{"href":"https:\/\/royalcasinocompany.nl\/fr\/wp-json\/wp\/v2\/pages\/71538","targetHints":{"allow":["GET"]}}],"collection":[{"href":"https:\/\/royalcasinocompany.nl\/fr\/wp-json\/wp\/v2\/pages"}],"about":[{"href":"https:\/\/royalcasinocompany.nl\/fr\/wp-json\/wp\/v2\/types\/page"}],"author":[{"embeddable":true,"href":"https:\/\/royalcasinocompany.nl\/fr\/wp-json\/wp\/v2\/users\/1"}],"replies":[{"embeddable":true,"href":"https:\/\/royalcasinocompany.nl\/fr\/wp-json\/wp\/v2\/comments?post=71538"}],"version-history":[{"count":6,"href":"https:\/\/royalcasinocompany.nl\/fr\/wp-json\/wp\/v2\/pages\/71538\/revisions"}],"predecessor-version":[{"id":71953,"href":"https:\/\/royalcasinocompany.nl\/fr\/wp-json\/wp\/v2\/pages\/71538\/revisions\/71953"}],"up":[{"embeddable":true,"href":"https:\/\/royalcasinocompany.nl\/fr\/wp-json\/wp\/v2\/pages\/71016"}],"wp:attachment":[{"href":"https:\/\/royalcasinocompany.nl\/fr\/wp-json\/wp\/v2\/media?parent=71538"}],"curies":[{"name":"wp","href":"https:\/\/api.w.org\/{rel}","templated":true}]}}