{"id":71721,"date":"2026-01-10T14:01:36","date_gmt":"2026-01-10T13:01:36","guid":{"rendered":"https:\/\/royalcasinocompany.nl\/?page_id=71721"},"modified":"2026-01-15T21:42:43","modified_gmt":"2026-01-15T20:42:43","slug":"amerikaans-roulette","status":"publish","type":"page","link":"https:\/\/royalcasinocompany.nl\/fr\/personeel\/amerikaans-roulette\/","title":{"rendered":"Roulette am\u00e9ricaine"},"content":{"rendered":"<div class=\"wpb-content-wrapper\"><div data-parent=\"true\" class=\"vc_row row-container boomapps_vcrow\" id=\"row-unique-0\"><div class=\"row limit-width row-parent\"><div class=\"wpb_row row-inner\"><div class=\"wpb_column pos-top pos-center align_left column_parent col-lg-12 boomapps_vccolumn single-internal-gutter\"><div class=\"uncol style-dark\"  ><div class=\"uncoltable\"><div class=\"uncell  boomapps_vccolumn no-block-padding\" ><div class=\"uncont\" ><div class=\"vc_row row-internal row-container boomapps_vcrow\"><div class=\"row row-child\"><div class=\"wpb_row row-inner\"><div class=\"wpb_column pos-top pos-center align_left column_child col-lg-12 boomapps_vccolumn single-internal-gutter\"><div class=\"uncol style-dark\" ><div class=\"uncoltable\"><div class=\"uncell  boomapps_vccolumn no-block-padding\" ><div class=\"uncont\" ><div class=\"vc_custom_heading_wrap\"><div class=\"heading-text el-text\" ><\/p>\n<h1>\ud83c\udfb0 Roulette am\u00e9ricaine<\/h1>\n<p>\n<hr class=\"separator-break separator-accent\" \/><\/div><div class=\"clear\"><\/div><\/div><div class=\"empty-space empty-single\" ><span class=\"empty-space-inner\"><\/span><\/div>\n<\/div><\/div><\/div><\/div><\/div><\/div><\/div><\/div><div class=\"vc_row row-internal row-container boomapps_vcrow\"><div class=\"row row-child\"><div class=\"wpb_row row-inner\"><div class=\"wpb_column pos-top pos-center align_left column_child col-lg-12 boomapps_vccolumn single-internal-gutter\"><div class=\"uncol style-dark\" ><div class=\"uncoltable\"><div class=\"uncell  boomapps_vccolumn no-block-padding\" ><div class=\"uncont\" ><div class=\"uncode_text_column\" ><\/p>\n<h3>\ud83c\udfaf Introduction<\/h3>\n<p>La roulette am\u00e9ricaine est un jeu de casino classique et accessible. En tant que croupier, c'est vous qui guidez le jeu, fournissez la structure et assurez une atmosph\u00e8re d\u00e9tendue et professionnelle \u00e0 la table.<\/p>\n<h3>\ud83e\udde0 Qu'est-ce que la roulette am\u00e9ricaine ?<\/h3>\n<p>La roulette am\u00e9ricaine se joue avec une roue de 38 cases : les chiffres 1 \u00e0 36, un z\u00e9ro simple (0) et un double z\u00e9ro (00). C'est la bille qui d\u00e9termine le num\u00e9ro gagnant.<\/p>\n<h3>\ud83d\udde3\ufe0f Comment expliquer ce jeu \u00e0 l'invit\u00e9 ?<\/h3>\n<p>Utilisez des mots simples et prenez votre temps. Concentrez-vous principalement sur les \u00e9l\u00e9ments de base.<\/p>\n<p><strong>Exemples de phrases pour le croupier :<\/strong><\/p>\n<ul>\n<li>\u201cVous pouvez parier sur un num\u00e9ro, sur plusieurs num\u00e9ros ou sur des cotes simples telles que rouge ou noir.\u201d<\/li>\n<li>\u201cUne fois toutes les mises plac\u00e9es, je fais tourner la roue et la boule d\u00e9termine le num\u00e9ro gagnant.\u201d<\/li>\n<li>\u201cLe rouge ou le noir et le pair ou l'impair sont les paris les plus couramment choisis.\u201d<\/li>\n<\/ul>\n<h3>\ud83c\udfb2 Comment se d\u00e9roule le jeu ?<\/h3>\n<p>Les invit\u00e9s placent leurs jetons sur le terrain de jeu. Vous fermez les paris, faites tourner la roue et laissez la boule rouler. Lorsque la boule est immobile, vous annoncez le num\u00e9ro gagnant et vous payez les gagnants.<\/p>\n<p><strong>Annonces pratiques :<\/strong><\/p>\n<ul>\n<li>\u201cMesdames et Messieurs, les paris sont clos\u201d.\u201d<\/li>\n<li>\u201cLe num\u00e9ro gagnant est le 23, rouge.\u201d<\/li>\n<\/ul>\n<h3>\ud83d\udc54 Que fait le croupier ?<\/h3>\n<p>Vous dirigez le jeu, faites tourner la roue, contr\u00f4lez les r\u00e8gles et veillez \u00e0 ce que les paiements soient corrects. Vous \u00eates le point de contact pour les questions.<\/p>\n<h3>\u2728 Points focaux professionnels<\/h3>\n<ul>\n<li>Travailler toujours avec calme et clart\u00e9<\/li>\n<li>Maintenir le contact visuel et rester amical<\/li>\n<li>Toujours appeler le num\u00e9ro \u00e0 haute voix<\/li>\n<li>Ne vous laissez pas bousculer par les invit\u00e9s<\/li>\n<\/ul>\n<p>\n<\/div><\/div><\/div><\/div><\/div><\/div><\/div><\/div><\/div><\/div><\/div><\/div><\/div><\/div><script id=\"script-row-unique-0\" data-row=\"script-row-unique-0\" type=\"text\/javascript\" class=\"vc_controls\">UNCODE.initRow(document.getElementById(\"row-unique-0\"));<\/script><\/div><\/div><\/div>\n<\/div>","protected":false},"excerpt":{"rendered":"\ud83c\udfb0 Amerikaans Roulette \ud83c\udfaf Introductie Amerikaans roulette is een klassiek en toegankelijk casinospel. Als croupier ben jij degene die het [...]","protected":false},"author":1,"featured_media":0,"parent":71016,"menu_order":0,"comment_status":"closed","ping_status":"closed","template":"","meta":{"footnotes":""},"class_list":["post-71721","page","type-page","status-publish","hentry","page_category-personeel-portaal"],"_links":{"self":[{"href":"https:\/\/royalcasinocompany.nl\/fr\/wp-json\/wp\/v2\/pages\/71721","targetHints":{"allow":["GET"]}}],"collection":[{"href":"https:\/\/royalcasinocompany.nl\/fr\/wp-json\/wp\/v2\/pages"}],"about":[{"href":"https:\/\/royalcasinocompany.nl\/fr\/wp-json\/wp\/v2\/types\/page"}],"author":[{"embeddable":true,"href":"https:\/\/royalcasinocompany.nl\/fr\/wp-json\/wp\/v2\/users\/1"}],"replies":[{"embeddable":true,"href":"https:\/\/royalcasinocompany.nl\/fr\/wp-json\/wp\/v2\/comments?post=71721"}],"version-history":[{"count":20,"href":"https:\/\/royalcasinocompany.nl\/fr\/wp-json\/wp\/v2\/pages\/71721\/revisions"}],"predecessor-version":[{"id":71877,"href":"https:\/\/royalcasinocompany.nl\/fr\/wp-json\/wp\/v2\/pages\/71721\/revisions\/71877"}],"up":[{"embeddable":true,"href":"https:\/\/royalcasinocompany.nl\/fr\/wp-json\/wp\/v2\/pages\/71016"}],"wp:attachment":[{"href":"https:\/\/royalcasinocompany.nl\/fr\/wp-json\/wp\/v2\/media?parent=71721"}],"curies":[{"name":"wp","href":"https:\/\/api.w.org\/{rel}","templated":true}]}}