{"id":71728,"date":"2026-01-10T14:10:45","date_gmt":"2026-01-10T13:10:45","guid":{"rendered":"https:\/\/royalcasinocompany.nl\/?page_id=71728"},"modified":"2026-01-10T14:10:45","modified_gmt":"2026-01-10T13:10:45","slug":"blackjack","status":"publish","type":"page","link":"https:\/\/royalcasinocompany.nl\/fr\/personeel\/blackjack\/","title":{"rendered":"Blackjack"},"content":{"rendered":"<div class=\"wpb-content-wrapper\"><div data-parent=\"true\" class=\"vc_row row-container boomapps_vcrow\" id=\"row-unique-0\"><div class=\"row limit-width row-parent\"><div class=\"wpb_row row-inner\"><div class=\"wpb_column pos-top pos-center align_left column_parent col-lg-12 boomapps_vccolumn single-internal-gutter\"><div class=\"uncol style-dark\"  ><div class=\"uncoltable\"><div class=\"uncell  boomapps_vccolumn no-block-padding\" ><div class=\"uncont\" ><div class=\"vc_row row-internal row-container boomapps_vcrow\"><div class=\"row row-child\"><div class=\"wpb_row row-inner\"><div class=\"wpb_column pos-top pos-center align_left column_child col-lg-12 boomapps_vccolumn single-internal-gutter\"><div class=\"uncol style-dark\" ><div class=\"uncoltable\"><div class=\"uncell  boomapps_vccolumn no-block-padding\" ><div class=\"uncont\" ><div class=\"vc_custom_heading_wrap\"><div class=\"heading-text el-text\" ><\/p>\n<h1>\ud83d\udfe2 Blackjack<\/h1>\n<p>\n<hr class=\"separator-break separator-accent\" \/><\/div><div class=\"clear\"><\/div><\/div><div class=\"empty-space empty-single\" ><span class=\"empty-space-inner\"><\/span><\/div>\n<div class=\"uncode_text_column\" ><\/p>\n<h3>\ud83c\udfaf Introduction<\/h3>\n<p>Le blackjack est un jeu de cartes populaire dans lequel les joueurs jouent contre la banque. Ce jeu est facile \u00e0 apprendre, mais n\u00e9cessite des explications claires et un jeu rigoureux.<\/p>\n<h3>\ud83e\udde0 Qu'est-ce que le blackjack ?<\/h3>\n<p>Le but du Blackjack est de s'approcher le plus possible des 21 points sans les d\u00e9passer. Les cartes de 2 \u00e0 10 ont leur propre valeur, les images comptent pour 10 et un as vaut 1 ou 11.<\/p>\n<h3>\ud83d\udde3\ufe0f Comment expliquer ce jeu \u00e0 l'invit\u00e9 ?<\/h3>\n<p>Commencez toujours par l'objectif du jeu et utilisez des termes reconnaissables.<\/p>\n<p><strong>Exemples de phrases pour le croupier :<\/strong><\/p>\n<ul>\n<li>\u201cL'objectif est de se rapprocher de 21 par rapport au croupier, sans le d\u00e9passer\u201d, a-t-il d\u00e9clar\u00e9.\u201d<\/li>\n<li>\u201cVous pouvez choisir de jouer une carte suppl\u00e9mentaire, ce que nous appelons un \u2018hit\u2019, ou de passer, ce qui est un \u2018stand\u2019.\u201d<\/li>\n<li>\u201cSi vous d\u00e9passez 21 ans, vous perdez automatiquement.\u201d<\/li>\n<\/ul>\n<h3>\ud83c\udfb2 Comment se d\u00e9roule le jeu ?<\/h3>\n<p>Chaque joueur re\u00e7oit deux cartes. Le croupier re\u00e7oit \u00e9galement des cartes. Les joueurs d\u00e9cident s'ils veulent des cartes suppl\u00e9mentaires. Ensuite, ils jouent leur main selon les r\u00e8gles \u00e9tablies.<\/p>\n<p><strong>Annonces pratiques :<\/strong><\/p>\n<ul>\n<li>\u201cVous voulez une autre carte ou vous passez ?\u201d<\/li>\n<li>\u201cLe croupier joue au moins jusqu'\u00e0 17.\u201d<\/li>\n<\/ul>\n<h3>\ud83d\udc54 Que fait le croupier ?<\/h3>\n<p>Vous distribuez les cartes, contr\u00f4lez les r\u00e8gles, guidez les joueurs et veillez \u00e0 ce que les gains soient corrects.<\/p>\n<h3>\u2728 Points focaux professionnels<\/h3>\n<ul>\n<li>Jouer toujours au m\u00eame rythme<\/li>\n<li>Aider les nouveaux joueurs sans les encadrer<\/li>\n<li>Garder les cartes bien visibles<\/li>\n<li>Rester neutre et professionnel<\/li>\n<\/ul>\n<p>\n<\/div><\/div><\/div><\/div><\/div><\/div><\/div><\/div><\/div><\/div><\/div><\/div><\/div><\/div><script id=\"script-row-unique-0\" data-row=\"script-row-unique-0\" type=\"text\/javascript\" class=\"vc_controls\">UNCODE.initRow(document.getElementById(\"row-unique-0\"));<\/script><\/div><\/div><\/div>\n<\/div>","protected":false},"excerpt":{"rendered":"\ud83d\udfe2 Blackjack \ud83c\udfaf Introductie Blackjack is een populair kaartspel waarbij spelers tegen de bank spelen. Het spel is eenvoudig te [...]","protected":false},"author":1,"featured_media":0,"parent":71016,"menu_order":0,"comment_status":"closed","ping_status":"closed","template":"","meta":{"footnotes":""},"class_list":["post-71728","page","type-page","status-publish","hentry","page_category-personeel-portaal"],"_links":{"self":[{"href":"https:\/\/royalcasinocompany.nl\/fr\/wp-json\/wp\/v2\/pages\/71728","targetHints":{"allow":["GET"]}}],"collection":[{"href":"https:\/\/royalcasinocompany.nl\/fr\/wp-json\/wp\/v2\/pages"}],"about":[{"href":"https:\/\/royalcasinocompany.nl\/fr\/wp-json\/wp\/v2\/types\/page"}],"author":[{"embeddable":true,"href":"https:\/\/royalcasinocompany.nl\/fr\/wp-json\/wp\/v2\/users\/1"}],"replies":[{"embeddable":true,"href":"https:\/\/royalcasinocompany.nl\/fr\/wp-json\/wp\/v2\/comments?post=71728"}],"version-history":[{"count":1,"href":"https:\/\/royalcasinocompany.nl\/fr\/wp-json\/wp\/v2\/pages\/71728\/revisions"}],"predecessor-version":[{"id":71729,"href":"https:\/\/royalcasinocompany.nl\/fr\/wp-json\/wp\/v2\/pages\/71728\/revisions\/71729"}],"up":[{"embeddable":true,"href":"https:\/\/royalcasinocompany.nl\/fr\/wp-json\/wp\/v2\/pages\/71016"}],"wp:attachment":[{"href":"https:\/\/royalcasinocompany.nl\/fr\/wp-json\/wp\/v2\/media?parent=71728"}],"curies":[{"name":"wp","href":"https:\/\/api.w.org\/{rel}","templated":true}]}}