{"id":71734,"date":"2026-01-11T12:59:17","date_gmt":"2026-01-11T11:59:17","guid":{"rendered":"https:\/\/royalcasinocompany.nl\/?page_id=71734"},"modified":"2026-01-11T12:59:17","modified_gmt":"2026-01-11T11:59:17","slug":"money-wheel","status":"publish","type":"page","link":"https:\/\/royalcasinocompany.nl\/fr\/personeel\/money-wheel\/","title":{"rendered":"Roue de l'argent"},"content":{"rendered":"<div class=\"wpb-content-wrapper\"><div data-parent=\"true\" class=\"vc_row row-container boomapps_vcrow\" id=\"row-unique-0\"><div class=\"row limit-width row-parent\"><div class=\"wpb_row row-inner\"><div class=\"wpb_column pos-top pos-center align_left column_parent col-lg-12 boomapps_vccolumn single-internal-gutter\"><div class=\"uncol style-dark\"  ><div class=\"uncoltable\"><div class=\"uncell  boomapps_vccolumn no-block-padding\" ><div class=\"uncont\" ><div class=\"vc_row row-internal row-container boomapps_vcrow\"><div class=\"row row-child\"><div class=\"wpb_row row-inner\"><div class=\"wpb_column pos-top pos-center align_left column_child col-lg-12 boomapps_vccolumn single-internal-gutter\"><div class=\"uncol style-dark\" ><div class=\"uncoltable\"><div class=\"uncell  boomapps_vccolumn no-block-padding\" ><div class=\"uncont\" ><div class=\"vc_custom_heading_wrap\"><div class=\"heading-text el-text\" ><\/p>\n<h1>\ud83c\udfa1 Roue de l'argent<\/h1>\n<p>\n<hr class=\"separator-break separator-accent\" \/><\/div><div class=\"clear\"><\/div><\/div><div class=\"empty-space empty-single\" ><span class=\"empty-space-inner\"><\/span><\/div>\n<div class=\"uncode_text_column\" ><\/p>\n<h3>\ud83c\udfaf Introduction<\/h3>\n<p>Money Wheel est un jeu visuel et \u00e9nergique, parfait pour le divertissement. Le jeu est accessible et cr\u00e9e rapidement une interaction avec les invit\u00e9s.<\/p>\n<h3>\ud83e\udde0 Qu'est-ce que la roue de l'argent ?<\/h3>\n<p>Le jeu consiste en une grande roue qui tourne avec plusieurs cases. Chaque compartiment a son propre paiement.<\/p>\n<h3>\ud83d\udde3\ufe0f Comment expliquer ce jeu \u00e0 l'invit\u00e9 ?<\/h3>\n<p>L'explication doit \u00eatre courte et enthousiaste.<\/p>\n<p><strong>Exemples de phrases pour le croupier :<\/strong><\/p>\n<ul>\n<li>\u201cVous pariez sur la case o\u00f9 vous pensez que la roue s'arr\u00eatera.\u201d<\/li>\n<li>\u201cJe fais tourner la roue et la bo\u00eete o\u00f9 elle s'arr\u00eate est gagnante.\u201d<\/li>\n<li>\u201cPlus le nombre est \u00e9lev\u00e9, plus la r\u00e9mun\u00e9ration est importante.\u201d<\/li>\n<\/ul>\n<h3>\ud83c\udfb2 Comment se d\u00e9roule le jeu ?<\/h3>\n<p>Apr\u00e8s avoir plac\u00e9 les mises, vous faites tourner la roue. Lorsque la roue s'arr\u00eate, vous d\u00e9terminez le gagnant et vous payez.<\/p>\n<h3>\ud83d\udc54 Que fait le croupier ?<\/h3>\n<p>Vous supervisez les paris, faites tourner la roue et veillez \u00e0 ce que les paiements soient corrects.<\/p>\n<h3>\u2728 Points focaux professionnels<\/h3>\n<ul>\n<li>\u00catre \u00e9nergique et enthousiaste<\/li>\n<li>Annoncer clairement<\/li>\n<li>Laisser la roue se d\u00e9rouler compl\u00e8tement<\/li>\n<li>Maintenir un rythme de jeu \u00e9lev\u00e9<\/li>\n<\/ul>\n<p>\n<\/div><\/div><\/div><\/div><\/div><\/div><\/div><\/div><\/div><\/div><\/div><\/div><\/div><\/div><script id=\"script-row-unique-0\" data-row=\"script-row-unique-0\" type=\"text\/javascript\" class=\"vc_controls\">UNCODE.initRow(document.getElementById(\"row-unique-0\"));<\/script><\/div><\/div><\/div>\n<\/div>","protected":false},"excerpt":{"rendered":"\ud83c\udfa1 Money Wheel \ud83c\udfaf Introductie Money Wheel is een visueel en energiek spel dat perfect is voor entertainment. Het spel [...]","protected":false},"author":1,"featured_media":0,"parent":71016,"menu_order":0,"comment_status":"closed","ping_status":"closed","template":"","meta":{"footnotes":""},"class_list":["post-71734","page","type-page","status-publish","hentry","page_category-personeel-portaal"],"_links":{"self":[{"href":"https:\/\/royalcasinocompany.nl\/fr\/wp-json\/wp\/v2\/pages\/71734","targetHints":{"allow":["GET"]}}],"collection":[{"href":"https:\/\/royalcasinocompany.nl\/fr\/wp-json\/wp\/v2\/pages"}],"about":[{"href":"https:\/\/royalcasinocompany.nl\/fr\/wp-json\/wp\/v2\/types\/page"}],"author":[{"embeddable":true,"href":"https:\/\/royalcasinocompany.nl\/fr\/wp-json\/wp\/v2\/users\/1"}],"replies":[{"embeddable":true,"href":"https:\/\/royalcasinocompany.nl\/fr\/wp-json\/wp\/v2\/comments?post=71734"}],"version-history":[{"count":2,"href":"https:\/\/royalcasinocompany.nl\/fr\/wp-json\/wp\/v2\/pages\/71734\/revisions"}],"predecessor-version":[{"id":71736,"href":"https:\/\/royalcasinocompany.nl\/fr\/wp-json\/wp\/v2\/pages\/71734\/revisions\/71736"}],"up":[{"embeddable":true,"href":"https:\/\/royalcasinocompany.nl\/fr\/wp-json\/wp\/v2\/pages\/71016"}],"wp:attachment":[{"href":"https:\/\/royalcasinocompany.nl\/fr\/wp-json\/wp\/v2\/media?parent=71734"}],"curies":[{"name":"wp","href":"https:\/\/api.w.org\/{rel}","templated":true}]}}