{"id":71737,"date":"2026-01-11T13:00:48","date_gmt":"2026-01-11T12:00:48","guid":{"rendered":"https:\/\/royalcasinocompany.nl\/?page_id=71737"},"modified":"2026-01-11T13:00:48","modified_gmt":"2026-01-11T12:00:48","slug":"chuck-a-luck","status":"publish","type":"page","link":"https:\/\/royalcasinocompany.nl\/fr\/personeel\/chuck-a-luck\/","title":{"rendered":"Chuck a Luck"},"content":{"rendered":"<div class=\"wpb-content-wrapper\"><div data-parent=\"true\" class=\"vc_row row-container boomapps_vcrow\" id=\"row-unique-0\"><div class=\"row limit-width row-parent\"><div class=\"wpb_row row-inner\"><div class=\"wpb_column pos-top pos-center align_left column_parent col-lg-12 boomapps_vccolumn single-internal-gutter\"><div class=\"uncol style-dark\"  ><div class=\"uncoltable\"><div class=\"uncell  boomapps_vccolumn no-block-padding\" ><div class=\"uncont\" ><div class=\"vc_row row-internal row-container boomapps_vcrow\"><div class=\"row row-child\"><div class=\"wpb_row row-inner\"><div class=\"wpb_column pos-top pos-center align_left column_child col-lg-12 boomapps_vccolumn single-internal-gutter\"><div class=\"uncol style-dark\" ><div class=\"uncoltable\"><div class=\"uncell  boomapps_vccolumn no-block-padding\" ><div class=\"uncont\" ><div class=\"vc_custom_heading_wrap\"><div class=\"heading-text el-text\" ><\/p>\n<h1>\ud83c\udfb2 Chuck-a-Luck<\/h1>\n<p>\n<hr class=\"separator-break separator-accent\" \/><\/div><div class=\"clear\"><\/div><\/div><div class=\"empty-space empty-single\" ><span class=\"empty-space-inner\"><\/span><\/div>\n<div class=\"uncode_text_column\" ><\/p>\n<h3>\ud83c\udfaf Introduction<\/h3>\n<p>Chuck-a-Luck est un jeu de d\u00e9s simple qui fait appel \u00e0 la chance et \u00e0 la rapidit\u00e9. Id\u00e9al pour les invit\u00e9s qui veulent jouer rapidement.<\/p>\n<h3>\ud83e\udde0 Qu'est-ce que Chuck-a-Luck ?<\/h3>\n<p>Le jeu se joue avec trois d\u00e9s. Les joueurs misent sur des num\u00e9ros de 1 \u00e0 6.<\/p>\n<h3>\ud83d\udde3\ufe0f Comment expliquer ce jeu \u00e0 l'invit\u00e9 ?<\/h3>\n<p>Expliquez le paiement en termes simples.<\/p>\n<p><strong>Exemples de phrases pour le croupier :<\/strong><\/p>\n<ul>\n<li>\u201cVous pariez sur un nombre de un \u00e0 six.\u201d<\/li>\n<li>\u201cPlus votre num\u00e9ro tombe souvent, plus le gain est \u00e9lev\u00e9.\u201d<\/li>\n<li>\u201cSi aucun d\u00e9 ne tombe sur votre num\u00e9ro, vous perdez.\u201d<\/li>\n<\/ul>\n<h3>\ud83c\udfb2 Comment se d\u00e9roule le jeu ?<\/h3>\n<p>Apr\u00e8s avoir plac\u00e9 les paris, vous lancez les trois d\u00e9s et d\u00e9terminez les gagnants.<\/p>\n<h3>\ud83d\udc54 Que fait le croupier ?<\/h3>\n<p>Vous g\u00e9rez les paris, lancez les d\u00e9s et payez.<\/p>\n<h3>\u2728 Points focaux professionnels<\/h3>\n<ul>\n<li>Travailler rapidement et clairement<\/li>\n<li>Faire en sorte que le jeu soit amusant et l\u00e9ger<\/li>\n<li>Laisser tomber les d\u00e9s au vu et au su de tout le monde<\/li>\n<\/ul>\n<p>\n<\/div><\/div><\/div><\/div><\/div><\/div><\/div><\/div><\/div><\/div><\/div><\/div><\/div><\/div><script id=\"script-row-unique-0\" data-row=\"script-row-unique-0\" type=\"text\/javascript\" class=\"vc_controls\">UNCODE.initRow(document.getElementById(\"row-unique-0\"));<\/script><\/div><\/div><\/div>\n<\/div>","protected":false},"excerpt":{"rendered":"\ud83c\udfb2 Chuck-a-Luck \ud83c\udfaf Introductie Chuck-a-Luck is een eenvoudig dobbelspel dat draait om geluk en snelheid. Ideaal voor gasten die snel [...]","protected":false},"author":1,"featured_media":0,"parent":71016,"menu_order":0,"comment_status":"closed","ping_status":"closed","template":"","meta":{"footnotes":""},"class_list":["post-71737","page","type-page","status-publish","hentry","page_category-personeel-portaal"],"_links":{"self":[{"href":"https:\/\/royalcasinocompany.nl\/fr\/wp-json\/wp\/v2\/pages\/71737","targetHints":{"allow":["GET"]}}],"collection":[{"href":"https:\/\/royalcasinocompany.nl\/fr\/wp-json\/wp\/v2\/pages"}],"about":[{"href":"https:\/\/royalcasinocompany.nl\/fr\/wp-json\/wp\/v2\/types\/page"}],"author":[{"embeddable":true,"href":"https:\/\/royalcasinocompany.nl\/fr\/wp-json\/wp\/v2\/users\/1"}],"replies":[{"embeddable":true,"href":"https:\/\/royalcasinocompany.nl\/fr\/wp-json\/wp\/v2\/comments?post=71737"}],"version-history":[{"count":2,"href":"https:\/\/royalcasinocompany.nl\/fr\/wp-json\/wp\/v2\/pages\/71737\/revisions"}],"predecessor-version":[{"id":71739,"href":"https:\/\/royalcasinocompany.nl\/fr\/wp-json\/wp\/v2\/pages\/71737\/revisions\/71739"}],"up":[{"embeddable":true,"href":"https:\/\/royalcasinocompany.nl\/fr\/wp-json\/wp\/v2\/pages\/71016"}],"wp:attachment":[{"href":"https:\/\/royalcasinocompany.nl\/fr\/wp-json\/wp\/v2\/media?parent=71737"}],"curies":[{"name":"wp","href":"https:\/\/api.w.org\/{rel}","templated":true}]}}