{"id":71740,"date":"2026-01-11T13:03:14","date_gmt":"2026-01-11T12:03:14","guid":{"rendered":"https:\/\/royalcasinocompany.nl\/?page_id=71740"},"modified":"2026-01-11T13:20:15","modified_gmt":"2026-01-11T12:20:15","slug":"frans-roulette","status":"publish","type":"page","link":"https:\/\/royalcasinocompany.nl\/fr\/personeel\/frans-roulette\/","title":{"rendered":"Roulette fran\u00e7aise"},"content":{"rendered":"<div class=\"wpb-content-wrapper\"><div data-parent=\"true\" class=\"vc_row row-container boomapps_vcrow\" id=\"row-unique-0\"><div class=\"row limit-width row-parent\"><div class=\"wpb_row row-inner\"><div class=\"wpb_column pos-top pos-center align_left column_parent col-lg-12 boomapps_vccolumn single-internal-gutter\"><div class=\"uncol style-dark\"  ><div class=\"uncoltable\"><div class=\"uncell  boomapps_vccolumn no-block-padding\" ><div class=\"uncont\" ><div class=\"vc_row row-internal row-container boomapps_vcrow\"><div class=\"row row-child\"><div class=\"wpb_row row-inner\"><div class=\"wpb_column pos-top pos-center align_left column_child col-lg-12 boomapps_vccolumn single-internal-gutter\"><div class=\"uncol style-dark\" ><div class=\"uncoltable\"><div class=\"uncell  boomapps_vccolumn no-block-padding\" ><div class=\"uncont\" ><div class=\"vc_custom_heading_wrap\"><div class=\"heading-text el-text\" ><\/p>\n<h1>\ud83c\udfb0 Roulette fran\u00e7aise<\/h1>\n<p>\n<hr class=\"separator-break separator-accent\" \/><\/div><div class=\"clear\"><\/div><\/div><div class=\"empty-space empty-single\" ><span class=\"empty-space-inner\"><\/span><\/div>\n<div class=\"uncode_text_column\" ><\/p>\n<h3>\ud83c\udfaf Introduction<\/h3>\n<p>La roulette fran\u00e7aise est une variante \u00e9l\u00e9gante de la roulette avec un seul z\u00e9ro. Cela donne aux joueurs un l\u00e9ger avantage sur la roulette am\u00e9ricaine.<\/p>\n<h3>\ud83e\udde0 Qu'est-ce que la roulette fran\u00e7aise ?<\/h3>\n<p>La roue comporte 37 poches : les chiffres de 1 \u00e0 36 et un z\u00e9ro. Pour certains paris, la r\u00e8gle de \u2018La Partage\u2019 s'applique.<\/p>\n<h3>\ud83d\udde3\ufe0f Comment expliquer ce jeu \u00e0 l'invit\u00e9 ?<\/h3>\n<p>Expliquez notamment la diff\u00e9rence avec la roulette am\u00e9ricaine.<\/p>\n<p><strong>Exemples de phrases pour le croupier :<\/strong><\/p>\n<ul>\n<li>\u201cCette roulette n'a qu'un seul z\u00e9ro.\u201d<\/li>\n<li>\u201cEn rouge\/noir, si vous obtenez z\u00e9ro, vous r\u00e9cup\u00e9rez la moiti\u00e9 de votre mise.\u201d<\/li>\n<\/ul>\n<h3>\ud83c\udfb2 Comment se d\u00e9roule le jeu ?<\/h3>\n<p>Les invit\u00e9s placent leurs paris, vous cl\u00f4turez les paris, vous faites tourner la roue et vous payez.<\/p>\n<h3>\ud83d\udc54 Que fait le croupier ?<\/h3>\n<p>Vous menez le jeu, annoncez les mises et vous vous occupez des paiements.<\/p>\n<h3>\u2728 Points focaux professionnels<\/h3>\n<ul>\n<li>Travailler avec calme et pr\u00e9cision<\/li>\n<li>Utiliser des annonces claires<\/li>\n<li>Un look de casino classique<\/li>\n<\/ul>\n<p>\n<\/div><\/div><\/div><\/div><\/div><\/div><\/div><\/div><\/div><\/div><\/div><\/div><\/div><\/div><script id=\"script-row-unique-0\" data-row=\"script-row-unique-0\" type=\"text\/javascript\" class=\"vc_controls\">UNCODE.initRow(document.getElementById(\"row-unique-0\"));<\/script><\/div><\/div><\/div>\n<\/div>","protected":false},"excerpt":{"rendered":"\ud83c\udfb0 Frans Roulette \ud83c\udfaf Introductie Frans roulette is een elegante roulettevariant met slechts \u00e9\u00e9n nul. Dit geeft spelers een klein [...]","protected":false},"author":1,"featured_media":0,"parent":71016,"menu_order":0,"comment_status":"closed","ping_status":"closed","template":"","meta":{"footnotes":""},"class_list":["post-71740","page","type-page","status-publish","hentry","page_category-personeel-portaal"],"_links":{"self":[{"href":"https:\/\/royalcasinocompany.nl\/fr\/wp-json\/wp\/v2\/pages\/71740","targetHints":{"allow":["GET"]}}],"collection":[{"href":"https:\/\/royalcasinocompany.nl\/fr\/wp-json\/wp\/v2\/pages"}],"about":[{"href":"https:\/\/royalcasinocompany.nl\/fr\/wp-json\/wp\/v2\/types\/page"}],"author":[{"embeddable":true,"href":"https:\/\/royalcasinocompany.nl\/fr\/wp-json\/wp\/v2\/users\/1"}],"replies":[{"embeddable":true,"href":"https:\/\/royalcasinocompany.nl\/fr\/wp-json\/wp\/v2\/comments?post=71740"}],"version-history":[{"count":3,"href":"https:\/\/royalcasinocompany.nl\/fr\/wp-json\/wp\/v2\/pages\/71740\/revisions"}],"predecessor-version":[{"id":71754,"href":"https:\/\/royalcasinocompany.nl\/fr\/wp-json\/wp\/v2\/pages\/71740\/revisions\/71754"}],"up":[{"embeddable":true,"href":"https:\/\/royalcasinocompany.nl\/fr\/wp-json\/wp\/v2\/pages\/71016"}],"wp:attachment":[{"href":"https:\/\/royalcasinocompany.nl\/fr\/wp-json\/wp\/v2\/media?parent=71740"}],"curies":[{"name":"wp","href":"https:\/\/api.w.org\/{rel}","templated":true}]}}