{"id":71745,"date":"2026-01-11T13:06:21","date_gmt":"2026-01-11T12:06:21","guid":{"rendered":"https:\/\/royalcasinocompany.nl\/?page_id=71745"},"modified":"2026-01-11T13:06:33","modified_gmt":"2026-01-11T12:06:33","slug":"craps","status":"publish","type":"page","link":"https:\/\/royalcasinocompany.nl\/fr\/personeel\/craps\/","title":{"rendered":"Craps"},"content":{"rendered":"<div class=\"wpb-content-wrapper\"><div data-parent=\"true\" class=\"vc_row row-container boomapps_vcrow\" id=\"row-unique-0\"><div class=\"row limit-width row-parent\"><div class=\"wpb_row row-inner\"><div class=\"wpb_column pos-top pos-center align_left column_parent col-lg-12 boomapps_vccolumn single-internal-gutter\"><div class=\"uncol style-dark\"  ><div class=\"uncoltable\"><div class=\"uncell  boomapps_vccolumn no-block-padding\" ><div class=\"uncont\" ><div class=\"vc_row row-internal row-container boomapps_vcrow\"><div class=\"row row-child\"><div class=\"wpb_row row-inner\"><div class=\"wpb_column pos-top pos-center align_left column_child col-lg-12 boomapps_vccolumn single-internal-gutter\"><div class=\"uncol style-dark\" ><div class=\"uncoltable\"><div class=\"uncell  boomapps_vccolumn no-block-padding\" ><div class=\"uncont\" ><div class=\"vc_custom_heading_wrap\"><div class=\"heading-text el-text\" ><\/p>\n<h1>\ud83c\udfb2 Craps<\/h1>\n<p>\n<hr class=\"separator-break separator-accent\" \/><\/div><div class=\"clear\"><\/div><\/div><div class=\"empty-space empty-single\" ><span class=\"empty-space-inner\"><\/span><\/div>\n<div class=\"uncode_text_column\" ><\/p>\n<h3>\ud83c\udfaf Introduction<\/h3>\n<p>Le craps est un jeu de d\u00e9s \u00e9nergique avec beaucoup d'interaction. En tant que croupier, vous devez principalement fournir une vue d'ensemble et des explications claires.<\/p>\n<h3>\ud83e\udde0 Qu'est-ce que le craps ?<\/h3>\n<p>Le jeu consiste \u00e0 lancer deux d\u00e9s. Plusieurs paris sont possibles, dont le plus courant est la ligne de passe.<\/p>\n<h3>\ud83d\udde3\ufe0f Comment expliquer ce jeu \u00e0 l'invit\u00e9 ?<\/h3>\n<p>Commencez toujours par l'essentiel.<\/p>\n<p><strong>Exemples de phrases pour le croupier :<\/strong><\/p>\n<ul>\n<li>\u201cNous commen\u00e7ons \u00e0 parier sur la ligne de passe\u201d.\u201d<\/li>\n<li>\u201cA 7 ou 11 ans, on gagne tout de suite.\u201d<\/li>\n<li>\u201cApr\u00e8s le premier lancer, nous jouons jusqu'au point ou jusqu'\u00e0 ce qu'un sept tombe.\u201d<\/li>\n<\/ul>\n<h3>\ud83c\udfb2 Comment se d\u00e9roule le jeu ?<\/h3>\n<p>Le tireur lance les d\u00e9s. En fonction du r\u00e9sultat, il gagne ou perd.<\/p>\n<h3>\ud83d\udc54 Que fait le croupier ?<\/h3>\n<p>Vous supervisez les paris, contr\u00f4lez les r\u00e8gles et veillez \u00e0 ce que le jeu reste ordonn\u00e9.<\/p>\n<h3>\u2728 Points focaux professionnels<\/h3>\n<ul>\n<li>Rester calme dans la foule<\/li>\n<li>Expliquer trop plut\u00f4t que pas assez<\/li>\n<li>Garder le contr\u00f4le de la table<\/li>\n<\/ul>\n<p>\n<\/div><\/div><\/div><\/div><\/div><\/div><\/div><\/div><\/div><\/div><\/div><\/div><\/div><\/div><script id=\"script-row-unique-0\" data-row=\"script-row-unique-0\" type=\"text\/javascript\" class=\"vc_controls\">UNCODE.initRow(document.getElementById(\"row-unique-0\"));<\/script><\/div><\/div><\/div>\n<\/div>","protected":false},"excerpt":{"rendered":"\ud83c\udfb2 Craps \ud83c\udfaf Introductie Craps is een energiek dobbelspel met veel interactie. Als croupier zorg je vooral voor overzicht en [...]","protected":false},"author":1,"featured_media":0,"parent":71016,"menu_order":0,"comment_status":"closed","ping_status":"closed","template":"","meta":{"footnotes":""},"class_list":["post-71745","page","type-page","status-publish","hentry","page_category-personeel-portaal"],"_links":{"self":[{"href":"https:\/\/royalcasinocompany.nl\/fr\/wp-json\/wp\/v2\/pages\/71745","targetHints":{"allow":["GET"]}}],"collection":[{"href":"https:\/\/royalcasinocompany.nl\/fr\/wp-json\/wp\/v2\/pages"}],"about":[{"href":"https:\/\/royalcasinocompany.nl\/fr\/wp-json\/wp\/v2\/types\/page"}],"author":[{"embeddable":true,"href":"https:\/\/royalcasinocompany.nl\/fr\/wp-json\/wp\/v2\/users\/1"}],"replies":[{"embeddable":true,"href":"https:\/\/royalcasinocompany.nl\/fr\/wp-json\/wp\/v2\/comments?post=71745"}],"version-history":[{"count":2,"href":"https:\/\/royalcasinocompany.nl\/fr\/wp-json\/wp\/v2\/pages\/71745\/revisions"}],"predecessor-version":[{"id":71747,"href":"https:\/\/royalcasinocompany.nl\/fr\/wp-json\/wp\/v2\/pages\/71745\/revisions\/71747"}],"up":[{"embeddable":true,"href":"https:\/\/royalcasinocompany.nl\/fr\/wp-json\/wp\/v2\/pages\/71016"}],"wp:attachment":[{"href":"https:\/\/royalcasinocompany.nl\/fr\/wp-json\/wp\/v2\/media?parent=71745"}],"curies":[{"name":"wp","href":"https:\/\/api.w.org\/{rel}","templated":true}]}}