{"id":71755,"date":"2026-01-11T13:31:20","date_gmt":"2026-01-11T12:31:20","guid":{"rendered":"https:\/\/royalcasinocompany.nl\/?page_id=71755"},"modified":"2026-01-15T21:52:12","modified_gmt":"2026-01-15T20:52:12","slug":"xl-dobbelstenen","status":"publish","type":"page","link":"https:\/\/royalcasinocompany.nl\/fr\/personeel\/xl-dobbelstenen\/","title":{"rendered":"D\u00e9s XL"},"content":{"rendered":"<div class=\"wpb-content-wrapper\"><div data-parent=\"true\" class=\"vc_row row-container boomapps_vcrow\" id=\"row-unique-0\"><div class=\"row limit-width row-parent\"><div class=\"wpb_row row-inner\"><div class=\"wpb_column pos-top pos-center align_left column_parent col-lg-12 boomapps_vccolumn single-internal-gutter\"><div class=\"uncol style-dark\"  ><div class=\"uncoltable\"><div class=\"uncell  boomapps_vccolumn no-block-padding\" ><div class=\"uncont\" ><div class=\"vc_row row-internal row-container boomapps_vcrow\"><div class=\"row row-child\"><div class=\"wpb_row row-inner\"><div class=\"wpb_column pos-top pos-center align_left column_child col-lg-8 boomapps_vccolumn single-internal-gutter\"><div class=\"uncol style-dark\" ><div class=\"uncoltable\"><div class=\"uncell  boomapps_vccolumn no-block-padding\" ><div class=\"uncont\" ><div class=\"vc_custom_heading_wrap\"><div class=\"heading-text el-text\" ><\/p>\n<h1>\ud83c\udff7\ufe0f D\u00e9s XL<\/h1>\n<p>\n<hr class=\"separator-break separator-accent\" \/><\/div><div class=\"clear\"><\/div><\/div><div class=\"empty-space empty-single\" ><span class=\"empty-space-inner\"><\/span><\/div>\n<div class=\"uncode_text_column\" ><\/p>\n<h3>\u2139\ufe0f Introduction<\/h3>\n<p>Les d\u00e9s XL sont des \u00e9l\u00e9ments d\u00e9coratifs qui attirent l'attention et donnent instantan\u00e9ment un aspect ludique et luxueux au casino. Ils sont souvent utilis\u00e9s \u00e0 l'entr\u00e9e, dans des arrangements d\u00e9coratifs ou autour des tables de jeu.<\/p>\n<h3>\ud83d\udce6 Qu'est-ce qui sera livr\u00e9 ?<\/h3>\n<ul>\n<li>D\u00e9s d\u00e9coratifs XL (nombre d\u00e9pendant de la r\u00e9servation)<\/li>\n<\/ul>\n<h3>\ud83d\udee0\ufe0f Assemblage et installation sur site<\/h3>\n<ul>\n<li>Placez-les \u00e0 un endroit bien visible, jamais au milieu d'un itin\u00e9raire de promenade.<\/li>\n<li>Meilleurs endroits : entr\u00e9e, point photo, pr\u00e8s d'un cadre, \u00e0 c\u00f4t\u00e9 d'une table de casino.<\/li>\n<li>Assurez-vous qu'ils sont stables et ne peuvent pas se d\u00e9placer.<\/li>\n<\/ul>\n<h3>\ud83c\udfa8 Style et apparence<\/h3>\n<ul>\n<li>Placez-les bien serr\u00e9s et droits, avec les \u201cyeux\u201d visibles vers les invit\u00e9s.<\/li>\n<li>Combinez de pr\u00e9f\u00e9rence avec des puces\/banni\u00e8res\/lettres lumineuses pour obtenir une image compl\u00e8te.<\/li>\n<\/ul>\n<h3>\ud83e\uddfc Contr\u00f4le et finition<\/h3>\n<ul>\n<li>Essuyez la poussi\u00e8re et les traces de doigts avec un chiffon propre.<\/li>\n<li>V\u00e9rifiez le sol autour de l'appareil (pas d'encombrement, c\u00e2bles bien rang\u00e9s).<\/li>\n<\/ul>\n<h3>R\u00e9sultat final<\/h3>\n<p>Les d\u00e9s XL sont \u00e9l\u00e9gants, propres et am\u00e9liorent l'exp\u00e9rience du casino d\u00e8s l'entr\u00e9e.<\/p>\n<\/div><\/div><\/div><\/div><\/div><\/div><div class=\"wpb_column pos-top pos-center align_left column_child col-lg-4 boomapps_vccolumn single-internal-gutter\"><div class=\"uncol style-dark\" ><div class=\"uncoltable\"><div class=\"uncell  boomapps_vccolumn no-block-padding\" ><div class=\"uncont\" ><div class=\"empty-space empty-triple\" ><span class=\"empty-space-inner\"><\/span><\/div>\n<div class=\"uncode-single-media  text-left\"><div class=\"single-wrapper\" style=\"max-width: 100%;\"><div class=\"tmb tmb-light  img-round img-round-std tmb-img-ratio tmb-media-first tmb-media-last tmb-content-overlay tmb-no-bg\"><div class=\"t-inside\"><div class=\"t-entry-visual\"><div class=\"t-entry-visual-tc\"><div class=\"uncode-single-media-wrapper img-round img-round-std\"><div class=\"dummy\" style=\"padding-top: 75%;\"><\/div><img decoding=\"async\" class=\"wp-image-69414\" src=\"https:\/\/royalcasinocompany.nl\/wp-content\/uploads\/2024\/08\/WhatsApp-Image-2024-08-21-at-13.30.53-uai-1536x1152.jpeg\" width=\"1536\" height=\"1152\" alt=\"casino op locatie\" title=\"\"><\/div>\n\t\t\t\t\t<\/div>\n\t\t\t\t<\/div><\/div><\/div><\/div><\/div><div class=\"uncode-single-media  text-left\"><div class=\"single-wrapper\" style=\"max-width: 100%;\"><div class=\"tmb tmb-light  img-round img-round-std tmb-img-ratio tmb-media-first tmb-media-last tmb-content-overlay tmb-no-bg\"><div class=\"t-inside\"><div class=\"t-entry-visual\"><div class=\"t-entry-visual-tc\"><div class=\"uncode-single-media-wrapper img-round img-round-std\"><div class=\"dummy\" style=\"padding-top: 75%;\"><\/div><img decoding=\"async\" class=\"wp-image-69104\" src=\"https:\/\/royalcasinocompany.nl\/wp-content\/uploads\/2024\/05\/IMG_1393-scaled-uai-1920x1440.jpg\" width=\"1920\" height=\"1440\" alt=\"xxl casino doek huren\" title=\"\"><\/div>\n\t\t\t\t\t<\/div>\n\t\t\t\t<\/div><\/div><\/div><\/div><\/div><div class=\"uncode-single-media  text-left\"><div class=\"single-wrapper\" style=\"max-width: 100%;\"><div class=\"tmb tmb-light  img-round img-round-std tmb-img-ratio tmb-media-first tmb-media-last tmb-content-overlay tmb-no-bg\"><div class=\"t-inside\"><div class=\"t-entry-visual\"><div class=\"t-entry-visual-tc\"><div class=\"uncode-single-media-wrapper img-round img-round-std\"><div class=\"dummy\" style=\"padding-top: 75%;\"><\/div><img decoding=\"async\" class=\"wp-image-69007\" src=\"https:\/\/royalcasinocompany.nl\/wp-content\/uploads\/2024\/05\/WhatsApp-Image-2023-12-27-at-10.44.06-9-uai-1066x799.jpeg\" width=\"1066\" height=\"799\" alt=\"XL Dobbelstenen huren\" title=\"\"><\/div>\n\t\t\t\t\t<\/div>\n\t\t\t\t<\/div><\/div><\/div><\/div><\/div><\/div><\/div><\/div><\/div><\/div><\/div><\/div><\/div><\/div><\/div><\/div><\/div><\/div><script id=\"script-row-unique-0\" data-row=\"script-row-unique-0\" type=\"text\/javascript\" class=\"vc_controls\">UNCODE.initRow(document.getElementById(\"row-unique-0\"));<\/script><\/div><\/div><\/div>\n<\/div>","protected":false},"excerpt":{"rendered":"\ud83c\udff7\ufe0f XL Dobbelstenen \u2139\ufe0f Introductie XL dobbelstenen zijn decoratieve eyecatchers die direct een speelse en luxe casino-uitstraling geven. Ze worden [...]","protected":false},"author":1,"featured_media":0,"parent":71016,"menu_order":0,"comment_status":"closed","ping_status":"closed","template":"","meta":{"footnotes":""},"class_list":["post-71755","page","type-page","status-publish","hentry","page_category-personeel-portaal"],"_links":{"self":[{"href":"https:\/\/royalcasinocompany.nl\/fr\/wp-json\/wp\/v2\/pages\/71755","targetHints":{"allow":["GET"]}}],"collection":[{"href":"https:\/\/royalcasinocompany.nl\/fr\/wp-json\/wp\/v2\/pages"}],"about":[{"href":"https:\/\/royalcasinocompany.nl\/fr\/wp-json\/wp\/v2\/types\/page"}],"author":[{"embeddable":true,"href":"https:\/\/royalcasinocompany.nl\/fr\/wp-json\/wp\/v2\/users\/1"}],"replies":[{"embeddable":true,"href":"https:\/\/royalcasinocompany.nl\/fr\/wp-json\/wp\/v2\/comments?post=71755"}],"version-history":[{"count":5,"href":"https:\/\/royalcasinocompany.nl\/fr\/wp-json\/wp\/v2\/pages\/71755\/revisions"}],"predecessor-version":[{"id":71887,"href":"https:\/\/royalcasinocompany.nl\/fr\/wp-json\/wp\/v2\/pages\/71755\/revisions\/71887"}],"up":[{"embeddable":true,"href":"https:\/\/royalcasinocompany.nl\/fr\/wp-json\/wp\/v2\/pages\/71016"}],"wp:attachment":[{"href":"https:\/\/royalcasinocompany.nl\/fr\/wp-json\/wp\/v2\/media?parent=71755"}],"curies":[{"name":"wp","href":"https:\/\/api.w.org\/{rel}","templated":true}]}}