{"id":71758,"date":"2026-01-11T13:33:07","date_gmt":"2026-01-11T12:33:07","guid":{"rendered":"https:\/\/royalcasinocompany.nl\/?page_id=71758"},"modified":"2026-01-15T22:14:31","modified_gmt":"2026-01-15T21:14:31","slug":"xl-casino-chips","status":"publish","type":"page","link":"https:\/\/royalcasinocompany.nl\/fr\/personeel\/xl-casino-chips\/","title":{"rendered":"Jetons de casino XL"},"content":{"rendered":"<div class=\"wpb-content-wrapper\"><div data-parent=\"true\" class=\"vc_row row-container boomapps_vcrow\" id=\"row-unique-0\"><div class=\"row limit-width row-parent\"><div class=\"wpb_row row-inner\"><div class=\"wpb_column pos-top pos-center align_left column_parent col-lg-12 boomapps_vccolumn single-internal-gutter\"><div class=\"uncol style-dark\"  ><div class=\"uncoltable\"><div class=\"uncell  boomapps_vccolumn no-block-padding\" ><div class=\"uncont\" ><div class=\"vc_row row-internal row-container boomapps_vcrow\"><div class=\"row row-child\"><div class=\"wpb_row row-inner\"><div class=\"wpb_column pos-top pos-center align_left column_child col-lg-8 boomapps_vccolumn single-internal-gutter\"><div class=\"uncol style-dark\" ><div class=\"uncoltable\"><div class=\"uncell  boomapps_vccolumn no-block-padding\" ><div class=\"uncont\" ><div class=\"vc_custom_heading_wrap\"><div class=\"heading-text el-text\" ><\/p>\n<h1>\ud83c\udff7\ufe0f XL Jetons de Casino<\/h1>\n<p>\n<hr class=\"separator-break separator-accent\" \/><\/div><div class=\"clear\"><\/div><\/div><div class=\"empty-space empty-single\" ><span class=\"empty-space-inner\"><\/span><\/div>\n<div class=\"uncode_text_column\" ><\/p>\n<h3>\u2139\ufe0f Introduction<\/h3>\n<p>Les jetons de casino XL sont des \u00e9l\u00e9ments d\u00e9coratifs qui donnent une impression de casino imm\u00e9diatement reconnaissable. Ils sont id\u00e9aux pour attirer l'attention \u00e0 un point photo, \u00e0 l'entr\u00e9e ou dans un cadre d\u00e9coratif.<\/p>\n<h3>\ud83d\udce6 Qu'est-ce qui sera livr\u00e9 ?<\/h3>\n<ul>\n<li>Jetons de casino d\u00e9coratifs XL (nombre d\u00e9pendant de la r\u00e9servation)<\/li>\n<\/ul>\n<h3>\ud83d\udee0\ufe0f Assemblage et installation sur site<\/h3>\n<ul>\n<li>Placer sur une surface stable ou contre\/\u00e0 c\u00f4t\u00e9 d'un cadre d\u00e9coratif.<\/li>\n<li>Pas sur les itin\u00e9raires de promenade ; veiller \u00e0 ce qu'il y ait suffisamment d'espace autour d'eux.<\/li>\n<li>Positionner \u00e0 la hauteur des yeux ou juste en dessous pour une visibilit\u00e9 maximale (si contre le cadre).<\/li>\n<\/ul>\n<h3>\ud83c\udfa8 Style et apparence<\/h3>\n<ul>\n<li>Assemblez-les logiquement (1-3 ensemble est souvent plus serr\u00e9 que \u201cen vrac partout\u201d).<\/li>\n<li>Veillez \u00e0 ce que le dessin de la puce soit clairement visible \u00e0 l'avant.<\/li>\n<\/ul>\n<h3>\ud83e\uddfc Contr\u00f4le et finition<\/h3>\n<ul>\n<li>Essuyer la poussi\u00e8re et les traces de doigts.<\/li>\n<li>V\u00e9rifiez qu'il n'y a pas de d\u00e9g\u00e2ts et signalez-les si vous remarquez quoi que ce soit.<\/li>\n<\/ul>\n<h3>R\u00e9sultat final<\/h3>\n<p>Les jetons XL sont propres et bien agenc\u00e9s, comme un accent de casino haut de gamme dans l'ensemble de l'image.<\/p>\n<\/div><\/div><\/div><\/div><\/div><\/div><div class=\"wpb_column pos-top pos-center align_left column_child col-lg-4 boomapps_vccolumn single-internal-gutter\"><div class=\"uncol style-dark\" ><div class=\"uncoltable\"><div class=\"uncell  boomapps_vccolumn no-block-padding\" ><div class=\"uncont\" ><div class=\"empty-space empty-triple\" ><span class=\"empty-space-inner\"><\/span><\/div>\n<div class=\"uncode-single-media  text-left\"><div class=\"single-wrapper\" style=\"max-width: 100%;\"><div class=\"tmb tmb-light  img-round img-round-std tmb-img-ratio tmb-media-first tmb-media-last tmb-content-overlay tmb-no-bg\"><div class=\"t-inside\"><div class=\"t-entry-visual\"><div class=\"t-entry-visual-tc\"><div class=\"uncode-single-media-wrapper img-round img-round-std\"><div class=\"dummy\" style=\"padding-top: 75%;\"><\/div><img decoding=\"async\" class=\"wp-image-65295\" src=\"https:\/\/royalcasinocompany.nl\/wp-content\/uploads\/2023\/05\/IMG_6733-scaled-uai-1920x1440.jpg\" width=\"1920\" height=\"1440\" alt=\"- Royal Casino Company\" title=\"\"><\/div>\n\t\t\t\t\t<\/div>\n\t\t\t\t<\/div><\/div><\/div><\/div><\/div><div class=\"uncode-single-media  text-left\"><div class=\"single-wrapper\" style=\"max-width: 100%;\"><div class=\"tmb tmb-light  img-round img-round-std tmb-img-ratio tmb-media-first tmb-media-last tmb-content-overlay tmb-no-bg\"><div class=\"t-inside\"><div class=\"t-entry-visual\"><div class=\"t-entry-visual-tc\"><div class=\"uncode-single-media-wrapper img-round img-round-std\"><div class=\"dummy\" style=\"padding-top: 75%;\"><\/div><img decoding=\"async\" class=\"wp-image-65584\" src=\"https:\/\/royalcasinocompany.nl\/wp-content\/uploads\/2023\/05\/IMG_2632.jpg\" width=\"1032\" height=\"774\" alt=\"- Royal Casino Company\" title=\"\" srcset=\"https:\/\/royalcasinocompany.nl\/wp-content\/uploads\/2023\/05\/IMG_2632.jpg 1032w, https:\/\/royalcasinocompany.nl\/wp-content\/uploads\/2023\/05\/IMG_2632-300x225.jpg 300w, https:\/\/royalcasinocompany.nl\/wp-content\/uploads\/2023\/05\/IMG_2632-1024x768.jpg 1024w, https:\/\/royalcasinocompany.nl\/wp-content\/uploads\/2023\/05\/IMG_2632-768x576.jpg 768w, https:\/\/royalcasinocompany.nl\/wp-content\/uploads\/2023\/05\/IMG_2632-350x263.jpg 350w\" sizes=\"(max-width: 1032px) 100vw, 1032px\"><\/div>\n\t\t\t\t\t<\/div>\n\t\t\t\t<\/div><\/div><\/div><\/div><\/div><div class=\"uncode-single-media  text-left\"><div class=\"single-wrapper\" style=\"max-width: 100%;\"><div class=\"tmb tmb-light  img-round img-round-std tmb-img-ratio tmb-media-first tmb-media-last tmb-content-overlay tmb-no-bg\"><div class=\"t-inside\"><div class=\"t-entry-visual\"><div class=\"t-entry-visual-tc\"><div class=\"uncode-single-media-wrapper img-round img-round-std\"><div class=\"dummy\" style=\"padding-top: 75%;\"><\/div><img decoding=\"async\" class=\"wp-image-65291\" src=\"https:\/\/royalcasinocompany.nl\/wp-content\/uploads\/2023\/05\/IMG_1438-scaled-uai-1920x1440.jpg\" width=\"1920\" height=\"1440\" alt=\"- Royal Casino Company\" title=\"\"><\/div>\n\t\t\t\t\t<\/div>\n\t\t\t\t<\/div><\/div><\/div><\/div><\/div><\/div><\/div><\/div><\/div><\/div><\/div><\/div><\/div><\/div><\/div><\/div><\/div><\/div><script id=\"script-row-unique-0\" data-row=\"script-row-unique-0\" type=\"text\/javascript\" class=\"vc_controls\">UNCODE.initRow(document.getElementById(\"row-unique-0\"));<\/script><\/div><\/div><\/div>\n<\/div>","protected":false},"excerpt":{"rendered":"\ud83c\udff7\ufe0f XL Casino Chips \u2139\ufe0f Introductie XL casino chips zijn decoratieve elementen die direct een herkenbare casino vibe geven. Ze [...]","protected":false},"author":1,"featured_media":0,"parent":71016,"menu_order":0,"comment_status":"closed","ping_status":"closed","template":"","meta":{"footnotes":""},"class_list":["post-71758","page","type-page","status-publish","hentry","page_category-personeel-portaal"],"_links":{"self":[{"href":"https:\/\/royalcasinocompany.nl\/fr\/wp-json\/wp\/v2\/pages\/71758","targetHints":{"allow":["GET"]}}],"collection":[{"href":"https:\/\/royalcasinocompany.nl\/fr\/wp-json\/wp\/v2\/pages"}],"about":[{"href":"https:\/\/royalcasinocompany.nl\/fr\/wp-json\/wp\/v2\/types\/page"}],"author":[{"embeddable":true,"href":"https:\/\/royalcasinocompany.nl\/fr\/wp-json\/wp\/v2\/users\/1"}],"replies":[{"embeddable":true,"href":"https:\/\/royalcasinocompany.nl\/fr\/wp-json\/wp\/v2\/comments?post=71758"}],"version-history":[{"count":6,"href":"https:\/\/royalcasinocompany.nl\/fr\/wp-json\/wp\/v2\/pages\/71758\/revisions"}],"predecessor-version":[{"id":71901,"href":"https:\/\/royalcasinocompany.nl\/fr\/wp-json\/wp\/v2\/pages\/71758\/revisions\/71901"}],"up":[{"embeddable":true,"href":"https:\/\/royalcasinocompany.nl\/fr\/wp-json\/wp\/v2\/pages\/71016"}],"wp:attachment":[{"href":"https:\/\/royalcasinocompany.nl\/fr\/wp-json\/wp\/v2\/media?parent=71758"}],"curies":[{"name":"wp","href":"https:\/\/api.w.org\/{rel}","templated":true}]}}