{"id":71761,"date":"2026-01-11T13:34:48","date_gmt":"2026-01-11T12:34:48","guid":{"rendered":"https:\/\/royalcasinocompany.nl\/?page_id=71761"},"modified":"2026-01-15T21:49:42","modified_gmt":"2026-01-15T20:49:42","slug":"xl-lichtletters","status":"publish","type":"page","link":"https:\/\/royalcasinocompany.nl\/fr\/personeel\/xl-lichtletters\/","title":{"rendered":"XL Lettres l\u00e9g\u00e8res"},"content":{"rendered":"<div class=\"wpb-content-wrapper\"><div data-parent=\"true\" class=\"vc_row row-container boomapps_vcrow\" id=\"row-unique-0\"><div class=\"row limit-width row-parent\"><div class=\"wpb_row row-inner\"><div class=\"wpb_column pos-top pos-center align_left column_parent col-lg-12 boomapps_vccolumn single-internal-gutter\"><div class=\"uncol style-dark\"  ><div class=\"uncoltable\"><div class=\"uncell  boomapps_vccolumn no-block-padding\" ><div class=\"uncont\" ><div class=\"vc_row row-internal row-container boomapps_vcrow\"><div class=\"row row-child\"><div class=\"wpb_row row-inner\"><div class=\"wpb_column pos-top pos-center align_left column_child col-lg-8 boomapps_vccolumn single-internal-gutter\"><div class=\"uncol style-dark\" ><div class=\"uncoltable\"><div class=\"uncell  boomapps_vccolumn no-block-padding\" ><div class=\"uncont\" ><div class=\"vc_custom_heading_wrap\"><div class=\"heading-text el-text\" ><\/p>\n<h1>\ud83c\udff7\ufe0f XL Lettres l\u00e9g\u00e8res<\/h1>\n<p>\n<hr class=\"separator-break separator-accent\" \/><\/div><div class=\"clear\"><\/div><\/div><div class=\"empty-space empty-single\" ><span class=\"empty-space-inner\"><\/span><\/div>\n<div class=\"uncode_text_column\" ><\/p>\n<h3>\u2139\ufe0f Introduction<\/h3>\n<p>Les lettres lumineuses XL cr\u00e9ent une atmosph\u00e8re, un aspect luxueux et un facteur d'attraction \u00e9vident. Elles sont souvent plac\u00e9es en toile de fond ou pour attirer le regard (par exemple : CASINO).<\/p>\n<h3>\ud83d\udce6 Qu'est-ce qui sera livr\u00e9 ?<\/h3>\n<ul>\n<li>Lettres lumineuses XL<\/li>\n<li>C\u00e2blage \/ prises (le cas \u00e9ch\u00e9ant)<\/li>\n<\/ul>\n<h3>\ud83d\udee0\ufe0f Assemblage et installation sur site<\/h3>\n<ul>\n<li>Placer sur une surface plane et stable (de pr\u00e9f\u00e9rence contre un mur ou un support).<\/li>\n<li>Placez les lettres en une ligne serr\u00e9e ; veillez \u00e0 ce qu'elles ne vacillent pas.<\/li>\n<li>Acheminez les c\u00e2bles proprement (le long du mur\/du bord) et \u00e9vitez les risques de tr\u00e9buchement.<\/li>\n<li>Dans la mesure du possible, utilisez un seul point d'alimentation central et veillez \u00e0 ce qu'il ne soit pas encombr\u00e9.<\/li>\n<\/ul>\n<h3>\ud83c\udfa8 Style et apparence<\/h3>\n<ul>\n<li>Placez les lettres de mani\u00e8re sym\u00e9trique et \u00e0 \u00e9gale distance les unes des autres.<\/li>\n<li>Laissez les lettres \u201clibres\u201d : pas de moiti\u00e9 derri\u00e8re des tables ou des \u00e9l\u00e9ments de d\u00e9cor.<\/li>\n<\/ul>\n<h3>\ud83e\uddfc Contr\u00f4le et finition<\/h3>\n<ul>\n<li>V\u00e9rifier que toutes les lumi\u00e8res fonctionnent.<\/li>\n<li>Essuyez les taches et les traces de doigts, en particulier sur la face avant.<\/li>\n<li>V\u00e9rifier les c\u00e2bles : rien de l\u00e2che, rien dans la passerelle.<\/li>\n<\/ul>\n<h3>R\u00e9sultat final<\/h3>\n<p>Les lettres lumineuses sont \u00e9l\u00e9gantes, tout fonctionne, les c\u00e2bles sont soigneusement dissimul\u00e9s et le produit attire tous les regards.<\/p>\n<\/div><\/div><\/div><\/div><\/div><\/div><div class=\"wpb_column pos-top pos-center align_left column_child col-lg-4 boomapps_vccolumn single-internal-gutter\"><div class=\"uncol style-dark\" ><div class=\"uncoltable\"><div class=\"uncell  boomapps_vccolumn no-block-padding\" ><div class=\"uncont\" ><div class=\"empty-space empty-triple\" ><span class=\"empty-space-inner\"><\/span><\/div>\n<div class=\"uncode-single-media  text-left\"><div class=\"single-wrapper\" style=\"max-width: 100%;\"><div class=\"tmb tmb-light  img-round img-round-std tmb-img-ratio tmb-media-first tmb-media-last tmb-content-overlay tmb-no-bg\"><div class=\"t-inside\"><div class=\"t-entry-visual\"><div class=\"t-entry-visual-tc\"><div class=\"uncode-single-media-wrapper img-round img-round-std\"><div class=\"dummy\" style=\"padding-top: 75%;\"><\/div><img decoding=\"async\" class=\"wp-image-69045\" src=\"https:\/\/royalcasinocompany.nl\/wp-content\/uploads\/2024\/05\/WhatsApp-Image-2024-05-26-at-15.01.04-1-uai-1200x900.jpeg\" width=\"1200\" height=\"900\" alt=\"- Royal Casino Company\" title=\"\"><\/div>\n\t\t\t\t\t<\/div>\n\t\t\t\t<\/div><\/div><\/div><\/div><\/div><div class=\"uncode-single-media  text-left\"><div class=\"single-wrapper\" style=\"max-width: 100%;\"><div class=\"tmb tmb-light  img-round img-round-std tmb-img-ratio tmb-media-first tmb-media-last tmb-content-overlay tmb-no-bg\"><div class=\"t-inside\"><div class=\"t-entry-visual\"><div class=\"t-entry-visual-tc\"><div class=\"uncode-single-media-wrapper img-round img-round-std\"><div class=\"dummy\" style=\"padding-top: 75%;\"><\/div><img decoding=\"async\" class=\"wp-image-68480\" src=\"https:\/\/royalcasinocompany.nl\/wp-content\/uploads\/2024\/05\/20230210-184413-JTI-scaled-uai-2277x1708.jpg\" width=\"2277\" height=\"1708\" alt=\"Lichtletters huren\" title=\"\"><\/div>\n\t\t\t\t\t<\/div>\n\t\t\t\t<\/div><\/div><\/div><\/div><\/div><div class=\"uncode-single-media  text-left\"><div class=\"single-wrapper\" style=\"max-width: 100%;\"><div class=\"tmb tmb-light  tmb-img-ratio tmb-media-first tmb-media-last tmb-content-overlay tmb-no-bg\"><div class=\"t-inside\"><div class=\"t-entry-visual\"><div class=\"t-entry-visual-tc\"><div class=\"uncode-single-media-wrapper\"><div class=\"dummy\" style=\"padding-top: 75%;\"><\/div><img decoding=\"async\" class=\"wp-image-69178\" src=\"https:\/\/royalcasinocompany.nl\/wp-content\/uploads\/2024\/06\/IMG_E3090-scaled-uai-2537x1903.jpg\" width=\"2537\" height=\"1903\" alt=\"XL casino boog huren\" title=\"\"><\/div>\n\t\t\t\t\t<\/div>\n\t\t\t\t<\/div><\/div><\/div><\/div><\/div><\/div><\/div><\/div><\/div><\/div><\/div><\/div><\/div><\/div><\/div><\/div><\/div><\/div><script id=\"script-row-unique-0\" data-row=\"script-row-unique-0\" type=\"text\/javascript\" class=\"vc_controls\">UNCODE.initRow(document.getElementById(\"row-unique-0\"));<\/script><\/div><\/div><\/div>\n<\/div>","protected":false},"excerpt":{"rendered":"\ud83c\udff7\ufe0f XL Lichtletters \u2139\ufe0f Introductie XL lichtletters zorgen voor sfeer, luxe uitstraling en een duidelijke \u201cwow-factor\u201d. Ze worden vaak geplaatst [...]","protected":false},"author":1,"featured_media":0,"parent":71016,"menu_order":0,"comment_status":"closed","ping_status":"closed","template":"","meta":{"footnotes":""},"class_list":["post-71761","page","type-page","status-publish","hentry","page_category-personeel-portaal"],"_links":{"self":[{"href":"https:\/\/royalcasinocompany.nl\/fr\/wp-json\/wp\/v2\/pages\/71761","targetHints":{"allow":["GET"]}}],"collection":[{"href":"https:\/\/royalcasinocompany.nl\/fr\/wp-json\/wp\/v2\/pages"}],"about":[{"href":"https:\/\/royalcasinocompany.nl\/fr\/wp-json\/wp\/v2\/types\/page"}],"author":[{"embeddable":true,"href":"https:\/\/royalcasinocompany.nl\/fr\/wp-json\/wp\/v2\/users\/1"}],"replies":[{"embeddable":true,"href":"https:\/\/royalcasinocompany.nl\/fr\/wp-json\/wp\/v2\/comments?post=71761"}],"version-history":[{"count":11,"href":"https:\/\/royalcasinocompany.nl\/fr\/wp-json\/wp\/v2\/pages\/71761\/revisions"}],"predecessor-version":[{"id":71885,"href":"https:\/\/royalcasinocompany.nl\/fr\/wp-json\/wp\/v2\/pages\/71761\/revisions\/71885"}],"up":[{"embeddable":true,"href":"https:\/\/royalcasinocompany.nl\/fr\/wp-json\/wp\/v2\/pages\/71016"}],"wp:attachment":[{"href":"https:\/\/royalcasinocompany.nl\/fr\/wp-json\/wp\/v2\/media?parent=71761"}],"curies":[{"name":"wp","href":"https:\/\/api.w.org\/{rel}","templated":true}]}}