{"id":71772,"date":"2026-01-11T13:41:17","date_gmt":"2026-01-11T12:41:17","guid":{"rendered":"https:\/\/royalcasinocompany.nl\/?page_id=71772"},"modified":"2026-01-15T21:54:58","modified_gmt":"2026-01-15T20:54:58","slug":"xxl-casino-banners","status":"publish","type":"page","link":"https:\/\/royalcasinocompany.nl\/fr\/personeel\/xxl-casino-banners\/","title":{"rendered":"Banni\u00e8res de casino XXL"},"content":{"rendered":"<div class=\"wpb-content-wrapper\"><div data-parent=\"true\" class=\"vc_row row-container boomapps_vcrow\" id=\"row-unique-0\"><div class=\"row limit-width row-parent\"><div class=\"wpb_row row-inner\"><div class=\"wpb_column pos-top pos-center align_left column_parent col-lg-12 boomapps_vccolumn single-internal-gutter\"><div class=\"uncol style-dark\"  ><div class=\"uncoltable\"><div class=\"uncell  boomapps_vccolumn no-block-padding\" ><div class=\"uncont\" ><div class=\"vc_row row-internal row-container boomapps_vcrow\"><div class=\"row row-child\"><div class=\"wpb_row row-inner\"><div class=\"wpb_column pos-top pos-center align_left column_child col-lg-8 boomapps_vccolumn single-internal-gutter\"><div class=\"uncol style-dark\" ><div class=\"uncoltable\"><div class=\"uncell  boomapps_vccolumn no-block-padding\" ><div class=\"uncont\" ><div class=\"vc_custom_heading_wrap\"><div class=\"heading-text el-text\" ><\/p>\n<h1>\ud83c\udff7\ufe0f Banni\u00e8res de casino XXL<\/h1>\n<p>\n<hr class=\"separator-break separator-accent\" \/><\/div><div class=\"clear\"><\/div><\/div><div class=\"empty-space empty-single\" ><span class=\"empty-space-inner\"><\/span><\/div>\n<div class=\"uncode_text_column\" ><\/p>\n<h3>\u2139\ufe0f Introduction<\/h3>\n<p>Les banni\u00e8res de casino XXL sont de grandes toiles de fond qui transforment instantan\u00e9ment une pi\u00e8ce en un v\u00e9ritable casino. Parfaites pour les photos et comme toile de fond de la zone du casino.<\/p>\n<h3>\ud83d\udce6 Qu'est-ce qui sera livr\u00e9 ?<\/h3>\n<ul>\n<li>Banni\u00e8res de casino XXL<\/li>\n<\/ul>\n<h3>\ud83d\udee0\ufe0f Assemblage et installation sur site<\/h3>\n<ul>\n<li>Placez la banni\u00e8re dans un endroit large et visible o\u00f9 elle sera pleinement mise en valeur.<\/li>\n<li>Tendez-le et placez-le bien droit ; faites attention \u00e0 la ligne du dessus.<\/li>\n<li>Veillez \u00e0 ce qu'il y ait suffisamment d'espace pour que les invit\u00e9s puissent prendre des photos.<\/li>\n<\/ul>\n<h3>\ud83c\udfa8 Style et apparence<\/h3>\n<ul>\n<li>En faire une \u201czone de jeu\u201d : banni\u00e8re + 2 ou 3 pi\u00e8ces de jeu ajout\u00e9es.<\/li>\n<li>\u00c9vitez les bords semi-visibles ou l'encombrement tout autour.<\/li>\n<\/ul>\n<h3>\ud83e\uddfc Contr\u00f4le et finition<\/h3>\n<ul>\n<li>\u00c9liminez les plis dans la mesure du possible et essuyez les \u00e9ventuelles taches de poussi\u00e8re.<\/li>\n<li>V\u00e9rifier le sol : aucun c\u00e2ble ou encombrement visible sur les photos.<\/li>\n<\/ul>\n<h3>R\u00e9sultat final<\/h3>\n<p>Une toile de fond XXL \u00e9l\u00e9gante qui d\u00e9gage instantan\u00e9ment une impression de luxe dans le casino et qui est parfaite comme point de prise de vue.<\/p>\n<\/div><\/div><\/div><\/div><\/div><\/div><div class=\"wpb_column pos-top pos-center align_left column_child col-lg-4 boomapps_vccolumn single-internal-gutter\"><div class=\"uncol style-dark\" ><div class=\"uncoltable\"><div class=\"uncell  boomapps_vccolumn no-block-padding\" ><div class=\"uncont\" ><div class=\"empty-space empty-triple\" ><span class=\"empty-space-inner\"><\/span><\/div>\n<div class=\"uncode-single-media  text-left\"><div class=\"single-wrapper\" style=\"max-width: 100%;\"><div class=\"tmb tmb-light  img-round img-round-std tmb-img-ratio tmb-media-first tmb-media-last tmb-content-overlay tmb-no-bg\"><div class=\"t-inside\"><div class=\"t-entry-visual\"><div class=\"t-entry-visual-tc\"><div class=\"uncode-single-media-wrapper img-round img-round-std\"><div class=\"dummy\" style=\"padding-top: 75%;\"><\/div><img decoding=\"async\" class=\"wp-image-69127\" src=\"https:\/\/royalcasinocompany.nl\/wp-content\/uploads\/2024\/05\/IMG_4550-aangepast-uai-2448x1836.jpg\" width=\"2448\" height=\"1836\" alt=\"- Royal Casino Company\" title=\"\"><\/div>\n\t\t\t\t\t<\/div>\n\t\t\t\t<\/div><\/div><\/div><\/div><\/div><div class=\"uncode-single-media  text-left\"><div class=\"single-wrapper\" style=\"max-width: 100%;\"><div class=\"tmb tmb-light  img-round img-round-std tmb-img-ratio tmb-media-first tmb-media-last tmb-content-overlay tmb-no-bg\"><div class=\"t-inside\"><div class=\"t-entry-visual\"><div class=\"t-entry-visual-tc\"><div class=\"uncode-single-media-wrapper img-round img-round-std\"><div class=\"dummy\" style=\"padding-top: 75%;\"><\/div><img decoding=\"async\" class=\"wp-image-67056\" src=\"https:\/\/royalcasinocompany.nl\/wp-content\/uploads\/2024\/02\/IMG_1382-scaled.jpg\" width=\"2560\" height=\"1920\" alt=\"- Royal Casino Company\" title=\"\" srcset=\"https:\/\/royalcasinocompany.nl\/wp-content\/uploads\/2024\/02\/IMG_1382-scaled.jpg 2560w, https:\/\/royalcasinocompany.nl\/wp-content\/uploads\/2024\/02\/IMG_1382-300x225.jpg 300w, https:\/\/royalcasinocompany.nl\/wp-content\/uploads\/2024\/02\/IMG_1382-1024x768.jpg 1024w, https:\/\/royalcasinocompany.nl\/wp-content\/uploads\/2024\/02\/IMG_1382-768x576.jpg 768w, https:\/\/royalcasinocompany.nl\/wp-content\/uploads\/2024\/02\/IMG_1382-1536x1152.jpg 1536w, https:\/\/royalcasinocompany.nl\/wp-content\/uploads\/2024\/02\/IMG_1382-2048x1536.jpg 2048w, https:\/\/royalcasinocompany.nl\/wp-content\/uploads\/2024\/02\/IMG_1382-350x263.jpg 350w\" sizes=\"(max-width: 2560px) 100vw, 2560px\"><\/div>\n\t\t\t\t\t<\/div>\n\t\t\t\t<\/div><\/div><\/div><\/div><\/div><div class=\"uncode-single-media  text-left\"><div class=\"single-wrapper\" style=\"max-width: 100%;\"><div class=\"tmb tmb-light  img-round img-round-std tmb-img-ratio tmb-media-first tmb-media-last tmb-content-overlay tmb-no-bg\"><div class=\"t-inside\"><div class=\"t-entry-visual\"><div class=\"t-entry-visual-tc\"><div class=\"uncode-single-media-wrapper img-round img-round-std\"><div class=\"dummy\" style=\"padding-top: 75%;\"><\/div><img decoding=\"async\" class=\"wp-image-65304\" src=\"https:\/\/royalcasinocompany.nl\/wp-content\/uploads\/2023\/05\/IMG_1383-scaled.jpg\" width=\"2560\" height=\"1920\" alt=\"Roulette tafel huren\" title=\"\" srcset=\"https:\/\/royalcasinocompany.nl\/wp-content\/uploads\/2023\/05\/IMG_1383-scaled.jpg 2560w, https:\/\/royalcasinocompany.nl\/wp-content\/uploads\/2023\/05\/IMG_1383-300x225.jpg 300w, https:\/\/royalcasinocompany.nl\/wp-content\/uploads\/2023\/05\/IMG_1383-1024x768.jpg 1024w, https:\/\/royalcasinocompany.nl\/wp-content\/uploads\/2023\/05\/IMG_1383-768x576.jpg 768w, https:\/\/royalcasinocompany.nl\/wp-content\/uploads\/2023\/05\/IMG_1383-1536x1152.jpg 1536w, https:\/\/royalcasinocompany.nl\/wp-content\/uploads\/2023\/05\/IMG_1383-2048x1536.jpg 2048w, https:\/\/royalcasinocompany.nl\/wp-content\/uploads\/2023\/05\/IMG_1383-350x263.jpg 350w\" sizes=\"(max-width: 2560px) 100vw, 2560px\"><\/div>\n\t\t\t\t\t<\/div>\n\t\t\t\t<\/div><\/div><\/div><\/div><\/div><\/div><\/div><\/div><\/div><\/div><\/div><\/div><\/div><\/div><\/div><\/div><\/div><\/div><script id=\"script-row-unique-0\" data-row=\"script-row-unique-0\" type=\"text\/javascript\" class=\"vc_controls\">UNCODE.initRow(document.getElementById(\"row-unique-0\"));<\/script><\/div><\/div><\/div>\n<\/div>","protected":false},"excerpt":{"rendered":"\ud83c\udff7\ufe0f XXL Casino Banners \u2139\ufe0f Introductie XXL casino banners zijn grote backdrops die een ruimte direct omtoveren tot een echte [...]","protected":false},"author":1,"featured_media":0,"parent":71016,"menu_order":0,"comment_status":"closed","ping_status":"closed","template":"","meta":{"footnotes":""},"class_list":["post-71772","page","type-page","status-publish","hentry","page_category-personeel-portaal"],"_links":{"self":[{"href":"https:\/\/royalcasinocompany.nl\/fr\/wp-json\/wp\/v2\/pages\/71772","targetHints":{"allow":["GET"]}}],"collection":[{"href":"https:\/\/royalcasinocompany.nl\/fr\/wp-json\/wp\/v2\/pages"}],"about":[{"href":"https:\/\/royalcasinocompany.nl\/fr\/wp-json\/wp\/v2\/types\/page"}],"author":[{"embeddable":true,"href":"https:\/\/royalcasinocompany.nl\/fr\/wp-json\/wp\/v2\/users\/1"}],"replies":[{"embeddable":true,"href":"https:\/\/royalcasinocompany.nl\/fr\/wp-json\/wp\/v2\/comments?post=71772"}],"version-history":[{"count":6,"href":"https:\/\/royalcasinocompany.nl\/fr\/wp-json\/wp\/v2\/pages\/71772\/revisions"}],"predecessor-version":[{"id":71889,"href":"https:\/\/royalcasinocompany.nl\/fr\/wp-json\/wp\/v2\/pages\/71772\/revisions\/71889"}],"up":[{"embeddable":true,"href":"https:\/\/royalcasinocompany.nl\/fr\/wp-json\/wp\/v2\/pages\/71016"}],"wp:attachment":[{"href":"https:\/\/royalcasinocompany.nl\/fr\/wp-json\/wp\/v2\/media?parent=71772"}],"curies":[{"name":"wp","href":"https:\/\/api.w.org\/{rel}","templated":true}]}}