{"id":71776,"date":"2026-01-11T13:43:42","date_gmt":"2026-01-11T12:43:42","guid":{"rendered":"https:\/\/royalcasinocompany.nl\/?page_id=71776"},"modified":"2026-01-15T22:07:05","modified_gmt":"2026-01-15T21:07:05","slug":"slotmachines","status":"publish","type":"page","link":"https:\/\/royalcasinocompany.nl\/fr\/personeel\/slotmachines\/","title":{"rendered":"Machines \u00e0 sous"},"content":{"rendered":"<div class=\"wpb-content-wrapper\"><div data-parent=\"true\" class=\"vc_row row-container boomapps_vcrow\" id=\"row-unique-0\"><div class=\"row limit-width row-parent\"><div class=\"wpb_row row-inner\"><div class=\"wpb_column pos-top pos-center align_left column_parent col-lg-12 boomapps_vccolumn single-internal-gutter\"><div class=\"uncol style-dark\"  ><div class=\"uncoltable\"><div class=\"uncell  boomapps_vccolumn no-block-padding\" ><div class=\"uncont\" ><div class=\"vc_row row-internal row-container boomapps_vcrow\"><div class=\"row row-child\"><div class=\"wpb_row row-inner\"><div class=\"wpb_column pos-top pos-center align_left column_child col-lg-8 boomapps_vccolumn single-internal-gutter\"><div class=\"uncol style-dark\" ><div class=\"uncoltable\"><div class=\"uncell  boomapps_vccolumn no-block-padding\" ><div class=\"uncont\" ><div class=\"vc_custom_heading_wrap\"><div class=\"heading-text el-text\" ><\/p>\n<h1>\ud83c\udff7\ufe0f Machines \u00e0 sous<\/h1>\n<p>\n<hr class=\"separator-break separator-accent\" \/><\/div><div class=\"clear\"><\/div><\/div><div class=\"empty-space empty-single\" ><span class=\"empty-space-inner\"><\/span><\/div>\n<div class=\"uncode_text_column\" ><\/p>\n<h3>\u2139\ufe0f Introduction<\/h3>\n<p>Les machines \u00e0 sous sont d\u00e9coratives et cr\u00e9ent un coin casino reconnaissable. Elles attirent l'attention et ajoutent \u00e0 l'exp\u00e9rience de la salle.<\/p>\n<h3>\ud83d\udce6 Qu'est-ce qui sera livr\u00e9 ?<\/h3>\n<ul>\n<li>Machine(s) \u00e0 sous (nombre d\u00e9pendant de la r\u00e9servation)<\/li>\n<\/ul>\n<h3>\ud83d\udee0\ufe0f Assemblage et installation sur site<\/h3>\n<ul>\n<li>Placer sur une surface stable, de pr\u00e9f\u00e9rence contre un mur.<\/li>\n<li>Laisser de l'espace aux invit\u00e9s pour qu'ils puissent regarder ou passer.<\/li>\n<li>Acheminez les c\u00e2bles de mani\u00e8re ordonn\u00e9e si une alimentation \u00e9lectrique est n\u00e9cessaire.<\/li>\n<\/ul>\n<h3>\ud83c\udfa8 Style et apparence<\/h3>\n<ul>\n<li>En faire un \u201ccoin casino\u201d : machines \u00e0 sous + jetons\/d\u00e9s\/banni\u00e8res.<\/li>\n<li>Gardez le cap : pr\u00e9f\u00e9rez une zone bien ordonn\u00e9e \u00e0 un placement dispers\u00e9 dans l'espace.<\/li>\n<\/ul>\n<h3>\ud83e\uddfc Contr\u00f4le et finition<\/h3>\n<ul>\n<li>Nettoyer l'\u00e9cran\/le verre et le bo\u00eetier (les empreintes digitales ressortent).<\/li>\n<li>V\u00e9rifiez que la zone autour de l'appareil est bien rang\u00e9e.<\/li>\n<\/ul>\n<h3>R\u00e9sultat final<\/h3>\n<p>Un coin de casino luxueux et bien entretenu, avec des machines \u00e0 sous propres et des finitions soign\u00e9es.<\/p>\n<\/div><\/div><\/div><\/div><\/div><\/div><div class=\"wpb_column pos-top pos-center align_left column_child col-lg-4 boomapps_vccolumn single-internal-gutter\"><div class=\"uncol style-dark\" ><div class=\"uncoltable\"><div class=\"uncell  boomapps_vccolumn no-block-padding\" ><div class=\"uncont\" ><div class=\"empty-space empty-triple\" ><span class=\"empty-space-inner\"><\/span><\/div>\n<div class=\"uncode-single-media  text-left\"><div class=\"single-wrapper\" style=\"max-width: 100%;\"><div class=\"tmb tmb-light  img-round img-round-std tmb-img-ratio tmb-media-first tmb-media-last tmb-content-overlay tmb-no-bg\"><div class=\"t-inside\"><div class=\"t-entry-visual\"><div class=\"t-entry-visual-tc\"><div class=\"uncode-single-media-wrapper img-round img-round-std\"><div class=\"dummy\" style=\"padding-top: 75%;\"><\/div><img decoding=\"async\" class=\"wp-image-69435\" src=\"https:\/\/royalcasinocompany.nl\/wp-content\/uploads\/2024\/08\/231219-GooilandHilversum-29-scaled-uai-2276x1707.jpg\" width=\"2276\" height=\"1707\" alt=\"- Royal Casino Company\" title=\"\"><\/div>\n\t\t\t\t\t<\/div>\n\t\t\t\t<\/div><\/div><\/div><\/div><\/div><div class=\"uncode-single-media  text-left\"><div class=\"single-wrapper\" style=\"max-width: 100%;\"><div class=\"tmb tmb-light  img-round img-round-std tmb-img-ratio tmb-media-first tmb-media-last tmb-content-overlay tmb-no-bg\"><div class=\"t-inside\"><div class=\"t-entry-visual\"><div class=\"t-entry-visual-tc\"><div class=\"uncode-single-media-wrapper img-round img-round-std\"><div class=\"dummy\" style=\"padding-top: 75%;\"><\/div><img decoding=\"async\" class=\"wp-image-69094\" src=\"https:\/\/royalcasinocompany.nl\/wp-content\/uploads\/2024\/05\/IMG_E1425-scaled-uai-1814x1361.jpg\" width=\"1814\" height=\"1361\" alt=\"Slotmachines huren\" title=\"\"><\/div>\n\t\t\t\t\t<\/div>\n\t\t\t\t<\/div><\/div><\/div><\/div><\/div><div class=\"uncode-single-media  text-left\"><div class=\"single-wrapper\" style=\"max-width: 100%;\"><div class=\"tmb tmb-light  img-round img-round-std tmb-img-ratio tmb-media-first tmb-media-last tmb-content-overlay tmb-no-bg\"><div class=\"t-inside\"><div class=\"t-entry-visual\"><div class=\"t-entry-visual-tc\"><div class=\"uncode-single-media-wrapper img-round img-round-std\"><div class=\"dummy\" style=\"padding-top: 75%;\"><\/div><img decoding=\"async\" class=\"wp-image-68486\" src=\"https:\/\/royalcasinocompany.nl\/wp-content\/uploads\/2024\/05\/DZDQ3265.jpg\" width=\"1600\" height=\"1200\" alt=\"een zwarte blackjack tafel met twee slotmachines\" title=\"\" srcset=\"https:\/\/royalcasinocompany.nl\/wp-content\/uploads\/2024\/05\/DZDQ3265.jpg 1600w, https:\/\/royalcasinocompany.nl\/wp-content\/uploads\/2024\/05\/DZDQ3265-300x225.jpg 300w, https:\/\/royalcasinocompany.nl\/wp-content\/uploads\/2024\/05\/DZDQ3265-1024x768.jpg 1024w, https:\/\/royalcasinocompany.nl\/wp-content\/uploads\/2024\/05\/DZDQ3265-768x576.jpg 768w, https:\/\/royalcasinocompany.nl\/wp-content\/uploads\/2024\/05\/DZDQ3265-1536x1152.jpg 1536w, https:\/\/royalcasinocompany.nl\/wp-content\/uploads\/2024\/05\/DZDQ3265-350x263.jpg 350w\" sizes=\"(max-width: 1600px) 100vw, 1600px\"><\/div>\n\t\t\t\t\t<\/div>\n\t\t\t\t<\/div><\/div><\/div><\/div><\/div><\/div><\/div><\/div><\/div><\/div><\/div><\/div><\/div><\/div><\/div><\/div><\/div><\/div><script id=\"script-row-unique-0\" data-row=\"script-row-unique-0\" type=\"text\/javascript\" class=\"vc_controls\">UNCODE.initRow(document.getElementById(\"row-unique-0\"));<\/script><\/div><\/div><\/div>\n<\/div>","protected":false},"excerpt":{"rendered":"\ud83c\udff7\ufe0f Slotmachines \u2139\ufe0f Introductie Slotmachines zijn decoratief en zorgen voor een herkenbare casinohoek. Ze trekken aandacht en geven extra beleving [...]","protected":false},"author":1,"featured_media":0,"parent":71016,"menu_order":0,"comment_status":"closed","ping_status":"closed","template":"","meta":{"footnotes":""},"class_list":["post-71776","page","type-page","status-publish","hentry","page_category-personeel-portaal"],"_links":{"self":[{"href":"https:\/\/royalcasinocompany.nl\/fr\/wp-json\/wp\/v2\/pages\/71776","targetHints":{"allow":["GET"]}}],"collection":[{"href":"https:\/\/royalcasinocompany.nl\/fr\/wp-json\/wp\/v2\/pages"}],"about":[{"href":"https:\/\/royalcasinocompany.nl\/fr\/wp-json\/wp\/v2\/types\/page"}],"author":[{"embeddable":true,"href":"https:\/\/royalcasinocompany.nl\/fr\/wp-json\/wp\/v2\/users\/1"}],"replies":[{"embeddable":true,"href":"https:\/\/royalcasinocompany.nl\/fr\/wp-json\/wp\/v2\/comments?post=71776"}],"version-history":[{"count":5,"href":"https:\/\/royalcasinocompany.nl\/fr\/wp-json\/wp\/v2\/pages\/71776\/revisions"}],"predecessor-version":[{"id":71897,"href":"https:\/\/royalcasinocompany.nl\/fr\/wp-json\/wp\/v2\/pages\/71776\/revisions\/71897"}],"up":[{"embeddable":true,"href":"https:\/\/royalcasinocompany.nl\/fr\/wp-json\/wp\/v2\/pages\/71016"}],"wp:attachment":[{"href":"https:\/\/royalcasinocompany.nl\/fr\/wp-json\/wp\/v2\/media?parent=71776"}],"curies":[{"name":"wp","href":"https:\/\/api.w.org\/{rel}","templated":true}]}}