{"id":71779,"date":"2026-01-11T13:45:01","date_gmt":"2026-01-11T12:45:01","guid":{"rendered":"https:\/\/royalcasinocompany.nl\/?page_id=71779"},"modified":"2026-01-15T22:21:51","modified_gmt":"2026-01-15T21:21:51","slug":"las-vegas-sign-met-lampjes","status":"publish","type":"page","link":"https:\/\/royalcasinocompany.nl\/fr\/personeel\/las-vegas-sign-met-lampjes\/","title":{"rendered":"Panneau Las Vegas avec lumi\u00e8res"},"content":{"rendered":"<div class=\"wpb-content-wrapper\"><div data-parent=\"true\" class=\"vc_row row-container boomapps_vcrow\" id=\"row-unique-0\"><div class=\"row limit-width row-parent\"><div class=\"wpb_row row-inner\"><div class=\"wpb_column pos-top pos-center align_left column_parent col-lg-12 boomapps_vccolumn single-internal-gutter\"><div class=\"uncol style-dark\"  ><div class=\"uncoltable\"><div class=\"uncell  boomapps_vccolumn no-block-padding\" ><div class=\"uncont\" ><div class=\"vc_row row-internal row-container boomapps_vcrow\"><div class=\"row row-child\"><div class=\"wpb_row row-inner\"><div class=\"wpb_column pos-top pos-center align_left column_child col-lg-8 boomapps_vccolumn single-internal-gutter\"><div class=\"uncol style-dark\" ><div class=\"uncoltable\"><div class=\"uncell  boomapps_vccolumn no-block-padding\" ><div class=\"uncont\" ><div class=\"vc_custom_heading_wrap\"><div class=\"heading-text el-text\" ><\/p>\n<h1>\ud83c\udff7\ufe0f Panneau Las Vegas avec lumi\u00e8res<\/h1>\n<p>\n<hr class=\"separator-break separator-accent\" \/><\/div><div class=\"clear\"><\/div><\/div><div class=\"empty-space empty-single\" ><span class=\"empty-space-inner\"><\/span><\/div>\n<div class=\"uncode_text_column\" ><\/p>\n<h3>\u2139\ufe0f Introduction<\/h3>\n<p>Le panneau Las Vegas est une ic\u00f4ne qui attire l'attention et renforce instantan\u00e9ment le th\u00e8me. Id\u00e9al \u00e0 l'entr\u00e9e, au point photo ou pour mettre en valeur la zone de d\u00e9coration.<\/p>\n<h3>\ud83d\udce6 Qu'est-ce qui sera livr\u00e9 ?<\/h3>\n<ul>\n<li>Panneau de Las Vegas avec \u00e9clairage<\/li>\n<li>C\u00e2ble\/adaptateur (le cas \u00e9ch\u00e9ant)<\/li>\n<\/ul>\n<h3>\ud83d\udee0\ufe0f Assemblage et installation sur site<\/h3>\n<ul>\n<li>Placez le panneau dans un endroit bien visible o\u00f9 les invit\u00e9s le verront imm\u00e9diatement.<\/li>\n<li>Posez-la de mani\u00e8re stable (pas sur des tables bancales).<\/li>\n<li>Acheminez les c\u00e2bles proprement et \u00e9vitez les risques de tr\u00e9buchement.<\/li>\n<\/ul>\n<h3>\ud83c\udfa8 Style et apparence<\/h3>\n<ul>\n<li>Combinez avec la toile de fond\/les banni\u00e8res pour obtenir le meilleur r\u00e9sultat possible.<\/li>\n<li>Veillez \u00e0 ce que le panneau soit enti\u00e8rement visible (pas \u00e0 moiti\u00e9 derri\u00e8re des objets).<\/li>\n<\/ul>\n<h3>\ud83e\uddfc Contr\u00f4le et finition<\/h3>\n<ul>\n<li>V\u00e9rifier que toutes les lumi\u00e8res fonctionnent.<\/li>\n<li>Essuyez la poussi\u00e8re et les traces de doigts, en particulier sur les parties brillantes.<\/li>\n<\/ul>\n<h3>R\u00e9sultat final<\/h3>\n<p>Un panneau Las Vegas parfaitement visible, bien plac\u00e9 et fonctionnel, qui attire tous les regards.<\/p>\n<\/div><\/div><\/div><\/div><\/div><\/div><div class=\"wpb_column pos-top pos-center align_left column_child col-lg-4 boomapps_vccolumn single-internal-gutter\"><div class=\"uncol style-dark\" ><div class=\"uncoltable\"><div class=\"uncell  boomapps_vccolumn no-block-padding\" ><div class=\"uncont\" ><div class=\"empty-space empty-triple\" ><span class=\"empty-space-inner\"><\/span><\/div>\n<div class=\"uncode-single-media  text-left\"><div class=\"single-wrapper\" style=\"max-width: 100%;\"><div class=\"tmb tmb-light  img-round img-round-std tmb-img-ratio tmb-media-first tmb-media-last tmb-content-overlay tmb-no-bg\"><div class=\"t-inside\"><div class=\"t-entry-visual\"><div class=\"t-entry-visual-tc\"><div class=\"uncode-single-media-wrapper img-round img-round-std\"><div class=\"dummy\" style=\"padding-top: 75%;\"><\/div><img decoding=\"async\" class=\"wp-image-69408\" src=\"https:\/\/royalcasinocompany.nl\/wp-content\/uploads\/2024\/08\/WhatsApp-Image-2024-08-21-at-13.30.49-uai-1022x767.jpeg\" width=\"1022\" height=\"767\" alt=\"- Royal Casino Company\" title=\"\"><\/div>\n\t\t\t\t\t<\/div>\n\t\t\t\t<\/div><\/div><\/div><\/div><\/div><div class=\"uncode-single-media  text-left\"><div class=\"single-wrapper\" style=\"max-width: 100%;\"><div class=\"tmb tmb-light  img-round img-round-std tmb-img-ratio tmb-media-first tmb-media-last tmb-content-overlay tmb-no-bg\"><div class=\"t-inside\"><div class=\"t-entry-visual\"><div class=\"t-entry-visual-tc\"><div class=\"uncode-single-media-wrapper img-round img-round-std\"><div class=\"dummy\" style=\"padding-top: 75%;\"><\/div><img decoding=\"async\" class=\"wp-image-69021\" src=\"https:\/\/royalcasinocompany.nl\/wp-content\/uploads\/2024\/05\/EUCJ8117.jpg\" width=\"1600\" height=\"1200\" alt=\"- Royal Casino Company\" title=\"\" srcset=\"https:\/\/royalcasinocompany.nl\/wp-content\/uploads\/2024\/05\/EUCJ8117.jpg 1600w, https:\/\/royalcasinocompany.nl\/wp-content\/uploads\/2024\/05\/EUCJ8117-300x225.jpg 300w, https:\/\/royalcasinocompany.nl\/wp-content\/uploads\/2024\/05\/EUCJ8117-1024x768.jpg 1024w, https:\/\/royalcasinocompany.nl\/wp-content\/uploads\/2024\/05\/EUCJ8117-768x576.jpg 768w, https:\/\/royalcasinocompany.nl\/wp-content\/uploads\/2024\/05\/EUCJ8117-1536x1152.jpg 1536w, https:\/\/royalcasinocompany.nl\/wp-content\/uploads\/2024\/05\/EUCJ8117-350x263.jpg 350w\" sizes=\"(max-width: 1600px) 100vw, 1600px\"><\/div>\n\t\t\t\t\t<\/div>\n\t\t\t\t<\/div><\/div><\/div><\/div><\/div><div class=\"uncode-single-media  text-left\"><div class=\"single-wrapper\" style=\"max-width: 100%;\"><div class=\"tmb tmb-light  img-round img-round-std tmb-img-ratio tmb-media-first tmb-media-last tmb-content-overlay tmb-no-bg\"><div class=\"t-inside\"><div class=\"t-entry-visual\"><div class=\"t-entry-visual-tc\"><div class=\"uncode-single-media-wrapper img-round img-round-std\"><div class=\"dummy\" style=\"padding-top: 75%;\"><\/div><img decoding=\"async\" class=\"wp-image-65608\" src=\"https:\/\/royalcasinocompany.nl\/wp-content\/uploads\/2023\/05\/QVTY1603-uai-1200x900.jpg\" width=\"1200\" height=\"900\" alt=\"- Royal Casino Company\" title=\"\"><\/div>\n\t\t\t\t\t<\/div>\n\t\t\t\t<\/div><\/div><\/div><\/div><\/div><\/div><\/div><\/div><\/div><\/div><\/div><\/div><\/div><\/div><\/div><\/div><\/div><\/div><script id=\"script-row-unique-0\" data-row=\"script-row-unique-0\" type=\"text\/javascript\" class=\"vc_controls\">UNCODE.initRow(document.getElementById(\"row-unique-0\"));<\/script><\/div><\/div><\/div>\n<\/div>","protected":false},"excerpt":{"rendered":"\ud83c\udff7\ufe0f Las Vegas Sign met Lampjes \u2139\ufe0f Introductie Het Las Vegas sign is een iconische eyecatcher die direct het thema [...]","protected":false},"author":1,"featured_media":0,"parent":71016,"menu_order":0,"comment_status":"closed","ping_status":"closed","template":"","meta":{"footnotes":""},"class_list":["post-71779","page","type-page","status-publish","hentry","page_category-personeel-portaal"],"_links":{"self":[{"href":"https:\/\/royalcasinocompany.nl\/fr\/wp-json\/wp\/v2\/pages\/71779","targetHints":{"allow":["GET"]}}],"collection":[{"href":"https:\/\/royalcasinocompany.nl\/fr\/wp-json\/wp\/v2\/pages"}],"about":[{"href":"https:\/\/royalcasinocompany.nl\/fr\/wp-json\/wp\/v2\/types\/page"}],"author":[{"embeddable":true,"href":"https:\/\/royalcasinocompany.nl\/fr\/wp-json\/wp\/v2\/users\/1"}],"replies":[{"embeddable":true,"href":"https:\/\/royalcasinocompany.nl\/fr\/wp-json\/wp\/v2\/comments?post=71779"}],"version-history":[{"count":5,"href":"https:\/\/royalcasinocompany.nl\/fr\/wp-json\/wp\/v2\/pages\/71779\/revisions"}],"predecessor-version":[{"id":71905,"href":"https:\/\/royalcasinocompany.nl\/fr\/wp-json\/wp\/v2\/pages\/71779\/revisions\/71905"}],"up":[{"embeddable":true,"href":"https:\/\/royalcasinocompany.nl\/fr\/wp-json\/wp\/v2\/pages\/71016"}],"wp:attachment":[{"href":"https:\/\/royalcasinocompany.nl\/fr\/wp-json\/wp\/v2\/media?parent=71779"}],"curies":[{"name":"wp","href":"https:\/\/api.w.org\/{rel}","templated":true}]}}