{"id":71782,"date":"2026-01-11T13:46:31","date_gmt":"2026-01-11T12:46:31","guid":{"rendered":"https:\/\/royalcasinocompany.nl\/?page_id=71782"},"modified":"2026-01-15T22:17:36","modified_gmt":"2026-01-15T21:17:36","slug":"gepersonaliseerd-speelgeld","status":"publish","type":"page","link":"https:\/\/royalcasinocompany.nl\/fr\/personeel\/gepersonaliseerd-speelgeld\/","title":{"rendered":"Monnaie de jeu personnalis\u00e9e"},"content":{"rendered":"<div class=\"wpb-content-wrapper\"><div data-parent=\"true\" class=\"vc_row row-container boomapps_vcrow\" id=\"row-unique-0\"><div class=\"row limit-width row-parent\"><div class=\"wpb_row row-inner\"><div class=\"wpb_column pos-top pos-center align_left column_parent col-lg-12 boomapps_vccolumn single-internal-gutter\"><div class=\"uncol style-dark\"  ><div class=\"uncoltable\"><div class=\"uncell  boomapps_vccolumn no-block-padding\" ><div class=\"uncont\" ><div class=\"vc_row row-internal row-container boomapps_vcrow\"><div class=\"row row-child\"><div class=\"wpb_row row-inner\"><div class=\"wpb_column pos-top pos-center align_left column_child col-lg-8 boomapps_vccolumn single-internal-gutter\"><div class=\"uncol style-dark\" ><div class=\"uncoltable\"><div class=\"uncell  boomapps_vccolumn no-block-padding\" ><div class=\"uncont\" ><div class=\"vc_custom_heading_wrap\"><div class=\"heading-text el-text\" ><\/p>\n<h1>\ud83c\udff7\ufe0f Monnaie de jeu personnalis\u00e9e<\/h1>\n<p>\n<hr class=\"separator-break separator-accent\" \/><\/div><div class=\"clear\"><\/div><\/div><div class=\"empty-space empty-single\" ><span class=\"empty-space-inner\"><\/span><\/div>\n<div class=\"uncode_text_column\" ><\/p>\n<h3>\u2139\ufe0f Introduction<\/h3>\n<p>L'argent de jeu fait partie de l'exp\u00e9rience et est utilis\u00e9 pour la d\u00e9coration et\/ou le jeu (en fonction de l'\u00e9v\u00e9nement). Il doit toujours \u00eatre pr\u00e9sent\u00e9 avec soin.<\/p>\n<h3>\ud83d\udce6 Qu'est-ce qui sera livr\u00e9 ?<\/h3>\n<ul>\n<li>Monnaie de jeu personnalis\u00e9e (liasses\/notes)<\/li>\n<\/ul>\n<h3>\ud83d\udee0\ufe0f Utilisation et installation sur site<\/h3>\n<ul>\n<li>Placez l'argent de jeu de mani\u00e8re ordonn\u00e9e sur les tables de jeu ou sur la table de r\u00e9ception.<\/li>\n<li>R\u00e9partissez-les en piles ou en paquets afin de pouvoir les saisir rapidement.<\/li>\n<li>Rangez les r\u00e9serves \u00e0 l'abri des regards (dans une bo\u00eete ou un sac).<\/li>\n<\/ul>\n<h3>\ud83c\udfa8 Style et apparence<\/h3>\n<ul>\n<li>Utilisez des piles serr\u00e9es (de m\u00eame hauteur), et non des piles d\u00e9sordonn\u00e9es.<\/li>\n<li>Ne placez que des notes soign\u00e9es de mani\u00e8re visible.<\/li>\n<\/ul>\n<h3>\ud83e\uddfc Contr\u00f4le et finition<\/h3>\n<ul>\n<li>Retirez les billets froiss\u00e9s ou sales de la vue.<\/li>\n<li>Garder l'espace de jeu propre et bien rang\u00e9.<\/li>\n<\/ul>\n<h3>R\u00e9sultat final<\/h3>\n<p>L'argent des jeux est dispos\u00e9 de mani\u00e8re serr\u00e9e et ordonn\u00e9e, ce qui conf\u00e8re \u00e0 l'\u00e9v\u00e9nement un caract\u00e8re professionnel et luxueux.<\/p>\n<\/div><\/div><\/div><\/div><\/div><\/div><div class=\"wpb_column pos-top pos-center align_left column_child col-lg-4 boomapps_vccolumn single-internal-gutter\"><div class=\"uncol style-dark\" ><div class=\"uncoltable\"><div class=\"uncell  boomapps_vccolumn no-block-padding\" ><div class=\"uncont\" ><div class=\"empty-space empty-triple\" ><span class=\"empty-space-inner\"><\/span><\/div>\n<div class=\"uncode-single-media  text-left\"><div class=\"single-wrapper\" style=\"max-width: 100%;\"><div class=\"tmb tmb-light  img-round img-round-std tmb-img-ratio tmb-media-first tmb-media-last tmb-content-overlay tmb-no-bg\"><div class=\"t-inside\"><div class=\"t-entry-visual\"><div class=\"t-entry-visual-tc\"><div class=\"uncode-single-media-wrapper img-round img-round-std\"><div class=\"dummy\" style=\"padding-top: 75%;\"><\/div><img decoding=\"async\" class=\"wp-image-69146\" src=\"https:\/\/royalcasinocompany.nl\/wp-content\/uploads\/2024\/05\/IMG_8618-scaled.jpg\" width=\"2560\" height=\"1920\" alt=\"- Royal Casino Company\" title=\"\" srcset=\"https:\/\/royalcasinocompany.nl\/wp-content\/uploads\/2024\/05\/IMG_8618-scaled.jpg 2560w, https:\/\/royalcasinocompany.nl\/wp-content\/uploads\/2024\/05\/IMG_8618-300x225.jpg 300w, https:\/\/royalcasinocompany.nl\/wp-content\/uploads\/2024\/05\/IMG_8618-1024x768.jpg 1024w, https:\/\/royalcasinocompany.nl\/wp-content\/uploads\/2024\/05\/IMG_8618-768x576.jpg 768w, https:\/\/royalcasinocompany.nl\/wp-content\/uploads\/2024\/05\/IMG_8618-1536x1152.jpg 1536w, https:\/\/royalcasinocompany.nl\/wp-content\/uploads\/2024\/05\/IMG_8618-2048x1536.jpg 2048w, https:\/\/royalcasinocompany.nl\/wp-content\/uploads\/2024\/05\/IMG_8618-350x263.jpg 350w\" sizes=\"(max-width: 2560px) 100vw, 2560px\"><\/div>\n\t\t\t\t\t<\/div>\n\t\t\t\t<\/div><\/div><\/div><\/div><\/div><div class=\"uncode-single-media  text-left\"><div class=\"single-wrapper\" style=\"max-width: 100%;\"><div class=\"tmb tmb-light  img-round img-round-std tmb-img-ratio tmb-media-first tmb-media-last tmb-content-overlay tmb-no-bg\"><div class=\"t-inside\"><div class=\"t-entry-visual\"><div class=\"t-entry-visual-tc\"><div class=\"uncode-single-media-wrapper img-round img-round-std\"><div class=\"dummy\" style=\"padding-top: 75%;\"><\/div><img decoding=\"async\" class=\"wp-image-69136\" src=\"https:\/\/royalcasinocompany.nl\/wp-content\/uploads\/2024\/05\/WhatsApp-Image-2023-12-27-at-10.44.06-10-uai-1421x1066.jpeg\" width=\"1421\" height=\"1066\" alt=\"- Royal Casino Company\" title=\"\"><\/div>\n\t\t\t\t\t<\/div>\n\t\t\t\t<\/div><\/div><\/div><\/div><\/div><div class=\"uncode-single-media  text-left\"><div class=\"single-wrapper\" style=\"max-width: 100%;\"><div class=\"tmb tmb-light  img-round img-round-std tmb-img-ratio tmb-media-first tmb-media-last tmb-content-overlay tmb-no-bg\"><div class=\"t-inside\"><div class=\"t-entry-visual\"><div class=\"t-entry-visual-tc\"><div class=\"uncode-single-media-wrapper img-round img-round-std\"><div class=\"dummy\" style=\"padding-top: 75%;\"><\/div><img decoding=\"async\" class=\"wp-image-67079\" src=\"https:\/\/royalcasinocompany.nl\/wp-content\/uploads\/2024\/02\/5november2022-LasVegas-HermanceVanDijkPhotography-10-scaled-uai-2276x1707.jpg\" width=\"2276\" height=\"1707\" alt=\"- Royal Casino Company\" title=\"\"><\/div>\n\t\t\t\t\t<\/div>\n\t\t\t\t<\/div><\/div><\/div><\/div><\/div><\/div><\/div><\/div><\/div><\/div><\/div><\/div><\/div><\/div><\/div><\/div><\/div><\/div><script id=\"script-row-unique-0\" data-row=\"script-row-unique-0\" type=\"text\/javascript\" class=\"vc_controls\">UNCODE.initRow(document.getElementById(\"row-unique-0\"));<\/script><\/div><\/div><\/div>\n<\/div>","protected":false},"excerpt":{"rendered":"\ud83c\udff7\ufe0f Gepersonaliseerd Speelgeld \u2139\ufe0f Introductie Speelgeld is onderdeel van de beleving en wordt gebruikt voor aankleding en\/of het spelverloop (afhankelijk [...]","protected":false},"author":1,"featured_media":0,"parent":71016,"menu_order":0,"comment_status":"closed","ping_status":"closed","template":"","meta":{"footnotes":""},"class_list":["post-71782","page","type-page","status-publish","hentry","page_category-personeel-portaal"],"_links":{"self":[{"href":"https:\/\/royalcasinocompany.nl\/fr\/wp-json\/wp\/v2\/pages\/71782","targetHints":{"allow":["GET"]}}],"collection":[{"href":"https:\/\/royalcasinocompany.nl\/fr\/wp-json\/wp\/v2\/pages"}],"about":[{"href":"https:\/\/royalcasinocompany.nl\/fr\/wp-json\/wp\/v2\/types\/page"}],"author":[{"embeddable":true,"href":"https:\/\/royalcasinocompany.nl\/fr\/wp-json\/wp\/v2\/users\/1"}],"replies":[{"embeddable":true,"href":"https:\/\/royalcasinocompany.nl\/fr\/wp-json\/wp\/v2\/comments?post=71782"}],"version-history":[{"count":5,"href":"https:\/\/royalcasinocompany.nl\/fr\/wp-json\/wp\/v2\/pages\/71782\/revisions"}],"predecessor-version":[{"id":71903,"href":"https:\/\/royalcasinocompany.nl\/fr\/wp-json\/wp\/v2\/pages\/71782\/revisions\/71903"}],"up":[{"embeddable":true,"href":"https:\/\/royalcasinocompany.nl\/fr\/wp-json\/wp\/v2\/pages\/71016"}],"wp:attachment":[{"href":"https:\/\/royalcasinocompany.nl\/fr\/wp-json\/wp\/v2\/media?parent=71782"}],"curies":[{"name":"wp","href":"https:\/\/api.w.org\/{rel}","templated":true}]}}