{"id":71785,"date":"2026-01-11T13:48:01","date_gmt":"2026-01-11T12:48:01","guid":{"rendered":"https:\/\/royalcasinocompany.nl\/?page_id=71785"},"modified":"2026-01-15T22:26:14","modified_gmt":"2026-01-15T21:26:14","slug":"casino-sign-met-entree-gordijn","status":"publish","type":"page","link":"https:\/\/royalcasinocompany.nl\/fr\/personeel\/casino-sign-met-entree-gordijn\/","title":{"rendered":"Enseigne de casino avec rideau d'entr\u00e9e"},"content":{"rendered":"<div class=\"wpb-content-wrapper\"><div data-parent=\"true\" class=\"vc_row row-container boomapps_vcrow\" id=\"row-unique-0\"><div class=\"row limit-width row-parent\"><div class=\"wpb_row row-inner\"><div class=\"wpb_column pos-top pos-center align_left column_parent col-lg-12 boomapps_vccolumn single-internal-gutter\"><div class=\"uncol style-dark\"  ><div class=\"uncoltable\"><div class=\"uncell  boomapps_vccolumn no-block-padding\" ><div class=\"uncont\" ><div class=\"vc_row row-internal row-container boomapps_vcrow\"><div class=\"row row-child\"><div class=\"wpb_row row-inner\"><div class=\"wpb_column pos-top pos-center align_left column_child col-lg-8 boomapps_vccolumn single-internal-gutter\"><div class=\"uncol style-dark\" ><div class=\"uncoltable\"><div class=\"uncell  boomapps_vccolumn no-block-padding\" ><div class=\"uncont\" ><div class=\"vc_custom_heading_wrap\"><div class=\"heading-text el-text\" ><\/p>\n<h1>\ud83c\udff7\ufe0f Enseigne de casino avec rideau d'entr\u00e9e<\/h1>\n<p>\n<hr class=\"separator-break separator-accent\" \/><\/div><div class=\"clear\"><\/div><\/div><div class=\"empty-space empty-single\" ><span class=\"empty-space-inner\"><\/span><\/div>\n<div class=\"uncode_text_column\" ><\/p>\n<h3>\u2139\ufe0f Introduction<\/h3>\n<p>Il s'agit d'une installation d'entr\u00e9e de luxe qui cr\u00e9e instantan\u00e9ment une v\u00e9ritable entr\u00e9e de casino. Cet \u00e9l\u00e9ment d\u00e9termine la premi\u00e8re impression et doit donc \u00eatre parfaitement construit.<\/p>\n<h3>\ud83d\udce6 Qu'est-ce qui sera livr\u00e9 ?<\/h3>\n<ul>\n<li>Enseigne de casino<\/li>\n<li>Rideau d'entr\u00e9e<\/li>\n<\/ul>\n<h3>\ud83d\udee0\ufe0f Assemblage et installation sur site<\/h3>\n<ul>\n<li>Placez l'entr\u00e9e \u00e0 un endroit logique o\u00f9 les visiteurs entrent.<\/li>\n<li>Assurez-vous que le panneau est droit et stable.<\/li>\n<li>Suspendez le rideau proprement : de fa\u00e7on r\u00e9guli\u00e8re, sans torsion ni froissement.<\/li>\n<li>Laissez suffisamment d'espace de passage pour les invit\u00e9s (pas de passage \u00e9troit).<\/li>\n<\/ul>\n<h3>\ud83c\udfa8 Style et apparence<\/h3>\n<ul>\n<li>Tout est sym\u00e9trique : enseigne centr\u00e9e, rideau tendu.<\/li>\n<li>Combinez avec le tapis rouge\/les poteaux pour un impact maximal.<\/li>\n<\/ul>\n<h3>\ud83e\uddfc Contr\u00f4le et finition<\/h3>\n<ul>\n<li>V\u00e9rifier l'absence de taches dans les rideaux et les nettoyer si n\u00e9cessaire.<\/li>\n<li>Essuyer les parties visibles (poussi\u00e8re\/traces de doigts).<\/li>\n<\/ul>\n<h3>R\u00e9sultat final<\/h3>\n<p>Une entr\u00e9e de casino \u00e9l\u00e9gante et chic qui d\u00e9gage imm\u00e9diatement une impression de luxe et de professionnalisme.<\/p>\n<\/div><\/div><\/div><\/div><\/div><\/div><div class=\"wpb_column pos-top pos-center align_left column_child col-lg-4 boomapps_vccolumn single-internal-gutter\"><div class=\"uncol style-dark\" ><div class=\"uncoltable\"><div class=\"uncell  boomapps_vccolumn no-block-padding\" ><div class=\"uncont\" ><div class=\"empty-space empty-triple\" ><span class=\"empty-space-inner\"><\/span><\/div>\n<div class=\"uncode-single-media  text-left\"><div class=\"single-wrapper\" style=\"max-width: 100%;\"><div class=\"tmb tmb-light  img-round img-round-std tmb-img-ratio tmb-media-first tmb-media-last tmb-content-overlay tmb-no-bg\"><div class=\"t-inside\"><div class=\"t-entry-visual\"><div class=\"t-entry-visual-tc\"><div class=\"uncode-single-media-wrapper img-round img-round-std\"><div class=\"dummy\" style=\"padding-top: 75%;\"><\/div><img decoding=\"async\" class=\"wp-image-69166\" src=\"https:\/\/royalcasinocompany.nl\/wp-content\/uploads\/2024\/05\/Royalcasino1-2-scaled-uai-1707x1280.jpg\" width=\"1707\" height=\"1280\" alt=\"- Royal Casino Company\" title=\"\"><\/div>\n\t\t\t\t\t<\/div>\n\t\t\t\t<\/div><\/div><\/div><\/div><\/div><div class=\"uncode-single-media  text-left\"><div class=\"single-wrapper\" style=\"max-width: 100%;\"><div class=\"tmb tmb-light  img-round img-round-std tmb-img-ratio tmb-media-first tmb-media-last tmb-content-overlay tmb-no-bg\"><div class=\"t-inside\"><div class=\"t-entry-visual\"><div class=\"t-entry-visual-tc\"><div class=\"uncode-single-media-wrapper img-round img-round-std\"><div class=\"dummy\" style=\"padding-top: 75%;\"><\/div><img decoding=\"async\" class=\"wp-image-71907\" src=\"https:\/\/royalcasinocompany.nl\/wp-content\/uploads\/2026\/01\/WhatsApp-Image-2026-01-15-at-22.25.12.jpeg\" width=\"2048\" height=\"1536\" alt=\"- Royal Casino Company\" title=\"\" srcset=\"https:\/\/royalcasinocompany.nl\/wp-content\/uploads\/2026\/01\/WhatsApp-Image-2026-01-15-at-22.25.12.jpeg 2048w, https:\/\/royalcasinocompany.nl\/wp-content\/uploads\/2026\/01\/WhatsApp-Image-2026-01-15-at-22.25.12-300x225.jpeg 300w, https:\/\/royalcasinocompany.nl\/wp-content\/uploads\/2026\/01\/WhatsApp-Image-2026-01-15-at-22.25.12-1024x768.jpeg 1024w, https:\/\/royalcasinocompany.nl\/wp-content\/uploads\/2026\/01\/WhatsApp-Image-2026-01-15-at-22.25.12-768x576.jpeg 768w, https:\/\/royalcasinocompany.nl\/wp-content\/uploads\/2026\/01\/WhatsApp-Image-2026-01-15-at-22.25.12-1536x1152.jpeg 1536w, https:\/\/royalcasinocompany.nl\/wp-content\/uploads\/2026\/01\/WhatsApp-Image-2026-01-15-at-22.25.12-16x12.jpeg 16w, https:\/\/royalcasinocompany.nl\/wp-content\/uploads\/2026\/01\/WhatsApp-Image-2026-01-15-at-22.25.12-350x263.jpeg 350w\" sizes=\"(max-width: 2048px) 100vw, 2048px\"><\/div>\n\t\t\t\t\t<\/div>\n\t\t\t\t<\/div><\/div><\/div><\/div><\/div><div class=\"uncode-single-media  text-left\"><div class=\"single-wrapper\" style=\"max-width: 100%;\"><div class=\"tmb tmb-light  img-round img-round-std tmb-img-ratio tmb-media-first tmb-media-last tmb-content-overlay tmb-no-bg\"><div class=\"t-inside\"><div class=\"t-entry-visual\"><div class=\"t-entry-visual-tc\"><div class=\"uncode-single-media-wrapper img-round img-round-std\"><div class=\"dummy\" style=\"padding-top: 75%;\"><\/div><img decoding=\"async\" class=\"wp-image-69160\" src=\"https:\/\/royalcasinocompany.nl\/wp-content\/uploads\/2024\/05\/Royalcasino1-scaled-uai-1772x1329.jpg\" width=\"1772\" height=\"1329\" alt=\"Casino sign met entree gordijn huren\" title=\"\"><\/div>\n\t\t\t\t\t<\/div>\n\t\t\t\t<\/div><\/div><\/div><\/div><\/div><\/div><\/div><\/div><\/div><\/div><\/div><\/div><\/div><\/div><\/div><\/div><\/div><\/div><script id=\"script-row-unique-0\" data-row=\"script-row-unique-0\" type=\"text\/javascript\" class=\"vc_controls\">UNCODE.initRow(document.getElementById(\"row-unique-0\"));<\/script><\/div><\/div><\/div>\n<\/div>","protected":false},"excerpt":{"rendered":"\ud83c\udff7\ufe0f Casino Sign met Entree Gordijn \u2139\ufe0f Introductie Dit is een luxe entree-opstelling waarmee je meteen een echte casino ingang [...]","protected":false},"author":1,"featured_media":0,"parent":71016,"menu_order":0,"comment_status":"closed","ping_status":"closed","template":"","meta":{"footnotes":""},"class_list":["post-71785","page","type-page","status-publish","hentry","page_category-personeel-portaal"],"_links":{"self":[{"href":"https:\/\/royalcasinocompany.nl\/fr\/wp-json\/wp\/v2\/pages\/71785","targetHints":{"allow":["GET"]}}],"collection":[{"href":"https:\/\/royalcasinocompany.nl\/fr\/wp-json\/wp\/v2\/pages"}],"about":[{"href":"https:\/\/royalcasinocompany.nl\/fr\/wp-json\/wp\/v2\/types\/page"}],"author":[{"embeddable":true,"href":"https:\/\/royalcasinocompany.nl\/fr\/wp-json\/wp\/v2\/users\/1"}],"replies":[{"embeddable":true,"href":"https:\/\/royalcasinocompany.nl\/fr\/wp-json\/wp\/v2\/comments?post=71785"}],"version-history":[{"count":5,"href":"https:\/\/royalcasinocompany.nl\/fr\/wp-json\/wp\/v2\/pages\/71785\/revisions"}],"predecessor-version":[{"id":71908,"href":"https:\/\/royalcasinocompany.nl\/fr\/wp-json\/wp\/v2\/pages\/71785\/revisions\/71908"}],"up":[{"embeddable":true,"href":"https:\/\/royalcasinocompany.nl\/fr\/wp-json\/wp\/v2\/pages\/71016"}],"wp:attachment":[{"href":"https:\/\/royalcasinocompany.nl\/fr\/wp-json\/wp\/v2\/media?parent=71785"}],"curies":[{"name":"wp","href":"https:\/\/api.w.org\/{rel}","templated":true}]}}