{"id":71788,"date":"2026-01-11T13:49:33","date_gmt":"2026-01-11T12:49:33","guid":{"rendered":"https:\/\/royalcasinocompany.nl\/?page_id=71788"},"modified":"2026-01-15T22:09:12","modified_gmt":"2026-01-15T21:09:12","slug":"xl-casino-boog","status":"publish","type":"page","link":"https:\/\/royalcasinocompany.nl\/fr\/personeel\/xl-casino-boog\/","title":{"rendered":"XL Casino arc"},"content":{"rendered":"<div class=\"wpb-content-wrapper\"><div data-parent=\"true\" class=\"vc_row row-container boomapps_vcrow\" id=\"row-unique-0\"><div class=\"row limit-width row-parent\"><div class=\"wpb_row row-inner\"><div class=\"wpb_column pos-top pos-center align_left column_parent col-lg-12 boomapps_vccolumn single-internal-gutter\"><div class=\"uncol style-dark\"  ><div class=\"uncoltable\"><div class=\"uncell  boomapps_vccolumn no-block-padding\" ><div class=\"uncont\" ><div class=\"vc_row row-internal row-container boomapps_vcrow\"><div class=\"row row-child\"><div class=\"wpb_row row-inner\"><div class=\"wpb_column pos-top pos-center align_left column_child col-lg-8 boomapps_vccolumn single-internal-gutter\"><div class=\"uncol style-dark\" ><div class=\"uncoltable\"><div class=\"uncell  boomapps_vccolumn no-block-padding\" ><div class=\"uncont\" ><div class=\"vc_custom_heading_wrap\"><div class=\"heading-text el-text\" ><\/p>\n<h1>\ud83c\udff7\ufe0f XL Casino Bow<\/h1>\n<p>\n<hr class=\"separator-break separator-accent\" \/><\/div><div class=\"clear\"><\/div><\/div><div class=\"empty-space empty-single\" ><span class=\"empty-space-inner\"><\/span><\/div>\n<div class=\"uncode_text_column\" ><\/p>\n<h3>\u2139\ufe0f Introduction<\/h3>\n<p>L'arche de casino XL est un excellent moyen d'attirer l'attention \u00e0 l'entr\u00e9e. Cet article indique clairement que c'est ici que le casino commence. Parfait pour l'entr\u00e9e ou pour une photo.<\/p>\n<h3>\ud83d\udce6 Qu'est-ce qui sera livr\u00e9 ?<\/h3>\n<ul>\n<li>XL casino arc<\/li>\n<\/ul>\n<h3>\ud83d\udee0\ufe0f Assemblage et installation sur site<\/h3>\n<ul>\n<li>Placer l'arche sur une surface plane, compl\u00e8tement ind\u00e9pendante et stable.<\/li>\n<li>Assurez-vous que l'arc est parfaitement droit et qu'il n'est pas \u201cde travers\u201d.<\/li>\n<li>Veillez \u00e0 ce que les sorties de secours et les itin\u00e9raires de promenade soient clairs et logiques.<\/li>\n<li>Cr\u00e9ez de l'espace pour que les invit\u00e9s puissent passer sans \u00eatre trop serr\u00e9s.<\/li>\n<\/ul>\n<h3>\ud83c\udfa8 Style et apparence<\/h3>\n<ul>\n<li>Placement central de l'arche : elle devrait \u00eatre un \u201c\u00e9l\u00e9ment principal\u201d.<\/li>\n<li>Combinez avec un tapis rouge, des poteaux ou des banni\u00e8res pour une entr\u00e9e de premier ordre.<\/li>\n<\/ul>\n<h3>\ud83e\uddfc Contr\u00f4le et finition<\/h3>\n<ul>\n<li style=\"list-style-type: none;\">\n<ul>\n<li>V\u00e9rifier qu'il n'y a pas de poussi\u00e8re ou de taches et nettoyer si n\u00e9cessaire.<\/li>\n<\/ul>\n<\/li>\n<\/ul>\n<ul>\n<li>Finir la zone autour de lui de mani\u00e8re \u00e9tanche (pas de sacs\/caisses visibles).<\/li>\n<\/ul>\n<h3>R\u00e9sultat final<\/h3>\n<p>Un centre de casino \u00e9pur\u00e9, sym\u00e9trique et propre, avec une apparence maximale et une finition parfaite.<\/p>\n<\/div><\/div><\/div><\/div><\/div><\/div><div class=\"wpb_column pos-top pos-center align_left column_child col-lg-4 boomapps_vccolumn single-internal-gutter\"><div class=\"uncol style-dark\" ><div class=\"uncoltable\"><div class=\"uncell  boomapps_vccolumn no-block-padding\" ><div class=\"uncont\" ><div class=\"empty-space empty-triple\" ><span class=\"empty-space-inner\"><\/span><\/div>\n<div class=\"uncode-single-media  text-left\"><div class=\"single-wrapper\" style=\"max-width: 100%;\"><div class=\"tmb tmb-light  img-round img-round-std tmb-img-ratio tmb-media-first tmb-media-last tmb-content-overlay tmb-no-bg\"><div class=\"t-inside\"><div class=\"t-entry-visual\"><div class=\"t-entry-visual-tc\"><div class=\"uncode-single-media-wrapper img-round img-round-std\"><div class=\"dummy\" style=\"padding-top: 75%;\"><\/div><img decoding=\"async\" class=\"wp-image-70050\" src=\"https:\/\/royalcasinocompany.nl\/wp-content\/uploads\/2025\/02\/image00020-scaled.jpeg\" width=\"2560\" height=\"1920\" alt=\"- Royal Casino Company\" title=\"\" srcset=\"https:\/\/royalcasinocompany.nl\/wp-content\/uploads\/2025\/02\/image00020-scaled.jpeg 2560w, https:\/\/royalcasinocompany.nl\/wp-content\/uploads\/2025\/02\/image00020-300x225.jpeg 300w, https:\/\/royalcasinocompany.nl\/wp-content\/uploads\/2025\/02\/image00020-1024x768.jpeg 1024w, https:\/\/royalcasinocompany.nl\/wp-content\/uploads\/2025\/02\/image00020-768x576.jpeg 768w, https:\/\/royalcasinocompany.nl\/wp-content\/uploads\/2025\/02\/image00020-1536x1152.jpeg 1536w, https:\/\/royalcasinocompany.nl\/wp-content\/uploads\/2025\/02\/image00020-2048x1536.jpeg 2048w, https:\/\/royalcasinocompany.nl\/wp-content\/uploads\/2025\/02\/image00020-16x12.jpeg 16w, https:\/\/royalcasinocompany.nl\/wp-content\/uploads\/2025\/02\/image00020-350x263.jpeg 350w\" sizes=\"(max-width: 2560px) 100vw, 2560px\"><\/div>\n\t\t\t\t\t<\/div>\n\t\t\t\t<\/div><\/div><\/div><\/div><\/div><div class=\"uncode-single-media  text-left\"><div class=\"single-wrapper\" style=\"max-width: 100%;\"><div class=\"tmb tmb-light  img-round img-round-std tmb-img-ratio tmb-media-first tmb-media-last tmb-content-overlay tmb-no-bg\"><div class=\"t-inside\"><div class=\"t-entry-visual\"><div class=\"t-entry-visual-tc\"><div class=\"uncode-single-media-wrapper img-round img-round-std\"><div class=\"dummy\" style=\"padding-top: 75%;\"><\/div><img decoding=\"async\" class=\"wp-image-69069\" src=\"https:\/\/royalcasinocompany.nl\/wp-content\/uploads\/2024\/05\/IMG_8011-scaled-uai-1920x1440.jpg\" width=\"1920\" height=\"1440\" alt=\"Casino boog huren\" title=\"\"><\/div>\n\t\t\t\t\t<\/div>\n\t\t\t\t<\/div><\/div><\/div><\/div><\/div><div class=\"uncode-single-media  text-left\"><div class=\"single-wrapper\" style=\"max-width: 100%;\"><div class=\"tmb tmb-light  img-round img-round-std tmb-img-ratio tmb-media-first tmb-media-last tmb-content-overlay tmb-no-bg\"><div class=\"t-inside\"><div class=\"t-entry-visual\"><div class=\"t-entry-visual-tc\"><div class=\"uncode-single-media-wrapper img-round img-round-std\"><div class=\"dummy\" style=\"padding-top: 75%;\"><\/div><img decoding=\"async\" class=\"wp-image-67008\" src=\"https:\/\/royalcasinocompany.nl\/wp-content\/uploads\/2024\/02\/WhatsApp-Image-2024-02-16-at-08.21.23-1-uai-1344x1008.jpeg\" width=\"1344\" height=\"1008\" alt=\"- Royal Casino Company\" title=\"\"><\/div>\n\t\t\t\t\t<\/div>\n\t\t\t\t<\/div><\/div><\/div><\/div><\/div><\/div><\/div><\/div><\/div><\/div><\/div><\/div><\/div><\/div><\/div><\/div><\/div><\/div><script id=\"script-row-unique-0\" data-row=\"script-row-unique-0\" type=\"text\/javascript\" class=\"vc_controls\">UNCODE.initRow(document.getElementById(\"row-unique-0\"));<\/script><\/div><\/div><\/div>\n<\/div>","protected":false},"excerpt":{"rendered":"\ud83c\udff7\ufe0f XL Casino Boog \u2139\ufe0f Introductie De XL casino boog is een grote entree-eyecatcher. Dit item maakt meteen duidelijk: hier [...]","protected":false},"author":1,"featured_media":0,"parent":71016,"menu_order":0,"comment_status":"closed","ping_status":"closed","template":"","meta":{"footnotes":""},"class_list":["post-71788","page","type-page","status-publish","hentry","page_category-personeel-portaal"],"_links":{"self":[{"href":"https:\/\/royalcasinocompany.nl\/fr\/wp-json\/wp\/v2\/pages\/71788","targetHints":{"allow":["GET"]}}],"collection":[{"href":"https:\/\/royalcasinocompany.nl\/fr\/wp-json\/wp\/v2\/pages"}],"about":[{"href":"https:\/\/royalcasinocompany.nl\/fr\/wp-json\/wp\/v2\/types\/page"}],"author":[{"embeddable":true,"href":"https:\/\/royalcasinocompany.nl\/fr\/wp-json\/wp\/v2\/users\/1"}],"replies":[{"embeddable":true,"href":"https:\/\/royalcasinocompany.nl\/fr\/wp-json\/wp\/v2\/comments?post=71788"}],"version-history":[{"count":4,"href":"https:\/\/royalcasinocompany.nl\/fr\/wp-json\/wp\/v2\/pages\/71788\/revisions"}],"predecessor-version":[{"id":71898,"href":"https:\/\/royalcasinocompany.nl\/fr\/wp-json\/wp\/v2\/pages\/71788\/revisions\/71898"}],"up":[{"embeddable":true,"href":"https:\/\/royalcasinocompany.nl\/fr\/wp-json\/wp\/v2\/pages\/71016"}],"wp:attachment":[{"href":"https:\/\/royalcasinocompany.nl\/fr\/wp-json\/wp\/v2\/media?parent=71788"}],"curies":[{"name":"wp","href":"https:\/\/api.w.org\/{rel}","templated":true}]}}